{"id":28479,"date":"2020-05-16T13:58:57","date_gmt":"2020-05-16T13:58:57","guid":{"rendered":"https:\/\/theme-dev.cmsmasters.net\/dentalist\/?page_id=28479"},"modified":"2025-04-25T02:54:42","modified_gmt":"2025-04-24T23:54:42","slug":"appointment","status":"publish","type":"page","link":"https:\/\/webseldonusum.net\/tema\/butuncul-saglik\/appointment\/","title":{"rendered":"Randevu"},"content":{"rendered":"\t\t<div data-elementor-type=\"wp-page\" data-elementor-id=\"28479\" class=\"elementor elementor-28479\">\n\t\t\t\t<section class=\"elementor-element elementor-element-d31ddd8 e-flex e-con-boxed cmsmasters-block-default e-con e-parent\" data-id=\"d31ddd8\" data-element_type=\"container\" data-settings=\"{&quot;background_background&quot;:&quot;classic&quot;}\">\n\t\t\t\t\t<div class=\"e-con-inner\">\n\t\t<section class=\"elementor-element elementor-element-b38d1c2 e-con-full e-flex cmsmasters-block-default e-con e-child\" data-id=\"b38d1c2\" data-element_type=\"container\" data-settings=\"{&quot;background_background&quot;:&quot;classic&quot;}\">\n\t\t\t\t<div class=\"elementor-element elementor-element-fe60bcd cmsmasters-block-default cmsmasters-sticky-default elementor-widget elementor-widget-heading\" data-id=\"fe60bcd\" data-element_type=\"widget\" data-widget_type=\"heading.default\">\n\t\t\t\t<div class=\"elementor-widget-container\">\n\t\t\t\t\t<h2 class=\"elementor-heading-title elementor-size-default\">Randevu Planlama<\/h2>\t\t\t\t<\/div>\n\t\t\t\t<\/div>\n\t\t\t\t<div class=\"elementor-element elementor-element-bb989cc cmsmasters-block-default cmsmasters-sticky-default elementor-invisible elementor-widget elementor-widget-heading\" data-id=\"bb989cc\" data-element_type=\"widget\" data-settings=\"{&quot;_animation&quot;:&quot;fadeIn&quot;}\" data-widget_type=\"heading.default\">\n\t\t\t\t<div class=\"elementor-widget-container\">\n\t\t\t\t\t<h2 class=\"elementor-heading-title elementor-size-default\">L\u00fctfen sizin i\u00e7in uygun olan bilgileri doldurarak \u00f6n kayd\u0131n\u0131z\u0131 tamamlay\u0131n<\/h2>\t\t\t\t<\/div>\n\t\t\t\t<\/div>\n\t\t\t\t<div class=\"elementor-element elementor-element-3a66896 elementor-widget-cmsmasters-contact-form__fields-align-left elementor-widget__width-initial cmsmasters-block-default cmsmasters-sticky-default elementor-widget elementor-widget-cmsmasters-forminator\" data-id=\"3a66896\" data-element_type=\"widget\" data-settings=\"{&quot;form_list&quot;:&quot;35&quot;}\" data-widget_type=\"cmsmasters-forminator.default\">\n\t\t\t\t<div class=\"elementor-widget-container\">\n\t\t\t\t\t<div class=\"elementor-widget-cmsmasters-contact-form__wrapper elementor-widget-cmsmasters-contact-form cmsmasters-default-color cmsmasters-default-font\" id=\"cmsmasters-widget-form-3a66896\">\n\t\t\t<div class=\"elementor-widget-cmsmasters-contact-form__inner\"><div class=\"forminator-ui forminator-custom-form forminator-custom-form-35 forminator-design--default forminator-custom forminator_ajax\" data-forminator-render=\"0\" data-form=\"forminator-module-35\" data-uid=\"69ef3524d9e6c\"><br\/><\/div><form\n\t\t\t\tid=\"forminator-module-35\"\n\t\t\t\tclass=\"forminator-ui forminator-custom-form forminator-custom-form-35 forminator-design--default forminator-custom forminator_ajax\"\n\t\t\t\tmethod=\"post\"\n\t\t\t\tdata-forminator-render=\"0\"\n\t\t\t\tdata-form-id=\"35\"\n\t\t\t\t\n\t\t\t\tdata-design=\"default\"\n\t\t\t\t\n\t\t\t\t\n\t\t\t\t\n\t\t\t\tdata-grid=\"custom\"\n\t\t\t\t\n\t\t\t\t\n\t\t\t\tstyle=\"display: none;\"\n\t\t\t\t\n\t\t\t\tdata-uid=\"69ef3524d9e6c\"\n\t\t\t><div role=\"alert\" aria-live=\"polite\" class=\"forminator-response-message forminator-error\" aria-hidden=\"true\"><\/div><div class=\"forminator-row\"><div id=\"select-1\" class=\"forminator-field-select forminator-col forminator-col-6 \"><div class=\"forminator-field\"><select  id=\"forminator-form-35__field--select-1_69ef3524d9e6c\" class=\"forminator-select--field forminator-select2 forminator-select2-multiple\" data-required=\"\" name=\"select-1\" data-default-value=\"\" data-placeholder=\"Servis Se\u00e7iniz\" data-search=\"false\" data-search-placeholder=\"Servis Se\u00e7iniz\" data-checkbox=\"false\" data-allow-clear=\"false\" aria-labelledby=\"forminator-form-35__field--select-1_69ef3524d9e6c-label\"><option value=\"\"  >Servis Se\u00e7iniz<\/option><option value=\"crowns-and-bridges\"  data-calculation=\"0\">Naturopatik T\u0131p<\/option><option value=\"dental-implants\"  data-calculation=\"0\">\u0130leri Tan\u0131 Y\u00f6ntemleri<\/option><option value=\"gum-disease-treatment\"  data-calculation=\"0\">Akupunktur<\/option><option value=\"hygiene-treatments\"  data-calculation=\"0\">\u0130ntraven\u00f6z (IV) Terapi<\/option><option value=\"Brain-Boost\"  data-calculation=\"0\">Beyin G\u00fc\u00e7lendirme<\/option><option value=\"Integrative-Massage-Therapy\"  data-calculation=\"0\">B\u00fct\u00fcnc\u00fcl Masaj Terapisi<\/option><\/select><\/div><\/div><div id=\"select-2\" class=\"forminator-field-select forminator-col forminator-col-6 \"><div class=\"forminator-field\"><select  id=\"forminator-form-35__field--select-2_69ef3524d9e6c\" class=\"forminator-select--field forminator-select2 forminator-select2-multiple\" data-required=\"\" name=\"select-2\" data-default-value=\"\" data-placeholder=\"Dan\u0131\u015fman Se\u00e7iniz\" data-search=\"false\" data-search-placeholder=\"Dan\u0131\u015fman Se\u00e7iniz\" data-checkbox=\"false\" data-allow-clear=\"false\" aria-labelledby=\"forminator-form-35__field--select-2_69ef3524d9e6c-label\"><option value=\"\"  >Dan\u0131\u015fman Se\u00e7iniz<\/option><option value=\"john-pierson\"  data-calculation=\"0\">Dr. S\u00fcleyman \u015eim\u015fek<\/option><option value=\"amy-holland\"  data-calculation=\"0\">Dr. Necati Sayar<\/option><option value=\"miranda-ruiz\"  data-calculation=\"0\">Dr. Necdet Demir<\/option><option value=\"tom-adams\"  data-calculation=\"0\">Dr. Ye\u015fim Mina<\/option><option value=\"Jane-Ruiz,-MD\"  data-calculation=\"0\">Dr. S\u00fcheyla Nacar<\/option><option value=\"Mike-Adams,-MD\"  data-calculation=\"0\">Dr. Mehmet Kader<\/option><\/select><\/div><\/div><\/div><div class=\"forminator-row\"><div id=\"name-1\" class=\"forminator-field-name forminator-col forminator-col-6 \"><div class=\"forminator-field\"><input type=\"text\" name=\"name-1\" value=\"\" placeholder=\"Ad\u0131n\u0131z\" id=\"forminator-field-name-1_69ef3524d9e6c\" class=\"forminator-input forminator-name--field\" aria-required=\"true\" \/><\/div><\/div><div id=\"phone-1\" class=\"forminator-field-phone forminator-col forminator-col-6 \"><div class=\"forminator-field\"><input type=\"text\" name=\"phone-1\" value=\"\" placeholder=\"Telefonunuz\" id=\"forminator-field-phone-1_69ef3524d9e6c\" class=\"forminator-input forminator-field--phone\" data-required=\"\" aria-required=\"false\" autocomplete=\"off\" \/><\/div><\/div><\/div><div class=\"forminator-row\"><div id=\"date-1\" class=\"forminator-field-date forminator-col forminator-col-6 \"><div class=\"forminator-field\"><div class=\"forminator-input-with-icon\"><span class=\"forminator-icon-calendar\" aria-hidden=\"true\"><\/span><input autocomplete=\"off\" type=\"text\" size=\"1\" name=\"date-1\" value=\"\" placeholder=\"Tarih Se\u00e7iniz\" id=\"forminator-field-date-1-picker_69ef3524d9e6c\" class=\"forminator-input forminator-datepicker\" data-required=\"\" data-format=\"mm\/dd\/yy\" data-restrict-type=\"\" data-restrict=\"\" data-start-year=\"1926\" data-end-year=\"2126\" data-past-dates=\"enable\" data-start-of-week=\"1\" data-start-date=\"\" data-end-date=\"\" data-start-field=\"\" data-end-field=\"\" data-start-offset=\"\" data-end-offset=\"\" data-disable-date=\"\" data-disable-range=\"\" \/><\/div><\/div><\/div><div id=\"time-1\" class=\"forminator-field-time forminator-col forminator-col-6 \"><div class=\"forminator-timepicker\" ><div class=\"forminator-row\" data-multiple=\"true\"><div id=\"time-1-hours\" class=\"forminator-col forminator-col-6\"><div class=\"forminator-field\"><input type=\"number\" name=\"time-1-hours\" min=\"0\" max=\"23\" placeholder=\"Hours\" id=\"forminator-field-time-1-hours_69ef3524d9e6c\" class=\"forminator-input time-hours \" data-field=\"hours\" value=\"\" \/><\/div><\/div><div id=\"time-1-minutes\" class=\"forminator-col forminator-col-6\"><div class=\"forminator-field\"><input type=\"number\" min=\"0\" max=\"59\" name=\"time-1-minutes\" placeholder=\"Minutes\" id=\"forminator-field-time-1-minutes_69ef3524d9e6c\" class=\"forminator-input time-minutes \" data-field=\"minutes\" value=\"\" \/><\/div><\/div><\/div><\/div><\/div><\/div><input type=\"hidden\" name=\"referer_url\" value=\"\" \/><div class=\"forminator-row forminator-row-last\"><div class=\"forminator-col\"><div class=\"forminator-field\"><button class=\"forminator-button forminator-button-submit\">Randevu Olu\u015ftur<\/button><\/div><\/div><\/div><input type=\"hidden\" id=\"forminator_nonce\" name=\"forminator_nonce\" value=\"75b7dfed04\" \/><input type=\"hidden\" name=\"_wp_http_referer\" value=\"\/tema\/butuncul-saglik\/wp-json\/wp\/v2\/pages\/28479\" \/><input type=\"hidden\" name=\"form_id\" value=\"35\"><input type=\"hidden\" name=\"page_id\" value=\"28479\"><input type=\"hidden\" name=\"form_type\" value=\"default\"><input type=\"hidden\" name=\"current_url\" value=\"https:\/\/webseldonusum.net\/tema\/butuncul-saglik\/appointment\/\"><input type=\"hidden\" name=\"render_id\" value=\"0\"><input type=\"hidden\" name=\"action\" value=\"forminator_submit_form_custom-forms\"><\/form><\/div>\n\t\t<\/div>\t\t\t\t<\/div>\n\t\t\t\t<\/div>\n\t\t\t\t<\/section>\n\t\t<div class=\"elementor-element elementor-element-7040575 e-con-full e-flex cmsmasters-bg-hide-none cmsmasters-bg-hide-none cmsmasters-block-default e-con e-child\" data-id=\"7040575\" data-element_type=\"container\" data-settings=\"{&quot;background_background&quot;:&quot;classic&quot;}\">\n\t\t\t\t<\/div>\n\t\t\t\t\t<\/div>\n\t\t\t\t<\/section>\n\t\t\t\t<\/div>\n\t\t","protected":false},"excerpt":{"rendered":"<p>Randevu Planlama L\u00fctfen sizin i\u00e7in uygun olan bilgileri doldurarak \u00f6n kayd\u0131n\u0131z\u0131 tamamlay\u0131n<\/p>\n","protected":false},"author":1,"featured_media":0,"parent":0,"menu_order":0,"comment_status":"closed","ping_status":"closed","template":"","meta":{"_acf_changed":false,"footnotes":""},"class_list":["post-28479","page","type-page","status-publish","hentry"],"acf":[],"yoast_head":"<!-- This site is optimized with the Yoast SEO plugin v24.9 - https:\/\/yoast.com\/wordpress\/plugins\/seo\/ -->\n<title>Randevu - B\u00fct\u00fcnc\u00fcl Sa\u011fl\u0131k Web Sitesi Demo<\/title>\n<meta name=\"robots\" content=\"index, follow, max-snippet:-1, max-image-preview:large, max-video-preview:-1\" \/>\n<link rel=\"canonical\" href=\"https:\/\/webseldonusum.net\/tema\/butuncul-saglik\/appointment\/\" \/>\n<meta property=\"og:locale\" content=\"tr_TR\" \/>\n<meta property=\"og:type\" content=\"article\" \/>\n<meta property=\"og:title\" content=\"Randevu - B\u00fct\u00fcnc\u00fcl Sa\u011fl\u0131k Web Sitesi Demo\" \/>\n<meta property=\"og:description\" content=\"Randevu Planlama L\u00fctfen sizin i\u00e7in uygun olan bilgileri doldurarak \u00f6n kayd\u0131n\u0131z\u0131 tamamlay\u0131n\" \/>\n<meta property=\"og:url\" content=\"https:\/\/webseldonusum.net\/tema\/butuncul-saglik\/appointment\/\" \/>\n<meta property=\"og:site_name\" content=\"B\u00fct\u00fcnc\u00fcl Sa\u011fl\u0131k Web Sitesi Demo\" \/>\n<meta property=\"article:modified_time\" content=\"2025-04-24T23:54:42+00:00\" \/>\n<meta name=\"twitter:card\" content=\"summary_large_image\" \/>\n<script type=\"application\/ld+json\" class=\"yoast-schema-graph\">{\"@context\":\"https:\/\/schema.org\",\"@graph\":[{\"@type\":\"WebPage\",\"@id\":\"https:\/\/webseldonusum.net\/tema\/butuncul-saglik\/appointment\/\",\"url\":\"https:\/\/webseldonusum.net\/tema\/butuncul-saglik\/appointment\/\",\"name\":\"Randevu - B\u00fct\u00fcnc\u00fcl Sa\u011fl\u0131k Web Sitesi Demo\",\"isPartOf\":{\"@id\":\"https:\/\/webseldonusum.net\/tema\/butuncul-saglik\/#website\"},\"datePublished\":\"2020-05-16T13:58:57+00:00\",\"dateModified\":\"2025-04-24T23:54:42+00:00\",\"breadcrumb\":{\"@id\":\"https:\/\/webseldonusum.net\/tema\/butuncul-saglik\/appointment\/#breadcrumb\"},\"inLanguage\":\"tr\",\"potentialAction\":[{\"@type\":\"ReadAction\",\"target\":[\"https:\/\/webseldonusum.net\/tema\/butuncul-saglik\/appointment\/\"]}]},{\"@type\":\"BreadcrumbList\",\"@id\":\"https:\/\/webseldonusum.net\/tema\/butuncul-saglik\/appointment\/#breadcrumb\",\"itemListElement\":[{\"@type\":\"ListItem\",\"position\":1,\"name\":\"Anasayfa\",\"item\":\"https:\/\/webseldonusum.net\/tema\/butuncul-saglik\/\"},{\"@type\":\"ListItem\",\"position\":2,\"name\":\"Randevu\"}]},{\"@type\":\"WebSite\",\"@id\":\"https:\/\/webseldonusum.net\/tema\/butuncul-saglik\/#website\",\"url\":\"https:\/\/webseldonusum.net\/tema\/butuncul-saglik\/\",\"name\":\"B\u00fct\u00fcnc\u00fcl Sa\u011fl\u0131k Web Sitesi Demo\",\"description\":\"Websel D\u00f6n\u00fc\u015f\u00fcm Web Hizmetleri\",\"potentialAction\":[{\"@type\":\"SearchAction\",\"target\":{\"@type\":\"EntryPoint\",\"urlTemplate\":\"https:\/\/webseldonusum.net\/tema\/butuncul-saglik\/?s={search_term_string}\"},\"query-input\":{\"@type\":\"PropertyValueSpecification\",\"valueRequired\":true,\"valueName\":\"search_term_string\"}}],\"inLanguage\":\"tr\"}]}<\/script>\n<!-- \/ Yoast SEO plugin. -->","yoast_head_json":{"title":"Randevu - B\u00fct\u00fcnc\u00fcl Sa\u011fl\u0131k Web Sitesi Demo","robots":{"index":"index","follow":"follow","max-snippet":"max-snippet:-1","max-image-preview":"max-image-preview:large","max-video-preview":"max-video-preview:-1"},"canonical":"https:\/\/webseldonusum.net\/tema\/butuncul-saglik\/appointment\/","og_locale":"tr_TR","og_type":"article","og_title":"Randevu - B\u00fct\u00fcnc\u00fcl Sa\u011fl\u0131k Web Sitesi Demo","og_description":"Randevu Planlama L\u00fctfen sizin i\u00e7in uygun olan bilgileri doldurarak \u00f6n kayd\u0131n\u0131z\u0131 tamamlay\u0131n","og_url":"https:\/\/webseldonusum.net\/tema\/butuncul-saglik\/appointment\/","og_site_name":"B\u00fct\u00fcnc\u00fcl Sa\u011fl\u0131k Web Sitesi Demo","article_modified_time":"2025-04-24T23:54:42+00:00","twitter_card":"summary_large_image","schema":{"@context":"https:\/\/schema.org","@graph":[{"@type":"WebPage","@id":"https:\/\/webseldonusum.net\/tema\/butuncul-saglik\/appointment\/","url":"https:\/\/webseldonusum.net\/tema\/butuncul-saglik\/appointment\/","name":"Randevu - B\u00fct\u00fcnc\u00fcl Sa\u011fl\u0131k Web Sitesi Demo","isPartOf":{"@id":"https:\/\/webseldonusum.net\/tema\/butuncul-saglik\/#website"},"datePublished":"2020-05-16T13:58:57+00:00","dateModified":"2025-04-24T23:54:42+00:00","breadcrumb":{"@id":"https:\/\/webseldonusum.net\/tema\/butuncul-saglik\/appointment\/#breadcrumb"},"inLanguage":"tr","potentialAction":[{"@type":"ReadAction","target":["https:\/\/webseldonusum.net\/tema\/butuncul-saglik\/appointment\/"]}]},{"@type":"BreadcrumbList","@id":"https:\/\/webseldonusum.net\/tema\/butuncul-saglik\/appointment\/#breadcrumb","itemListElement":[{"@type":"ListItem","position":1,"name":"Anasayfa","item":"https:\/\/webseldonusum.net\/tema\/butuncul-saglik\/"},{"@type":"ListItem","position":2,"name":"Randevu"}]},{"@type":"WebSite","@id":"https:\/\/webseldonusum.net\/tema\/butuncul-saglik\/#website","url":"https:\/\/webseldonusum.net\/tema\/butuncul-saglik\/","name":"B\u00fct\u00fcnc\u00fcl Sa\u011fl\u0131k Web Sitesi Demo","description":"Websel D\u00f6n\u00fc\u015f\u00fcm Web Hizmetleri","potentialAction":[{"@type":"SearchAction","target":{"@type":"EntryPoint","urlTemplate":"https:\/\/webseldonusum.net\/tema\/butuncul-saglik\/?s={search_term_string}"},"query-input":{"@type":"PropertyValueSpecification","valueRequired":true,"valueName":"search_term_string"}}],"inLanguage":"tr"}]}},"_links":{"self":[{"href":"https:\/\/webseldonusum.net\/tema\/butuncul-saglik\/wp-json\/wp\/v2\/pages\/28479","targetHints":{"allow":["GET"]}}],"collection":[{"href":"https:\/\/webseldonusum.net\/tema\/butuncul-saglik\/wp-json\/wp\/v2\/pages"}],"about":[{"href":"https:\/\/webseldonusum.net\/tema\/butuncul-saglik\/wp-json\/wp\/v2\/types\/page"}],"author":[{"embeddable":true,"href":"https:\/\/webseldonusum.net\/tema\/butuncul-saglik\/wp-json\/wp\/v2\/users\/1"}],"replies":[{"embeddable":true,"href":"https:\/\/webseldonusum.net\/tema\/butuncul-saglik\/wp-json\/wp\/v2\/comments?post=28479"}],"version-history":[{"count":4,"href":"https:\/\/webseldonusum.net\/tema\/butuncul-saglik\/wp-json\/wp\/v2\/pages\/28479\/revisions"}],"predecessor-version":[{"id":44876,"href":"https:\/\/webseldonusum.net\/tema\/butuncul-saglik\/wp-json\/wp\/v2\/pages\/28479\/revisions\/44876"}],"wp:attachment":[{"href":"https:\/\/webseldonusum.net\/tema\/butuncul-saglik\/wp-json\/wp\/v2\/media?parent=28479"}],"curies":[{"name":"wp","href":"https:\/\/api.w.org\/{rel}","templated":true}]}}