{"id":42703,"date":"2025-01-28T14:33:12","date_gmt":"2025-01-28T14:33:12","guid":{"rendered":"https:\/\/theme-dev.cmsmasters.net\/biovital\/?page_id=42703"},"modified":"2025-04-25T00:19:06","modified_gmt":"2025-04-24T21:19:06","slug":"cart","status":"publish","type":"page","link":"https:\/\/webseldonusum.net\/tema\/butuncul-saglik\/cart\/","title":{"rendered":"Cart"},"content":{"rendered":"\t\t<div data-elementor-type=\"wp-page\" data-elementor-id=\"42703\" class=\"elementor elementor-42703\">\n\t\t\t\t<div class=\"elementor-element elementor-element-96888d9 e-flex e-con-boxed cmsmasters-block-default e-con e-parent\" data-id=\"96888d9\" data-element_type=\"container\" data-settings=\"{&quot;background_background&quot;:&quot;gradient&quot;}\">\n\t\t\t\t\t<div class=\"e-con-inner\">\n\t\t\t\t<div class=\"elementor-element elementor-element-a600bfb cmsmasters-breadcrumbs-alignment-center cmsmasters-breadcrumbs-alignment-mobile-center cmsmasters-breadcrumbs-alignment-tablet-center cmsmasters-breadcrumbs-type-cmsmasters cmsmasters-separator-type-text cmsmasters-block-default cmsmasters-sticky-default elementor-widget elementor-widget-cmsmasters-breadcrumbs cmsmasters-widget-breadcrumbs\" data-id=\"a600bfb\" data-element_type=\"widget\" data-widget_type=\"cmsmasters-breadcrumbs.default\">\n\t\t\t\t<div class=\"elementor-widget-container\">\n\t\t\t\t\t<div class=\"cmsmasters-widget-breadcrumbs__container\"><div class=\"cmsmasters-widget-breadcrumbs__content\"><a href=\"https:\/\/webseldonusum.net\/tema\/butuncul-saglik\/\" class=\"cmsmasters-home\">Ana Sayfa<\/a><span class=\"cmsmasters-widget-breadcrumbs__sep\"><span>\/<\/span><\/span><span>Ekmek k\u0131r\u0131nt\u0131s\u0131 yok<\/span><\/div><\/div>\t\t\t\t<\/div>\n\t\t\t\t<\/div>\n\t\t\t\t<div class=\"elementor-element elementor-element-f8c0af9 cmsmasters-line-clamp-no cmsmasters-color-variation-default cmsmasters-pointer-none cmsmasters-block-default cmsmasters-sticky-default elementor-widget elementor-widget-cmsmasters-page-title cmsmasters-widget-title\" data-id=\"f8c0af9\" data-element_type=\"widget\" data-widget_type=\"cmsmasters-page-title.default\">\n\t\t\t\t<div class=\"elementor-widget-container\">\n\t\t\t\t\t<h1 class=\"entry-title cmsmasters-widget-title__heading \">Ar\u015fivler<\/h1>\t\t\t\t<\/div>\n\t\t\t\t<\/div>\n\t\t\t\t\t<\/div>\n\t\t\t\t<\/div>\n\t\t<div class=\"elementor-element elementor-element-0cf1625 e-flex e-con-boxed cmsmasters-block-default e-con e-parent\" data-id=\"0cf1625\" data-element_type=\"container\">\n\t\t\t\t\t<div class=\"e-con-inner\">\n\t\t\t\t\t<\/div>\n\t\t\t\t<\/div>\n\t\t\t\t<\/div>\n\t\t","protected":false},"excerpt":{"rendered":"<p>Home\/No breadcrumbs Your cart is currently empty. Return to shop<\/p>\n","protected":false},"author":1,"featured_media":0,"parent":0,"menu_order":0,"comment_status":"closed","ping_status":"closed","template":"","meta":{"_acf_changed":false,"footnotes":""},"class_list":["post-42703","page","type-page","status-publish","hentry"],"acf":[],"yoast_head":"<!-- This site is optimized with the Yoast SEO plugin v24.9 - https:\/\/yoast.com\/wordpress\/plugins\/seo\/ -->\n<title>Cart - B\u00fct\u00fcnc\u00fcl Sa\u011fl\u0131k Web Sitesi Demo<\/title>\n<meta name=\"robots\" content=\"index, follow, max-snippet:-1, max-image-preview:large, max-video-preview:-1\" \/>\n<link rel=\"canonical\" href=\"https:\/\/webseldonusum.net\/tema\/butuncul-saglik\/cart\/\" \/>\n<meta property=\"og:locale\" content=\"tr_TR\" \/>\n<meta property=\"og:type\" content=\"article\" \/>\n<meta property=\"og:title\" content=\"Cart - B\u00fct\u00fcnc\u00fcl Sa\u011fl\u0131k Web Sitesi Demo\" \/>\n<meta property=\"og:description\" content=\"Home\/No breadcrumbs Your cart is currently empty. Return to shop\" \/>\n<meta property=\"og:url\" content=\"https:\/\/webseldonusum.net\/tema\/butuncul-saglik\/cart\/\" \/>\n<meta property=\"og:site_name\" content=\"B\u00fct\u00fcnc\u00fcl Sa\u011fl\u0131k Web Sitesi Demo\" \/>\n<meta property=\"article:modified_time\" content=\"2025-04-24T21:19:06+00:00\" \/>\n<meta name=\"twitter:card\" content=\"summary_large_image\" \/>\n<script type=\"application\/ld+json\" class=\"yoast-schema-graph\">{\"@context\":\"https:\/\/schema.org\",\"@graph\":[{\"@type\":\"WebPage\",\"@id\":\"https:\/\/webseldonusum.net\/tema\/butuncul-saglik\/cart\/\",\"url\":\"https:\/\/webseldonusum.net\/tema\/butuncul-saglik\/cart\/\",\"name\":\"Cart - B\u00fct\u00fcnc\u00fcl Sa\u011fl\u0131k Web Sitesi Demo\",\"isPartOf\":{\"@id\":\"https:\/\/webseldonusum.net\/tema\/butuncul-saglik\/#website\"},\"datePublished\":\"2025-01-28T14:33:12+00:00\",\"dateModified\":\"2025-04-24T21:19:06+00:00\",\"breadcrumb\":{\"@id\":\"https:\/\/webseldonusum.net\/tema\/butuncul-saglik\/cart\/#breadcrumb\"},\"inLanguage\":\"tr\",\"potentialAction\":[{\"@type\":\"ReadAction\",\"target\":[\"https:\/\/webseldonusum.net\/tema\/butuncul-saglik\/cart\/\"]}]},{\"@type\":\"BreadcrumbList\",\"@id\":\"https:\/\/webseldonusum.net\/tema\/butuncul-saglik\/cart\/#breadcrumb\",\"itemListElement\":[{\"@type\":\"ListItem\",\"position\":1,\"name\":\"Anasayfa\",\"item\":\"https:\/\/webseldonusum.net\/tema\/butuncul-saglik\/\"},{\"@type\":\"ListItem\",\"position\":2,\"name\":\"Cart\"}]},{\"@type\":\"WebSite\",\"@id\":\"https:\/\/webseldonusum.net\/tema\/butuncul-saglik\/#website\",\"url\":\"https:\/\/webseldonusum.net\/tema\/butuncul-saglik\/\",\"name\":\"B\u00fct\u00fcnc\u00fcl Sa\u011fl\u0131k Web Sitesi Demo\",\"description\":\"Websel D\u00f6n\u00fc\u015f\u00fcm Web Hizmetleri\",\"potentialAction\":[{\"@type\":\"SearchAction\",\"target\":{\"@type\":\"EntryPoint\",\"urlTemplate\":\"https:\/\/webseldonusum.net\/tema\/butuncul-saglik\/?s={search_term_string}\"},\"query-input\":{\"@type\":\"PropertyValueSpecification\",\"valueRequired\":true,\"valueName\":\"search_term_string\"}}],\"inLanguage\":\"tr\"}]}<\/script>\n<!-- \/ Yoast SEO plugin. -->","yoast_head_json":{"title":"Cart - B\u00fct\u00fcnc\u00fcl Sa\u011fl\u0131k Web Sitesi Demo","robots":{"index":"index","follow":"follow","max-snippet":"max-snippet:-1","max-image-preview":"max-image-preview:large","max-video-preview":"max-video-preview:-1"},"canonical":"https:\/\/webseldonusum.net\/tema\/butuncul-saglik\/cart\/","og_locale":"tr_TR","og_type":"article","og_title":"Cart - B\u00fct\u00fcnc\u00fcl Sa\u011fl\u0131k Web Sitesi Demo","og_description":"Home\/No breadcrumbs Your cart is currently empty. Return to shop","og_url":"https:\/\/webseldonusum.net\/tema\/butuncul-saglik\/cart\/","og_site_name":"B\u00fct\u00fcnc\u00fcl Sa\u011fl\u0131k Web Sitesi Demo","article_modified_time":"2025-04-24T21:19:06+00:00","twitter_card":"summary_large_image","schema":{"@context":"https:\/\/schema.org","@graph":[{"@type":"WebPage","@id":"https:\/\/webseldonusum.net\/tema\/butuncul-saglik\/cart\/","url":"https:\/\/webseldonusum.net\/tema\/butuncul-saglik\/cart\/","name":"Cart - B\u00fct\u00fcnc\u00fcl Sa\u011fl\u0131k Web Sitesi Demo","isPartOf":{"@id":"https:\/\/webseldonusum.net\/tema\/butuncul-saglik\/#website"},"datePublished":"2025-01-28T14:33:12+00:00","dateModified":"2025-04-24T21:19:06+00:00","breadcrumb":{"@id":"https:\/\/webseldonusum.net\/tema\/butuncul-saglik\/cart\/#breadcrumb"},"inLanguage":"tr","potentialAction":[{"@type":"ReadAction","target":["https:\/\/webseldonusum.net\/tema\/butuncul-saglik\/cart\/"]}]},{"@type":"BreadcrumbList","@id":"https:\/\/webseldonusum.net\/tema\/butuncul-saglik\/cart\/#breadcrumb","itemListElement":[{"@type":"ListItem","position":1,"name":"Anasayfa","item":"https:\/\/webseldonusum.net\/tema\/butuncul-saglik\/"},{"@type":"ListItem","position":2,"name":"Cart"}]},{"@type":"WebSite","@id":"https:\/\/webseldonusum.net\/tema\/butuncul-saglik\/#website","url":"https:\/\/webseldonusum.net\/tema\/butuncul-saglik\/","name":"B\u00fct\u00fcnc\u00fcl Sa\u011fl\u0131k Web Sitesi Demo","description":"Websel D\u00f6n\u00fc\u015f\u00fcm Web Hizmetleri","potentialAction":[{"@type":"SearchAction","target":{"@type":"EntryPoint","urlTemplate":"https:\/\/webseldonusum.net\/tema\/butuncul-saglik\/?s={search_term_string}"},"query-input":{"@type":"PropertyValueSpecification","valueRequired":true,"valueName":"search_term_string"}}],"inLanguage":"tr"}]}},"_links":{"self":[{"href":"https:\/\/webseldonusum.net\/tema\/butuncul-saglik\/wp-json\/wp\/v2\/pages\/42703","targetHints":{"allow":["GET"]}}],"collection":[{"href":"https:\/\/webseldonusum.net\/tema\/butuncul-saglik\/wp-json\/wp\/v2\/pages"}],"about":[{"href":"https:\/\/webseldonusum.net\/tema\/butuncul-saglik\/wp-json\/wp\/v2\/types\/page"}],"author":[{"embeddable":true,"href":"https:\/\/webseldonusum.net\/tema\/butuncul-saglik\/wp-json\/wp\/v2\/users\/1"}],"replies":[{"embeddable":true,"href":"https:\/\/webseldonusum.net\/tema\/butuncul-saglik\/wp-json\/wp\/v2\/comments?post=42703"}],"version-history":[{"count":1,"href":"https:\/\/webseldonusum.net\/tema\/butuncul-saglik\/wp-json\/wp\/v2\/pages\/42703\/revisions"}],"predecessor-version":[{"id":44760,"href":"https:\/\/webseldonusum.net\/tema\/butuncul-saglik\/wp-json\/wp\/v2\/pages\/42703\/revisions\/44760"}],"wp:attachment":[{"href":"https:\/\/webseldonusum.net\/tema\/butuncul-saglik\/wp-json\/wp\/v2\/media?parent=42703"}],"curies":[{"name":"wp","href":"https:\/\/api.w.org\/{rel}","templated":true}]}}