{"id":8463,"date":"2021-12-21T07:37:01","date_gmt":"2021-12-21T07:37:01","guid":{"rendered":"https:\/\/theme-dev.cmsmasters.net\/doctor-22\/?post_type=product&#038;p=8463"},"modified":"2025-04-25T01:31:00","modified_gmt":"2025-04-24T22:31:00","slug":"digestwell","status":"publish","type":"product","link":"https:\/\/webseldonusum.net\/tema\/butuncul-saglik\/product\/digestwell\/","title":{"rendered":"Sindirim Deste\u011fi"},"content":{"rendered":"<p>Sindirim Deste\u011fi, sindirim sistemi sa\u011fl\u0131\u011f\u0131n\u0131z\u0131 desteklemek ve sindirim konforunuzu art\u0131rmak amac\u0131yla geli\u015ftirilmi\u015f bir takviye edici g\u0131dad\u0131r. Sindirim enzimlerinin normal fonksiyonuna katk\u0131da bulunan ve besinlerin daha etkin bir \u015fekilde par\u00e7alanmas\u0131na yard\u0131mc\u0131 olan bile\u015fenler i\u00e7erir. \u015ei\u015fkinlik, gaz ve haz\u0131ms\u0131zl\u0131k gibi yayg\u0131n sindirim rahats\u0131zl\u0131klar\u0131n\u0131n azalt\u0131lmas\u0131na yard\u0131mc\u0131 olabilir. Ayn\u0131 zamanda sa\u011fl\u0131kl\u0131 bir ba\u011f\u0131rsak floras\u0131n\u0131n korunmas\u0131n\u0131 destekleyerek genel sindirim sa\u011fl\u0131\u011f\u0131n\u0131 iyile\u015ftirir. Yemeklerden sonra daha rahat hissetmenize yard\u0131mc\u0131 olur.<\/p>\n","protected":false},"excerpt":{"rendered":"<p>Sa\u011fl\u0131kl\u0131 bir sindirim sistemini desteklemek, sindirimi kolayla\u015ft\u0131rmak ve genel ba\u011f\u0131rsak sa\u011fl\u0131\u011f\u0131n\u0131 iyile\u015ftirmek i\u00e7in form\u00fcle edilmi\u015ftir.<\/p>\n","protected":false},"featured_media":44696,"comment_status":"open","ping_status":"closed","template":"","meta":{"_acf_changed":false},"product_brand":[],"product_cat":[59],"product_tag":[52,57],"class_list":{"0":"post-8463","1":"product","2":"type-product","3":"status-publish","4":"has-post-thumbnail","6":"product_cat-supplements","7":"product_tag-health","8":"product_tag-nutrition","10":"first","11":"instock","12":"sale","13":"shipping-taxable","14":"purchasable","15":"product-type-simple"},"acf":[],"yoast_head":"<!-- This site is optimized with the Yoast SEO plugin v24.9 - https:\/\/yoast.com\/wordpress\/plugins\/seo\/ -->\n<title>Sindirim Deste\u011fi - B\u00fct\u00fcnc\u00fcl Sa\u011fl\u0131k Web Sitesi Demo<\/title>\n<meta name=\"robots\" content=\"index, follow, max-snippet:-1, max-image-preview:large, max-video-preview:-1\" \/>\n<link rel=\"canonical\" href=\"https:\/\/webseldonusum.net\/tema\/butuncul-saglik\/product\/digestwell\/\" \/>\n<meta property=\"og:locale\" content=\"tr_TR\" \/>\n<meta property=\"og:type\" content=\"article\" \/>\n<meta property=\"og:title\" content=\"Sindirim Deste\u011fi - B\u00fct\u00fcnc\u00fcl Sa\u011fl\u0131k Web Sitesi Demo\" \/>\n<meta property=\"og:description\" content=\"Sa\u011fl\u0131kl\u0131 bir sindirim sistemini desteklemek, sindirimi kolayla\u015ft\u0131rmak ve genel ba\u011f\u0131rsak sa\u011fl\u0131\u011f\u0131n\u0131 iyile\u015ftirmek i\u00e7in form\u00fcle edilmi\u015ftir.\" \/>\n<meta property=\"og:url\" content=\"https:\/\/webseldonusum.net\/tema\/butuncul-saglik\/product\/digestwell\/\" \/>\n<meta property=\"og:site_name\" content=\"B\u00fct\u00fcnc\u00fcl Sa\u011fl\u0131k Web Sitesi Demo\" \/>\n<meta property=\"article:modified_time\" content=\"2025-04-24T22:31:00+00:00\" \/>\n<meta property=\"og:image\" content=\"https:\/\/webseldonusum.net\/tema\/butuncul-saglik\/wp-content\/uploads\/2021\/12\/56-shop-1.webp\" \/>\n\t<meta property=\"og:image:width\" content=\"1180\" \/>\n\t<meta property=\"og:image:height\" content=\"1180\" \/>\n\t<meta property=\"og:image:type\" content=\"image\/webp\" \/>\n<meta name=\"twitter:card\" content=\"summary_large_image\" \/>\n<meta name=\"twitter:label1\" content=\"Tahmini okuma s\u00fcresi\" \/>\n\t<meta name=\"twitter:data1\" content=\"1 dakika\" \/>\n<script type=\"application\/ld+json\" class=\"yoast-schema-graph\">{\"@context\":\"https:\/\/schema.org\",\"@graph\":[{\"@type\":\"WebPage\",\"@id\":\"https:\/\/webseldonusum.net\/tema\/butuncul-saglik\/product\/digestwell\/\",\"url\":\"https:\/\/webseldonusum.net\/tema\/butuncul-saglik\/product\/digestwell\/\",\"name\":\"Sindirim Deste\u011fi - B\u00fct\u00fcnc\u00fcl Sa\u011fl\u0131k Web Sitesi Demo\",\"isPartOf\":{\"@id\":\"https:\/\/webseldonusum.net\/tema\/butuncul-saglik\/#website\"},\"primaryImageOfPage\":{\"@id\":\"https:\/\/webseldonusum.net\/tema\/butuncul-saglik\/product\/digestwell\/#primaryimage\"},\"image\":{\"@id\":\"https:\/\/webseldonusum.net\/tema\/butuncul-saglik\/product\/digestwell\/#primaryimage\"},\"thumbnailUrl\":\"https:\/\/webseldonusum.net\/tema\/butuncul-saglik\/wp-content\/uploads\/2021\/12\/56-shop-1.webp\",\"datePublished\":\"2021-12-21T07:37:01+00:00\",\"dateModified\":\"2025-04-24T22:31:00+00:00\",\"breadcrumb\":{\"@id\":\"https:\/\/webseldonusum.net\/tema\/butuncul-saglik\/product\/digestwell\/#breadcrumb\"},\"inLanguage\":\"tr\",\"potentialAction\":[{\"@type\":\"ReadAction\",\"target\":[\"https:\/\/webseldonusum.net\/tema\/butuncul-saglik\/product\/digestwell\/\"]}]},{\"@type\":\"ImageObject\",\"inLanguage\":\"tr\",\"@id\":\"https:\/\/webseldonusum.net\/tema\/butuncul-saglik\/product\/digestwell\/#primaryimage\",\"url\":\"https:\/\/webseldonusum.net\/tema\/butuncul-saglik\/wp-content\/uploads\/2021\/12\/56-shop-1.webp\",\"contentUrl\":\"https:\/\/webseldonusum.net\/tema\/butuncul-saglik\/wp-content\/uploads\/2021\/12\/56-shop-1.webp\",\"width\":1180,\"height\":1180},{\"@type\":\"BreadcrumbList\",\"@id\":\"https:\/\/webseldonusum.net\/tema\/butuncul-saglik\/product\/digestwell\/#breadcrumb\",\"itemListElement\":[{\"@type\":\"ListItem\",\"position\":1,\"name\":\"Anasayfa\",\"item\":\"https:\/\/webseldonusum.net\/tema\/butuncul-saglik\/\"},{\"@type\":\"ListItem\",\"position\":2,\"name\":\"Ma\u011faza\",\"item\":\"https:\/\/webseldonusum.net\/tema\/butuncul-saglik\/shop\/\"},{\"@type\":\"ListItem\",\"position\":3,\"name\":\"Sindirim Deste\u011fi\"}]},{\"@type\":\"WebSite\",\"@id\":\"https:\/\/webseldonusum.net\/tema\/butuncul-saglik\/#website\",\"url\":\"https:\/\/webseldonusum.net\/tema\/butuncul-saglik\/\",\"name\":\"B\u00fct\u00fcnc\u00fcl Sa\u011fl\u0131k Web Sitesi Demo\",\"description\":\"Websel D\u00f6n\u00fc\u015f\u00fcm Web Hizmetleri\",\"potentialAction\":[{\"@type\":\"SearchAction\",\"target\":{\"@type\":\"EntryPoint\",\"urlTemplate\":\"https:\/\/webseldonusum.net\/tema\/butuncul-saglik\/?s={search_term_string}\"},\"query-input\":{\"@type\":\"PropertyValueSpecification\",\"valueRequired\":true,\"valueName\":\"search_term_string\"}}],\"inLanguage\":\"tr\"}]}<\/script>\n<!-- \/ Yoast SEO plugin. -->","yoast_head_json":{"title":"Sindirim Deste\u011fi - B\u00fct\u00fcnc\u00fcl Sa\u011fl\u0131k Web Sitesi Demo","robots":{"index":"index","follow":"follow","max-snippet":"max-snippet:-1","max-image-preview":"max-image-preview:large","max-video-preview":"max-video-preview:-1"},"canonical":"https:\/\/webseldonusum.net\/tema\/butuncul-saglik\/product\/digestwell\/","og_locale":"tr_TR","og_type":"article","og_title":"Sindirim Deste\u011fi - B\u00fct\u00fcnc\u00fcl Sa\u011fl\u0131k Web Sitesi Demo","og_description":"Sa\u011fl\u0131kl\u0131 bir sindirim sistemini desteklemek, sindirimi kolayla\u015ft\u0131rmak ve genel ba\u011f\u0131rsak sa\u011fl\u0131\u011f\u0131n\u0131 iyile\u015ftirmek i\u00e7in form\u00fcle edilmi\u015ftir.","og_url":"https:\/\/webseldonusum.net\/tema\/butuncul-saglik\/product\/digestwell\/","og_site_name":"B\u00fct\u00fcnc\u00fcl Sa\u011fl\u0131k Web Sitesi Demo","article_modified_time":"2025-04-24T22:31:00+00:00","og_image":[{"width":1180,"height":1180,"url":"https:\/\/webseldonusum.net\/tema\/butuncul-saglik\/wp-content\/uploads\/2021\/12\/56-shop-1.webp","type":"image\/webp"}],"twitter_card":"summary_large_image","twitter_misc":{"Tahmini okuma s\u00fcresi":"1 dakika"},"schema":{"@context":"https:\/\/schema.org","@graph":[{"@type":"WebPage","@id":"https:\/\/webseldonusum.net\/tema\/butuncul-saglik\/product\/digestwell\/","url":"https:\/\/webseldonusum.net\/tema\/butuncul-saglik\/product\/digestwell\/","name":"Sindirim Deste\u011fi - B\u00fct\u00fcnc\u00fcl Sa\u011fl\u0131k Web Sitesi Demo","isPartOf":{"@id":"https:\/\/webseldonusum.net\/tema\/butuncul-saglik\/#website"},"primaryImageOfPage":{"@id":"https:\/\/webseldonusum.net\/tema\/butuncul-saglik\/product\/digestwell\/#primaryimage"},"image":{"@id":"https:\/\/webseldonusum.net\/tema\/butuncul-saglik\/product\/digestwell\/#primaryimage"},"thumbnailUrl":"https:\/\/webseldonusum.net\/tema\/butuncul-saglik\/wp-content\/uploads\/2021\/12\/56-shop-1.webp","datePublished":"2021-12-21T07:37:01+00:00","dateModified":"2025-04-24T22:31:00+00:00","breadcrumb":{"@id":"https:\/\/webseldonusum.net\/tema\/butuncul-saglik\/product\/digestwell\/#breadcrumb"},"inLanguage":"tr","potentialAction":[{"@type":"ReadAction","target":["https:\/\/webseldonusum.net\/tema\/butuncul-saglik\/product\/digestwell\/"]}]},{"@type":"ImageObject","inLanguage":"tr","@id":"https:\/\/webseldonusum.net\/tema\/butuncul-saglik\/product\/digestwell\/#primaryimage","url":"https:\/\/webseldonusum.net\/tema\/butuncul-saglik\/wp-content\/uploads\/2021\/12\/56-shop-1.webp","contentUrl":"https:\/\/webseldonusum.net\/tema\/butuncul-saglik\/wp-content\/uploads\/2021\/12\/56-shop-1.webp","width":1180,"height":1180},{"@type":"BreadcrumbList","@id":"https:\/\/webseldonusum.net\/tema\/butuncul-saglik\/product\/digestwell\/#breadcrumb","itemListElement":[{"@type":"ListItem","position":1,"name":"Anasayfa","item":"https:\/\/webseldonusum.net\/tema\/butuncul-saglik\/"},{"@type":"ListItem","position":2,"name":"Ma\u011faza","item":"https:\/\/webseldonusum.net\/tema\/butuncul-saglik\/shop\/"},{"@type":"ListItem","position":3,"name":"Sindirim Deste\u011fi"}]},{"@type":"WebSite","@id":"https:\/\/webseldonusum.net\/tema\/butuncul-saglik\/#website","url":"https:\/\/webseldonusum.net\/tema\/butuncul-saglik\/","name":"B\u00fct\u00fcnc\u00fcl Sa\u011fl\u0131k Web Sitesi Demo","description":"Websel D\u00f6n\u00fc\u015f\u00fcm Web Hizmetleri","potentialAction":[{"@type":"SearchAction","target":{"@type":"EntryPoint","urlTemplate":"https:\/\/webseldonusum.net\/tema\/butuncul-saglik\/?s={search_term_string}"},"query-input":{"@type":"PropertyValueSpecification","valueRequired":true,"valueName":"search_term_string"}}],"inLanguage":"tr"}]}},"_links":{"self":[{"href":"https:\/\/webseldonusum.net\/tema\/butuncul-saglik\/wp-json\/wp\/v2\/product\/8463","targetHints":{"allow":["GET"]}}],"collection":[{"href":"https:\/\/webseldonusum.net\/tema\/butuncul-saglik\/wp-json\/wp\/v2\/product"}],"about":[{"href":"https:\/\/webseldonusum.net\/tema\/butuncul-saglik\/wp-json\/wp\/v2\/types\/product"}],"replies":[{"embeddable":true,"href":"https:\/\/webseldonusum.net\/tema\/butuncul-saglik\/wp-json\/wp\/v2\/comments?post=8463"}],"version-history":[{"count":3,"href":"https:\/\/webseldonusum.net\/tema\/butuncul-saglik\/wp-json\/wp\/v2\/product\/8463\/revisions"}],"predecessor-version":[{"id":44817,"href":"https:\/\/webseldonusum.net\/tema\/butuncul-saglik\/wp-json\/wp\/v2\/product\/8463\/revisions\/44817"}],"wp:featuredmedia":[{"embeddable":true,"href":"https:\/\/webseldonusum.net\/tema\/butuncul-saglik\/wp-json\/wp\/v2\/media\/44696"}],"wp:attachment":[{"href":"https:\/\/webseldonusum.net\/tema\/butuncul-saglik\/wp-json\/wp\/v2\/media?parent=8463"}],"wp:term":[{"taxonomy":"product_brand","embeddable":true,"href":"https:\/\/webseldonusum.net\/tema\/butuncul-saglik\/wp-json\/wp\/v2\/product_brand?post=8463"},{"taxonomy":"product_cat","embeddable":true,"href":"https:\/\/webseldonusum.net\/tema\/butuncul-saglik\/wp-json\/wp\/v2\/product_cat?post=8463"},{"taxonomy":"product_tag","embeddable":true,"href":"https:\/\/webseldonusum.net\/tema\/butuncul-saglik\/wp-json\/wp\/v2\/product_tag?post=8463"}],"curies":[{"name":"wp","href":"https:\/\/api.w.org\/{rel}","templated":true}]}}