{"id":8495,"date":"2021-12-21T09:49:18","date_gmt":"2021-12-21T09:49:18","guid":{"rendered":"https:\/\/theme-dev.cmsmasters.net\/doctor-22\/?post_type=product&#038;p=8495"},"modified":"2025-04-25T01:29:57","modified_gmt":"2025-04-24T22:29:57","slug":"vitalenergy","status":"publish","type":"product","link":"https:\/\/webseldonusum.net\/tema\/butuncul-saglik\/product\/vitalenergy\/","title":{"rendered":"Ya\u015fam Enerjisi"},"content":{"rendered":"<p>Ya\u015fam Enerjisi, kendinizi yorgun ve enerjisiz hissetti\u011finizde v\u00fccudunuza ihtiya\u00e7 duydu\u011fu canl\u0131l\u0131\u011f\u0131 geri kazand\u0131rmak i\u00e7in form\u00fcle edilmi\u015ftir. Enerji \u00fcretim s\u00fcre\u00e7lerini destekleyen ve h\u00fccresel d\u00fczeyde enerji sa\u011flamaya yard\u0131mc\u0131 olan bile\u015fenler i\u00e7erir. Fiziksel ve zihinsel yorgunlu\u011fun azalmas\u0131na katk\u0131da bulunur, dayan\u0131kl\u0131l\u0131\u011f\u0131 art\u0131r\u0131r ve genel zindelik seviyenizi y\u00fckseltir. G\u00fcnl\u00fck enerji ihtiyac\u0131n\u0131z\u0131 kar\u015f\u0131lamak ve daha aktif bir ya\u015fam s\u00fcrmek i\u00e7in g\u00fcvenilir bir destektir.<\/p>\n","protected":false},"excerpt":{"rendered":"<p>Ya\u015fam enerjinizi art\u0131rmak, yorgunluk ve bitkinlikle sava\u015fmak ve g\u00fcn boyu zinde kalman\u0131z\u0131 desteklemek i\u00e7in geli\u015ftirildi.<\/p>\n","protected":false},"featured_media":44699,"comment_status":"open","ping_status":"closed","template":"","meta":{"_acf_changed":false},"product_brand":[],"product_cat":[59],"product_tag":[52,53,54,57],"class_list":{"0":"post-8495","1":"product","2":"type-product","3":"status-publish","4":"has-post-thumbnail","6":"product_cat-supplements","7":"product_tag-health","8":"product_tag-home","9":"product_tag-immunity","10":"product_tag-nutrition","12":"first","13":"instock","14":"sale","15":"shipping-taxable","16":"purchasable","17":"product-type-simple"},"acf":[],"yoast_head":"<!-- This site is optimized with the Yoast SEO plugin v24.9 - https:\/\/yoast.com\/wordpress\/plugins\/seo\/ -->\n<title>Ya\u015fam Enerjisi - B\u00fct\u00fcnc\u00fcl Sa\u011fl\u0131k Web Sitesi Demo<\/title>\n<meta name=\"robots\" content=\"index, follow, max-snippet:-1, max-image-preview:large, max-video-preview:-1\" \/>\n<link rel=\"canonical\" href=\"https:\/\/webseldonusum.net\/tema\/butuncul-saglik\/product\/vitalenergy\/\" \/>\n<meta property=\"og:locale\" content=\"tr_TR\" \/>\n<meta property=\"og:type\" content=\"article\" \/>\n<meta property=\"og:title\" content=\"Ya\u015fam Enerjisi - B\u00fct\u00fcnc\u00fcl Sa\u011fl\u0131k Web Sitesi Demo\" \/>\n<meta property=\"og:description\" content=\"Ya\u015fam enerjinizi art\u0131rmak, yorgunluk ve bitkinlikle sava\u015fmak ve g\u00fcn boyu zinde kalman\u0131z\u0131 desteklemek i\u00e7in geli\u015ftirildi.\" \/>\n<meta property=\"og:url\" content=\"https:\/\/webseldonusum.net\/tema\/butuncul-saglik\/product\/vitalenergy\/\" \/>\n<meta property=\"og:site_name\" content=\"B\u00fct\u00fcnc\u00fcl Sa\u011fl\u0131k Web Sitesi Demo\" \/>\n<meta property=\"article:modified_time\" content=\"2025-04-24T22:29:57+00:00\" \/>\n<meta property=\"og:image\" content=\"https:\/\/webseldonusum.net\/tema\/butuncul-saglik\/wp-content\/uploads\/2021\/12\/56-shop-3.webp\" \/>\n\t<meta property=\"og:image:width\" content=\"1180\" \/>\n\t<meta property=\"og:image:height\" content=\"1180\" \/>\n\t<meta property=\"og:image:type\" content=\"image\/webp\" \/>\n<meta name=\"twitter:card\" content=\"summary_large_image\" \/>\n<script type=\"application\/ld+json\" class=\"yoast-schema-graph\">{\"@context\":\"https:\/\/schema.org\",\"@graph\":[{\"@type\":\"WebPage\",\"@id\":\"https:\/\/webseldonusum.net\/tema\/butuncul-saglik\/product\/vitalenergy\/\",\"url\":\"https:\/\/webseldonusum.net\/tema\/butuncul-saglik\/product\/vitalenergy\/\",\"name\":\"Ya\u015fam Enerjisi - B\u00fct\u00fcnc\u00fcl Sa\u011fl\u0131k Web Sitesi Demo\",\"isPartOf\":{\"@id\":\"https:\/\/webseldonusum.net\/tema\/butuncul-saglik\/#website\"},\"primaryImageOfPage\":{\"@id\":\"https:\/\/webseldonusum.net\/tema\/butuncul-saglik\/product\/vitalenergy\/#primaryimage\"},\"image\":{\"@id\":\"https:\/\/webseldonusum.net\/tema\/butuncul-saglik\/product\/vitalenergy\/#primaryimage\"},\"thumbnailUrl\":\"https:\/\/webseldonusum.net\/tema\/butuncul-saglik\/wp-content\/uploads\/2021\/12\/56-shop-3.webp\",\"datePublished\":\"2021-12-21T09:49:18+00:00\",\"dateModified\":\"2025-04-24T22:29:57+00:00\",\"breadcrumb\":{\"@id\":\"https:\/\/webseldonusum.net\/tema\/butuncul-saglik\/product\/vitalenergy\/#breadcrumb\"},\"inLanguage\":\"tr\",\"potentialAction\":[{\"@type\":\"ReadAction\",\"target\":[\"https:\/\/webseldonusum.net\/tema\/butuncul-saglik\/product\/vitalenergy\/\"]}]},{\"@type\":\"ImageObject\",\"inLanguage\":\"tr\",\"@id\":\"https:\/\/webseldonusum.net\/tema\/butuncul-saglik\/product\/vitalenergy\/#primaryimage\",\"url\":\"https:\/\/webseldonusum.net\/tema\/butuncul-saglik\/wp-content\/uploads\/2021\/12\/56-shop-3.webp\",\"contentUrl\":\"https:\/\/webseldonusum.net\/tema\/butuncul-saglik\/wp-content\/uploads\/2021\/12\/56-shop-3.webp\",\"width\":1180,\"height\":1180},{\"@type\":\"BreadcrumbList\",\"@id\":\"https:\/\/webseldonusum.net\/tema\/butuncul-saglik\/product\/vitalenergy\/#breadcrumb\",\"itemListElement\":[{\"@type\":\"ListItem\",\"position\":1,\"name\":\"Anasayfa\",\"item\":\"https:\/\/webseldonusum.net\/tema\/butuncul-saglik\/\"},{\"@type\":\"ListItem\",\"position\":2,\"name\":\"Ma\u011faza\",\"item\":\"https:\/\/webseldonusum.net\/tema\/butuncul-saglik\/shop\/\"},{\"@type\":\"ListItem\",\"position\":3,\"name\":\"Ya\u015fam Enerjisi\"}]},{\"@type\":\"WebSite\",\"@id\":\"https:\/\/webseldonusum.net\/tema\/butuncul-saglik\/#website\",\"url\":\"https:\/\/webseldonusum.net\/tema\/butuncul-saglik\/\",\"name\":\"B\u00fct\u00fcnc\u00fcl Sa\u011fl\u0131k Web Sitesi Demo\",\"description\":\"Websel D\u00f6n\u00fc\u015f\u00fcm Web Hizmetleri\",\"potentialAction\":[{\"@type\":\"SearchAction\",\"target\":{\"@type\":\"EntryPoint\",\"urlTemplate\":\"https:\/\/webseldonusum.net\/tema\/butuncul-saglik\/?s={search_term_string}\"},\"query-input\":{\"@type\":\"PropertyValueSpecification\",\"valueRequired\":true,\"valueName\":\"search_term_string\"}}],\"inLanguage\":\"tr\"}]}<\/script>\n<!-- \/ Yoast SEO plugin. -->","yoast_head_json":{"title":"Ya\u015fam Enerjisi - B\u00fct\u00fcnc\u00fcl Sa\u011fl\u0131k Web Sitesi Demo","robots":{"index":"index","follow":"follow","max-snippet":"max-snippet:-1","max-image-preview":"max-image-preview:large","max-video-preview":"max-video-preview:-1"},"canonical":"https:\/\/webseldonusum.net\/tema\/butuncul-saglik\/product\/vitalenergy\/","og_locale":"tr_TR","og_type":"article","og_title":"Ya\u015fam Enerjisi - B\u00fct\u00fcnc\u00fcl Sa\u011fl\u0131k Web Sitesi Demo","og_description":"Ya\u015fam enerjinizi art\u0131rmak, yorgunluk ve bitkinlikle sava\u015fmak ve g\u00fcn boyu zinde kalman\u0131z\u0131 desteklemek i\u00e7in geli\u015ftirildi.","og_url":"https:\/\/webseldonusum.net\/tema\/butuncul-saglik\/product\/vitalenergy\/","og_site_name":"B\u00fct\u00fcnc\u00fcl Sa\u011fl\u0131k Web Sitesi Demo","article_modified_time":"2025-04-24T22:29:57+00:00","og_image":[{"width":1180,"height":1180,"url":"https:\/\/webseldonusum.net\/tema\/butuncul-saglik\/wp-content\/uploads\/2021\/12\/56-shop-3.webp","type":"image\/webp"}],"twitter_card":"summary_large_image","schema":{"@context":"https:\/\/schema.org","@graph":[{"@type":"WebPage","@id":"https:\/\/webseldonusum.net\/tema\/butuncul-saglik\/product\/vitalenergy\/","url":"https:\/\/webseldonusum.net\/tema\/butuncul-saglik\/product\/vitalenergy\/","name":"Ya\u015fam Enerjisi - B\u00fct\u00fcnc\u00fcl Sa\u011fl\u0131k Web Sitesi Demo","isPartOf":{"@id":"https:\/\/webseldonusum.net\/tema\/butuncul-saglik\/#website"},"primaryImageOfPage":{"@id":"https:\/\/webseldonusum.net\/tema\/butuncul-saglik\/product\/vitalenergy\/#primaryimage"},"image":{"@id":"https:\/\/webseldonusum.net\/tema\/butuncul-saglik\/product\/vitalenergy\/#primaryimage"},"thumbnailUrl":"https:\/\/webseldonusum.net\/tema\/butuncul-saglik\/wp-content\/uploads\/2021\/12\/56-shop-3.webp","datePublished":"2021-12-21T09:49:18+00:00","dateModified":"2025-04-24T22:29:57+00:00","breadcrumb":{"@id":"https:\/\/webseldonusum.net\/tema\/butuncul-saglik\/product\/vitalenergy\/#breadcrumb"},"inLanguage":"tr","potentialAction":[{"@type":"ReadAction","target":["https:\/\/webseldonusum.net\/tema\/butuncul-saglik\/product\/vitalenergy\/"]}]},{"@type":"ImageObject","inLanguage":"tr","@id":"https:\/\/webseldonusum.net\/tema\/butuncul-saglik\/product\/vitalenergy\/#primaryimage","url":"https:\/\/webseldonusum.net\/tema\/butuncul-saglik\/wp-content\/uploads\/2021\/12\/56-shop-3.webp","contentUrl":"https:\/\/webseldonusum.net\/tema\/butuncul-saglik\/wp-content\/uploads\/2021\/12\/56-shop-3.webp","width":1180,"height":1180},{"@type":"BreadcrumbList","@id":"https:\/\/webseldonusum.net\/tema\/butuncul-saglik\/product\/vitalenergy\/#breadcrumb","itemListElement":[{"@type":"ListItem","position":1,"name":"Anasayfa","item":"https:\/\/webseldonusum.net\/tema\/butuncul-saglik\/"},{"@type":"ListItem","position":2,"name":"Ma\u011faza","item":"https:\/\/webseldonusum.net\/tema\/butuncul-saglik\/shop\/"},{"@type":"ListItem","position":3,"name":"Ya\u015fam Enerjisi"}]},{"@type":"WebSite","@id":"https:\/\/webseldonusum.net\/tema\/butuncul-saglik\/#website","url":"https:\/\/webseldonusum.net\/tema\/butuncul-saglik\/","name":"B\u00fct\u00fcnc\u00fcl Sa\u011fl\u0131k Web Sitesi Demo","description":"Websel D\u00f6n\u00fc\u015f\u00fcm Web Hizmetleri","potentialAction":[{"@type":"SearchAction","target":{"@type":"EntryPoint","urlTemplate":"https:\/\/webseldonusum.net\/tema\/butuncul-saglik\/?s={search_term_string}"},"query-input":{"@type":"PropertyValueSpecification","valueRequired":true,"valueName":"search_term_string"}}],"inLanguage":"tr"}]}},"_links":{"self":[{"href":"https:\/\/webseldonusum.net\/tema\/butuncul-saglik\/wp-json\/wp\/v2\/product\/8495","targetHints":{"allow":["GET"]}}],"collection":[{"href":"https:\/\/webseldonusum.net\/tema\/butuncul-saglik\/wp-json\/wp\/v2\/product"}],"about":[{"href":"https:\/\/webseldonusum.net\/tema\/butuncul-saglik\/wp-json\/wp\/v2\/types\/product"}],"replies":[{"embeddable":true,"href":"https:\/\/webseldonusum.net\/tema\/butuncul-saglik\/wp-json\/wp\/v2\/comments?post=8495"}],"version-history":[{"count":3,"href":"https:\/\/webseldonusum.net\/tema\/butuncul-saglik\/wp-json\/wp\/v2\/product\/8495\/revisions"}],"predecessor-version":[{"id":44812,"href":"https:\/\/webseldonusum.net\/tema\/butuncul-saglik\/wp-json\/wp\/v2\/product\/8495\/revisions\/44812"}],"wp:featuredmedia":[{"embeddable":true,"href":"https:\/\/webseldonusum.net\/tema\/butuncul-saglik\/wp-json\/wp\/v2\/media\/44699"}],"wp:attachment":[{"href":"https:\/\/webseldonusum.net\/tema\/butuncul-saglik\/wp-json\/wp\/v2\/media?parent=8495"}],"wp:term":[{"taxonomy":"product_brand","embeddable":true,"href":"https:\/\/webseldonusum.net\/tema\/butuncul-saglik\/wp-json\/wp\/v2\/product_brand?post=8495"},{"taxonomy":"product_cat","embeddable":true,"href":"https:\/\/webseldonusum.net\/tema\/butuncul-saglik\/wp-json\/wp\/v2\/product_cat?post=8495"},{"taxonomy":"product_tag","embeddable":true,"href":"https:\/\/webseldonusum.net\/tema\/butuncul-saglik\/wp-json\/wp\/v2\/product_tag?post=8495"}],"curies":[{"name":"wp","href":"https:\/\/api.w.org\/{rel}","templated":true}]}}