{"id":8508,"date":"2021-12-21T10:46:36","date_gmt":"2021-12-21T10:46:36","guid":{"rendered":"https:\/\/theme-dev.cmsmasters.net\/doctor-22\/?post_type=product&#038;p=8508"},"modified":"2025-04-25T01:29:29","modified_gmt":"2025-04-24T22:29:29","slug":"zencalm","status":"publish","type":"product","link":"https:\/\/webseldonusum.net\/tema\/butuncul-saglik\/product\/zencalm\/","title":{"rendered":"Zen Sakinlik"},"content":{"rendered":"<p>Zen Sakinlik, g\u00fcnl\u00fck hayat\u0131n getirdi\u011fi stres, endi\u015fe ve gerginlikle ba\u015fa \u00e7\u0131kman\u0131za destek olmak amac\u0131yla geli\u015ftirilmi\u015f do\u011fal bir takviyedir. \u0130\u00e7eri\u011findeki rahatlat\u0131c\u0131 etkisiyle bilinen bile\u015fenler, sinir sisteminin normal fonksiyonuna katk\u0131da bulunarak sakinle\u015fmenize yard\u0131mc\u0131 olur. Zihinsel dengeyi destekler, gerginli\u011fi azalt\u0131r ve daha huzurlu bir ruh hali sa\u011flar. Yo\u011fun ve stresli d\u00f6nemlerde veya sadece g\u00fcn\u00fcn sonunda rahatlamak istedi\u011finizde ideal bir destektir.<\/p>\n","protected":false},"excerpt":{"rendered":"<p>Stresli anlarda sakinle\u015fmenize, rahatlaman\u0131za ve zihinsel dinginli\u011fe ula\u015fman\u0131za yard\u0131mc\u0131 olmak i\u00e7in tasarlanm\u0131\u015ft\u0131r.<\/p>\n","protected":false},"featured_media":44700,"comment_status":"open","ping_status":"closed","template":"","meta":{"_acf_changed":false},"product_brand":[],"product_cat":[60],"product_tag":[52,58],"class_list":{"0":"post-8508","1":"product","2":"type-product","3":"status-publish","4":"has-post-thumbnail","6":"product_cat-vitamins","7":"product_tag-health","8":"product_tag-peptides","10":"first","11":"instock","12":"shipping-taxable","13":"purchasable","14":"product-type-simple"},"acf":[],"yoast_head":"<!-- This site is optimized with the Yoast SEO plugin v24.9 - https:\/\/yoast.com\/wordpress\/plugins\/seo\/ -->\n<title>Zen Sakinlik - B\u00fct\u00fcnc\u00fcl Sa\u011fl\u0131k Web Sitesi Demo<\/title>\n<meta name=\"robots\" content=\"index, follow, max-snippet:-1, max-image-preview:large, max-video-preview:-1\" \/>\n<link rel=\"canonical\" href=\"https:\/\/webseldonusum.net\/tema\/butuncul-saglik\/product\/zencalm\/\" \/>\n<meta property=\"og:locale\" content=\"tr_TR\" \/>\n<meta property=\"og:type\" content=\"article\" \/>\n<meta property=\"og:title\" content=\"Zen Sakinlik - B\u00fct\u00fcnc\u00fcl Sa\u011fl\u0131k Web Sitesi Demo\" \/>\n<meta property=\"og:description\" content=\"Stresli anlarda sakinle\u015fmenize, rahatlaman\u0131za ve zihinsel dinginli\u011fe ula\u015fman\u0131za yard\u0131mc\u0131 olmak i\u00e7in tasarlanm\u0131\u015ft\u0131r.\" \/>\n<meta property=\"og:url\" content=\"https:\/\/webseldonusum.net\/tema\/butuncul-saglik\/product\/zencalm\/\" \/>\n<meta property=\"og:site_name\" content=\"B\u00fct\u00fcnc\u00fcl Sa\u011fl\u0131k Web Sitesi Demo\" \/>\n<meta property=\"article:modified_time\" content=\"2025-04-24T22:29:29+00:00\" \/>\n<meta property=\"og:image\" content=\"https:\/\/webseldonusum.net\/tema\/butuncul-saglik\/wp-content\/uploads\/2021\/12\/56-shop-4-1.webp\" \/>\n\t<meta property=\"og:image:width\" content=\"1180\" \/>\n\t<meta property=\"og:image:height\" content=\"1180\" \/>\n\t<meta property=\"og:image:type\" content=\"image\/webp\" \/>\n<meta name=\"twitter:card\" content=\"summary_large_image\" \/>\n<script type=\"application\/ld+json\" class=\"yoast-schema-graph\">{\"@context\":\"https:\/\/schema.org\",\"@graph\":[{\"@type\":\"WebPage\",\"@id\":\"https:\/\/webseldonusum.net\/tema\/butuncul-saglik\/product\/zencalm\/\",\"url\":\"https:\/\/webseldonusum.net\/tema\/butuncul-saglik\/product\/zencalm\/\",\"name\":\"Zen Sakinlik - B\u00fct\u00fcnc\u00fcl Sa\u011fl\u0131k Web Sitesi Demo\",\"isPartOf\":{\"@id\":\"https:\/\/webseldonusum.net\/tema\/butuncul-saglik\/#website\"},\"primaryImageOfPage\":{\"@id\":\"https:\/\/webseldonusum.net\/tema\/butuncul-saglik\/product\/zencalm\/#primaryimage\"},\"image\":{\"@id\":\"https:\/\/webseldonusum.net\/tema\/butuncul-saglik\/product\/zencalm\/#primaryimage\"},\"thumbnailUrl\":\"https:\/\/webseldonusum.net\/tema\/butuncul-saglik\/wp-content\/uploads\/2021\/12\/56-shop-4-1.webp\",\"datePublished\":\"2021-12-21T10:46:36+00:00\",\"dateModified\":\"2025-04-24T22:29:29+00:00\",\"breadcrumb\":{\"@id\":\"https:\/\/webseldonusum.net\/tema\/butuncul-saglik\/product\/zencalm\/#breadcrumb\"},\"inLanguage\":\"tr\",\"potentialAction\":[{\"@type\":\"ReadAction\",\"target\":[\"https:\/\/webseldonusum.net\/tema\/butuncul-saglik\/product\/zencalm\/\"]}]},{\"@type\":\"ImageObject\",\"inLanguage\":\"tr\",\"@id\":\"https:\/\/webseldonusum.net\/tema\/butuncul-saglik\/product\/zencalm\/#primaryimage\",\"url\":\"https:\/\/webseldonusum.net\/tema\/butuncul-saglik\/wp-content\/uploads\/2021\/12\/56-shop-4-1.webp\",\"contentUrl\":\"https:\/\/webseldonusum.net\/tema\/butuncul-saglik\/wp-content\/uploads\/2021\/12\/56-shop-4-1.webp\",\"width\":1180,\"height\":1180},{\"@type\":\"BreadcrumbList\",\"@id\":\"https:\/\/webseldonusum.net\/tema\/butuncul-saglik\/product\/zencalm\/#breadcrumb\",\"itemListElement\":[{\"@type\":\"ListItem\",\"position\":1,\"name\":\"Anasayfa\",\"item\":\"https:\/\/webseldonusum.net\/tema\/butuncul-saglik\/\"},{\"@type\":\"ListItem\",\"position\":2,\"name\":\"Ma\u011faza\",\"item\":\"https:\/\/webseldonusum.net\/tema\/butuncul-saglik\/shop\/\"},{\"@type\":\"ListItem\",\"position\":3,\"name\":\"Zen Sakinlik\"}]},{\"@type\":\"WebSite\",\"@id\":\"https:\/\/webseldonusum.net\/tema\/butuncul-saglik\/#website\",\"url\":\"https:\/\/webseldonusum.net\/tema\/butuncul-saglik\/\",\"name\":\"B\u00fct\u00fcnc\u00fcl Sa\u011fl\u0131k Web Sitesi Demo\",\"description\":\"Websel D\u00f6n\u00fc\u015f\u00fcm Web Hizmetleri\",\"potentialAction\":[{\"@type\":\"SearchAction\",\"target\":{\"@type\":\"EntryPoint\",\"urlTemplate\":\"https:\/\/webseldonusum.net\/tema\/butuncul-saglik\/?s={search_term_string}\"},\"query-input\":{\"@type\":\"PropertyValueSpecification\",\"valueRequired\":true,\"valueName\":\"search_term_string\"}}],\"inLanguage\":\"tr\"}]}<\/script>\n<!-- \/ Yoast SEO plugin. -->","yoast_head_json":{"title":"Zen Sakinlik - B\u00fct\u00fcnc\u00fcl Sa\u011fl\u0131k Web Sitesi Demo","robots":{"index":"index","follow":"follow","max-snippet":"max-snippet:-1","max-image-preview":"max-image-preview:large","max-video-preview":"max-video-preview:-1"},"canonical":"https:\/\/webseldonusum.net\/tema\/butuncul-saglik\/product\/zencalm\/","og_locale":"tr_TR","og_type":"article","og_title":"Zen Sakinlik - B\u00fct\u00fcnc\u00fcl Sa\u011fl\u0131k Web Sitesi Demo","og_description":"Stresli anlarda sakinle\u015fmenize, rahatlaman\u0131za ve zihinsel dinginli\u011fe ula\u015fman\u0131za yard\u0131mc\u0131 olmak i\u00e7in tasarlanm\u0131\u015ft\u0131r.","og_url":"https:\/\/webseldonusum.net\/tema\/butuncul-saglik\/product\/zencalm\/","og_site_name":"B\u00fct\u00fcnc\u00fcl Sa\u011fl\u0131k Web Sitesi Demo","article_modified_time":"2025-04-24T22:29:29+00:00","og_image":[{"width":1180,"height":1180,"url":"https:\/\/webseldonusum.net\/tema\/butuncul-saglik\/wp-content\/uploads\/2021\/12\/56-shop-4-1.webp","type":"image\/webp"}],"twitter_card":"summary_large_image","schema":{"@context":"https:\/\/schema.org","@graph":[{"@type":"WebPage","@id":"https:\/\/webseldonusum.net\/tema\/butuncul-saglik\/product\/zencalm\/","url":"https:\/\/webseldonusum.net\/tema\/butuncul-saglik\/product\/zencalm\/","name":"Zen Sakinlik - B\u00fct\u00fcnc\u00fcl Sa\u011fl\u0131k Web Sitesi Demo","isPartOf":{"@id":"https:\/\/webseldonusum.net\/tema\/butuncul-saglik\/#website"},"primaryImageOfPage":{"@id":"https:\/\/webseldonusum.net\/tema\/butuncul-saglik\/product\/zencalm\/#primaryimage"},"image":{"@id":"https:\/\/webseldonusum.net\/tema\/butuncul-saglik\/product\/zencalm\/#primaryimage"},"thumbnailUrl":"https:\/\/webseldonusum.net\/tema\/butuncul-saglik\/wp-content\/uploads\/2021\/12\/56-shop-4-1.webp","datePublished":"2021-12-21T10:46:36+00:00","dateModified":"2025-04-24T22:29:29+00:00","breadcrumb":{"@id":"https:\/\/webseldonusum.net\/tema\/butuncul-saglik\/product\/zencalm\/#breadcrumb"},"inLanguage":"tr","potentialAction":[{"@type":"ReadAction","target":["https:\/\/webseldonusum.net\/tema\/butuncul-saglik\/product\/zencalm\/"]}]},{"@type":"ImageObject","inLanguage":"tr","@id":"https:\/\/webseldonusum.net\/tema\/butuncul-saglik\/product\/zencalm\/#primaryimage","url":"https:\/\/webseldonusum.net\/tema\/butuncul-saglik\/wp-content\/uploads\/2021\/12\/56-shop-4-1.webp","contentUrl":"https:\/\/webseldonusum.net\/tema\/butuncul-saglik\/wp-content\/uploads\/2021\/12\/56-shop-4-1.webp","width":1180,"height":1180},{"@type":"BreadcrumbList","@id":"https:\/\/webseldonusum.net\/tema\/butuncul-saglik\/product\/zencalm\/#breadcrumb","itemListElement":[{"@type":"ListItem","position":1,"name":"Anasayfa","item":"https:\/\/webseldonusum.net\/tema\/butuncul-saglik\/"},{"@type":"ListItem","position":2,"name":"Ma\u011faza","item":"https:\/\/webseldonusum.net\/tema\/butuncul-saglik\/shop\/"},{"@type":"ListItem","position":3,"name":"Zen Sakinlik"}]},{"@type":"WebSite","@id":"https:\/\/webseldonusum.net\/tema\/butuncul-saglik\/#website","url":"https:\/\/webseldonusum.net\/tema\/butuncul-saglik\/","name":"B\u00fct\u00fcnc\u00fcl Sa\u011fl\u0131k Web Sitesi Demo","description":"Websel D\u00f6n\u00fc\u015f\u00fcm Web Hizmetleri","potentialAction":[{"@type":"SearchAction","target":{"@type":"EntryPoint","urlTemplate":"https:\/\/webseldonusum.net\/tema\/butuncul-saglik\/?s={search_term_string}"},"query-input":{"@type":"PropertyValueSpecification","valueRequired":true,"valueName":"search_term_string"}}],"inLanguage":"tr"}]}},"_links":{"self":[{"href":"https:\/\/webseldonusum.net\/tema\/butuncul-saglik\/wp-json\/wp\/v2\/product\/8508","targetHints":{"allow":["GET"]}}],"collection":[{"href":"https:\/\/webseldonusum.net\/tema\/butuncul-saglik\/wp-json\/wp\/v2\/product"}],"about":[{"href":"https:\/\/webseldonusum.net\/tema\/butuncul-saglik\/wp-json\/wp\/v2\/types\/product"}],"replies":[{"embeddable":true,"href":"https:\/\/webseldonusum.net\/tema\/butuncul-saglik\/wp-json\/wp\/v2\/comments?post=8508"}],"version-history":[{"count":3,"href":"https:\/\/webseldonusum.net\/tema\/butuncul-saglik\/wp-json\/wp\/v2\/product\/8508\/revisions"}],"predecessor-version":[{"id":44810,"href":"https:\/\/webseldonusum.net\/tema\/butuncul-saglik\/wp-json\/wp\/v2\/product\/8508\/revisions\/44810"}],"wp:featuredmedia":[{"embeddable":true,"href":"https:\/\/webseldonusum.net\/tema\/butuncul-saglik\/wp-json\/wp\/v2\/media\/44700"}],"wp:attachment":[{"href":"https:\/\/webseldonusum.net\/tema\/butuncul-saglik\/wp-json\/wp\/v2\/media?parent=8508"}],"wp:term":[{"taxonomy":"product_brand","embeddable":true,"href":"https:\/\/webseldonusum.net\/tema\/butuncul-saglik\/wp-json\/wp\/v2\/product_brand?post=8508"},{"taxonomy":"product_cat","embeddable":true,"href":"https:\/\/webseldonusum.net\/tema\/butuncul-saglik\/wp-json\/wp\/v2\/product_cat?post=8508"},{"taxonomy":"product_tag","embeddable":true,"href":"https:\/\/webseldonusum.net\/tema\/butuncul-saglik\/wp-json\/wp\/v2\/product_tag?post=8508"}],"curies":[{"name":"wp","href":"https:\/\/api.w.org\/{rel}","templated":true}]}}