{"id":8529,"date":"2021-12-21T11:07:48","date_gmt":"2021-12-21T11:07:48","guid":{"rendered":"https:\/\/theme-dev.cmsmasters.net\/doctor-22\/?post_type=product&#038;p=8529"},"modified":"2025-04-25T01:28:53","modified_gmt":"2025-04-24T22:28:53","slug":"daily-dietary-supplement","status":"publish","type":"product","link":"https:\/\/webseldonusum.net\/tema\/butuncul-saglik\/product\/daily-dietary-supplement\/","title":{"rendered":"G\u00fcnl\u00fck Besin Takviyesi"},"content":{"rendered":"<p>G\u00fcnl\u00fck Besin Takviyesi, g\u00fcnl\u00fck beslenmenizde eksik kalabilecek temel vitaminleri, mineralleri ve di\u011fer \u00f6nemli besin \u00f6\u011felerini size sunmak \u00fczere form\u00fcle edilmi\u015ftir. V\u00fccudunuzun optimal fonksiyonlar\u0131n\u0131 s\u00fcrd\u00fcrebilmesi i\u00e7in gerekli olan mikro besinleri dengeli bir \u015fekilde i\u00e7erir. Ba\u011f\u0131\u015f\u0131kl\u0131k sisteminin normal fonksiyonunu destekler, enerji olu\u015fum metabolizmas\u0131na katk\u0131da bulunur ve genel sa\u011fl\u0131k ve zindelik halinin korunmas\u0131na yard\u0131mc\u0131 olur. Sa\u011fl\u0131kl\u0131 bir ya\u015fam tarz\u0131n\u0131n par\u00e7as\u0131 olarak g\u00fcnl\u00fck kullan\u0131ma uygundur.<\/p>\n","protected":false},"excerpt":{"rendered":"<p>V\u00fccudunuzun g\u00fcnl\u00fck temel vitamin ve mineral ihtiya\u00e7lar\u0131n\u0131 kar\u015f\u0131lamaya yard\u0131mc\u0131 olan kapsaml\u0131 bir besin takviyesidir. Genel sa\u011fl\u0131\u011f\u0131 destekler.<\/p>\n","protected":false},"featured_media":44702,"comment_status":"open","ping_status":"closed","template":"","meta":{"_acf_changed":false},"product_brand":[],"product_cat":[59],"product_tag":[54,57],"class_list":{"0":"post-8529","1":"product","2":"type-product","3":"status-publish","4":"has-post-thumbnail","6":"product_cat-supplements","7":"product_tag-immunity","8":"product_tag-nutrition","10":"first","11":"instock","12":"shipping-taxable","13":"purchasable","14":"product-type-simple"},"acf":[],"yoast_head":"<!-- This site is optimized with the Yoast SEO plugin v24.9 - https:\/\/yoast.com\/wordpress\/plugins\/seo\/ -->\n<title>G\u00fcnl\u00fck Besin Takviyesi - B\u00fct\u00fcnc\u00fcl Sa\u011fl\u0131k Web Sitesi Demo<\/title>\n<meta name=\"robots\" content=\"index, follow, max-snippet:-1, max-image-preview:large, max-video-preview:-1\" \/>\n<link rel=\"canonical\" href=\"https:\/\/webseldonusum.net\/tema\/butuncul-saglik\/product\/daily-dietary-supplement\/\" \/>\n<meta property=\"og:locale\" content=\"tr_TR\" \/>\n<meta property=\"og:type\" content=\"article\" \/>\n<meta property=\"og:title\" content=\"G\u00fcnl\u00fck Besin Takviyesi - B\u00fct\u00fcnc\u00fcl Sa\u011fl\u0131k Web Sitesi Demo\" \/>\n<meta property=\"og:description\" content=\"V\u00fccudunuzun g\u00fcnl\u00fck temel vitamin ve mineral ihtiya\u00e7lar\u0131n\u0131 kar\u015f\u0131lamaya yard\u0131mc\u0131 olan kapsaml\u0131 bir besin takviyesidir. Genel sa\u011fl\u0131\u011f\u0131 destekler.\" \/>\n<meta property=\"og:url\" content=\"https:\/\/webseldonusum.net\/tema\/butuncul-saglik\/product\/daily-dietary-supplement\/\" \/>\n<meta property=\"og:site_name\" content=\"B\u00fct\u00fcnc\u00fcl Sa\u011fl\u0131k Web Sitesi Demo\" \/>\n<meta property=\"article:modified_time\" content=\"2025-04-24T22:28:53+00:00\" \/>\n<meta property=\"og:image\" content=\"https:\/\/webseldonusum.net\/tema\/butuncul-saglik\/wp-content\/uploads\/2021\/12\/56-shop-5.webp\" \/>\n\t<meta property=\"og:image:width\" content=\"1180\" \/>\n\t<meta property=\"og:image:height\" content=\"1180\" \/>\n\t<meta property=\"og:image:type\" content=\"image\/webp\" \/>\n<meta name=\"twitter:card\" content=\"summary_large_image\" \/>\n<script type=\"application\/ld+json\" class=\"yoast-schema-graph\">{\"@context\":\"https:\/\/schema.org\",\"@graph\":[{\"@type\":\"WebPage\",\"@id\":\"https:\/\/webseldonusum.net\/tema\/butuncul-saglik\/product\/daily-dietary-supplement\/\",\"url\":\"https:\/\/webseldonusum.net\/tema\/butuncul-saglik\/product\/daily-dietary-supplement\/\",\"name\":\"G\u00fcnl\u00fck Besin Takviyesi - B\u00fct\u00fcnc\u00fcl Sa\u011fl\u0131k Web Sitesi Demo\",\"isPartOf\":{\"@id\":\"https:\/\/webseldonusum.net\/tema\/butuncul-saglik\/#website\"},\"primaryImageOfPage\":{\"@id\":\"https:\/\/webseldonusum.net\/tema\/butuncul-saglik\/product\/daily-dietary-supplement\/#primaryimage\"},\"image\":{\"@id\":\"https:\/\/webseldonusum.net\/tema\/butuncul-saglik\/product\/daily-dietary-supplement\/#primaryimage\"},\"thumbnailUrl\":\"https:\/\/webseldonusum.net\/tema\/butuncul-saglik\/wp-content\/uploads\/2021\/12\/56-shop-5.webp\",\"datePublished\":\"2021-12-21T11:07:48+00:00\",\"dateModified\":\"2025-04-24T22:28:53+00:00\",\"breadcrumb\":{\"@id\":\"https:\/\/webseldonusum.net\/tema\/butuncul-saglik\/product\/daily-dietary-supplement\/#breadcrumb\"},\"inLanguage\":\"tr\",\"potentialAction\":[{\"@type\":\"ReadAction\",\"target\":[\"https:\/\/webseldonusum.net\/tema\/butuncul-saglik\/product\/daily-dietary-supplement\/\"]}]},{\"@type\":\"ImageObject\",\"inLanguage\":\"tr\",\"@id\":\"https:\/\/webseldonusum.net\/tema\/butuncul-saglik\/product\/daily-dietary-supplement\/#primaryimage\",\"url\":\"https:\/\/webseldonusum.net\/tema\/butuncul-saglik\/wp-content\/uploads\/2021\/12\/56-shop-5.webp\",\"contentUrl\":\"https:\/\/webseldonusum.net\/tema\/butuncul-saglik\/wp-content\/uploads\/2021\/12\/56-shop-5.webp\",\"width\":1180,\"height\":1180},{\"@type\":\"BreadcrumbList\",\"@id\":\"https:\/\/webseldonusum.net\/tema\/butuncul-saglik\/product\/daily-dietary-supplement\/#breadcrumb\",\"itemListElement\":[{\"@type\":\"ListItem\",\"position\":1,\"name\":\"Anasayfa\",\"item\":\"https:\/\/webseldonusum.net\/tema\/butuncul-saglik\/\"},{\"@type\":\"ListItem\",\"position\":2,\"name\":\"Ma\u011faza\",\"item\":\"https:\/\/webseldonusum.net\/tema\/butuncul-saglik\/shop\/\"},{\"@type\":\"ListItem\",\"position\":3,\"name\":\"G\u00fcnl\u00fck Besin Takviyesi\"}]},{\"@type\":\"WebSite\",\"@id\":\"https:\/\/webseldonusum.net\/tema\/butuncul-saglik\/#website\",\"url\":\"https:\/\/webseldonusum.net\/tema\/butuncul-saglik\/\",\"name\":\"B\u00fct\u00fcnc\u00fcl Sa\u011fl\u0131k Web Sitesi Demo\",\"description\":\"Websel D\u00f6n\u00fc\u015f\u00fcm Web Hizmetleri\",\"potentialAction\":[{\"@type\":\"SearchAction\",\"target\":{\"@type\":\"EntryPoint\",\"urlTemplate\":\"https:\/\/webseldonusum.net\/tema\/butuncul-saglik\/?s={search_term_string}\"},\"query-input\":{\"@type\":\"PropertyValueSpecification\",\"valueRequired\":true,\"valueName\":\"search_term_string\"}}],\"inLanguage\":\"tr\"}]}<\/script>\n<!-- \/ Yoast SEO plugin. -->","yoast_head_json":{"title":"G\u00fcnl\u00fck Besin Takviyesi - B\u00fct\u00fcnc\u00fcl Sa\u011fl\u0131k Web Sitesi Demo","robots":{"index":"index","follow":"follow","max-snippet":"max-snippet:-1","max-image-preview":"max-image-preview:large","max-video-preview":"max-video-preview:-1"},"canonical":"https:\/\/webseldonusum.net\/tema\/butuncul-saglik\/product\/daily-dietary-supplement\/","og_locale":"tr_TR","og_type":"article","og_title":"G\u00fcnl\u00fck Besin Takviyesi - B\u00fct\u00fcnc\u00fcl Sa\u011fl\u0131k Web Sitesi Demo","og_description":"V\u00fccudunuzun g\u00fcnl\u00fck temel vitamin ve mineral ihtiya\u00e7lar\u0131n\u0131 kar\u015f\u0131lamaya yard\u0131mc\u0131 olan kapsaml\u0131 bir besin takviyesidir. Genel sa\u011fl\u0131\u011f\u0131 destekler.","og_url":"https:\/\/webseldonusum.net\/tema\/butuncul-saglik\/product\/daily-dietary-supplement\/","og_site_name":"B\u00fct\u00fcnc\u00fcl Sa\u011fl\u0131k Web Sitesi Demo","article_modified_time":"2025-04-24T22:28:53+00:00","og_image":[{"width":1180,"height":1180,"url":"https:\/\/webseldonusum.net\/tema\/butuncul-saglik\/wp-content\/uploads\/2021\/12\/56-shop-5.webp","type":"image\/webp"}],"twitter_card":"summary_large_image","schema":{"@context":"https:\/\/schema.org","@graph":[{"@type":"WebPage","@id":"https:\/\/webseldonusum.net\/tema\/butuncul-saglik\/product\/daily-dietary-supplement\/","url":"https:\/\/webseldonusum.net\/tema\/butuncul-saglik\/product\/daily-dietary-supplement\/","name":"G\u00fcnl\u00fck Besin Takviyesi - B\u00fct\u00fcnc\u00fcl Sa\u011fl\u0131k Web Sitesi Demo","isPartOf":{"@id":"https:\/\/webseldonusum.net\/tema\/butuncul-saglik\/#website"},"primaryImageOfPage":{"@id":"https:\/\/webseldonusum.net\/tema\/butuncul-saglik\/product\/daily-dietary-supplement\/#primaryimage"},"image":{"@id":"https:\/\/webseldonusum.net\/tema\/butuncul-saglik\/product\/daily-dietary-supplement\/#primaryimage"},"thumbnailUrl":"https:\/\/webseldonusum.net\/tema\/butuncul-saglik\/wp-content\/uploads\/2021\/12\/56-shop-5.webp","datePublished":"2021-12-21T11:07:48+00:00","dateModified":"2025-04-24T22:28:53+00:00","breadcrumb":{"@id":"https:\/\/webseldonusum.net\/tema\/butuncul-saglik\/product\/daily-dietary-supplement\/#breadcrumb"},"inLanguage":"tr","potentialAction":[{"@type":"ReadAction","target":["https:\/\/webseldonusum.net\/tema\/butuncul-saglik\/product\/daily-dietary-supplement\/"]}]},{"@type":"ImageObject","inLanguage":"tr","@id":"https:\/\/webseldonusum.net\/tema\/butuncul-saglik\/product\/daily-dietary-supplement\/#primaryimage","url":"https:\/\/webseldonusum.net\/tema\/butuncul-saglik\/wp-content\/uploads\/2021\/12\/56-shop-5.webp","contentUrl":"https:\/\/webseldonusum.net\/tema\/butuncul-saglik\/wp-content\/uploads\/2021\/12\/56-shop-5.webp","width":1180,"height":1180},{"@type":"BreadcrumbList","@id":"https:\/\/webseldonusum.net\/tema\/butuncul-saglik\/product\/daily-dietary-supplement\/#breadcrumb","itemListElement":[{"@type":"ListItem","position":1,"name":"Anasayfa","item":"https:\/\/webseldonusum.net\/tema\/butuncul-saglik\/"},{"@type":"ListItem","position":2,"name":"Ma\u011faza","item":"https:\/\/webseldonusum.net\/tema\/butuncul-saglik\/shop\/"},{"@type":"ListItem","position":3,"name":"G\u00fcnl\u00fck Besin Takviyesi"}]},{"@type":"WebSite","@id":"https:\/\/webseldonusum.net\/tema\/butuncul-saglik\/#website","url":"https:\/\/webseldonusum.net\/tema\/butuncul-saglik\/","name":"B\u00fct\u00fcnc\u00fcl Sa\u011fl\u0131k Web Sitesi Demo","description":"Websel D\u00f6n\u00fc\u015f\u00fcm Web Hizmetleri","potentialAction":[{"@type":"SearchAction","target":{"@type":"EntryPoint","urlTemplate":"https:\/\/webseldonusum.net\/tema\/butuncul-saglik\/?s={search_term_string}"},"query-input":{"@type":"PropertyValueSpecification","valueRequired":true,"valueName":"search_term_string"}}],"inLanguage":"tr"}]}},"_links":{"self":[{"href":"https:\/\/webseldonusum.net\/tema\/butuncul-saglik\/wp-json\/wp\/v2\/product\/8529","targetHints":{"allow":["GET"]}}],"collection":[{"href":"https:\/\/webseldonusum.net\/tema\/butuncul-saglik\/wp-json\/wp\/v2\/product"}],"about":[{"href":"https:\/\/webseldonusum.net\/tema\/butuncul-saglik\/wp-json\/wp\/v2\/types\/product"}],"replies":[{"embeddable":true,"href":"https:\/\/webseldonusum.net\/tema\/butuncul-saglik\/wp-json\/wp\/v2\/comments?post=8529"}],"version-history":[{"count":3,"href":"https:\/\/webseldonusum.net\/tema\/butuncul-saglik\/wp-json\/wp\/v2\/product\/8529\/revisions"}],"predecessor-version":[{"id":44808,"href":"https:\/\/webseldonusum.net\/tema\/butuncul-saglik\/wp-json\/wp\/v2\/product\/8529\/revisions\/44808"}],"wp:featuredmedia":[{"embeddable":true,"href":"https:\/\/webseldonusum.net\/tema\/butuncul-saglik\/wp-json\/wp\/v2\/media\/44702"}],"wp:attachment":[{"href":"https:\/\/webseldonusum.net\/tema\/butuncul-saglik\/wp-json\/wp\/v2\/media?parent=8529"}],"wp:term":[{"taxonomy":"product_brand","embeddable":true,"href":"https:\/\/webseldonusum.net\/tema\/butuncul-saglik\/wp-json\/wp\/v2\/product_brand?post=8529"},{"taxonomy":"product_cat","embeddable":true,"href":"https:\/\/webseldonusum.net\/tema\/butuncul-saglik\/wp-json\/wp\/v2\/product_cat?post=8529"},{"taxonomy":"product_tag","embeddable":true,"href":"https:\/\/webseldonusum.net\/tema\/butuncul-saglik\/wp-json\/wp\/v2\/product_tag?post=8529"}],"curies":[{"name":"wp","href":"https:\/\/api.w.org\/{rel}","templated":true}]}}