{"id":8535,"date":"2021-12-21T11:22:55","date_gmt":"2021-12-21T11:22:55","guid":{"rendered":"https:\/\/theme-dev.cmsmasters.net\/doctor-22\/?post_type=product&#038;p=8535"},"modified":"2025-04-25T01:28:20","modified_gmt":"2025-04-24T22:28:20","slug":"energy-clarity-motivation","status":"publish","type":"product","link":"https:\/\/webseldonusum.net\/tema\/butuncul-saglik\/product\/energy-clarity-motivation\/","title":{"rendered":"Enerji, Netlik ve Motivasyon"},"content":{"rendered":"<p>Enerji, Netlik ve Motivasyon, modern ya\u015fam\u0131n getirdi\u011fi yorgunluk, zihin bulan\u0131kl\u0131\u011f\u0131 ve motivasyon eksikli\u011fiyle m\u00fccadele etmenize yard\u0131mc\u0131 olmak i\u00e7in tasarlanm\u0131\u015f bir takviye edici g\u0131dad\u0131r. \u0130\u00e7eri\u011findeki \u00f6zenle se\u00e7ilmi\u015f bile\u015fenler, enerji metabolizman\u0131z\u0131 destekleyerek fiziksel dayan\u0131kl\u0131l\u0131\u011f\u0131n\u0131z\u0131 art\u0131r\u0131r. Ayn\u0131 zamanda bili\u015fsel fonksiyonlar\u0131 destekleyerek odaklanma, haf\u0131za ve zihinsel berrakl\u0131k sa\u011flar. Hedeflerinize ula\u015fman\u0131z i\u00e7in gereken i\u00e7sel motivasyonu ate\u015flemeye yard\u0131mc\u0131 olur, g\u00fcne daha enerjik ve odaklanm\u0131\u015f ba\u015flaman\u0131z\u0131 sa\u011flar.<\/p>\n","protected":false},"excerpt":{"rendered":"<p>G\u00fcn boyu s\u00fcren enerji, zihinsel netlik ve motivasyon art\u0131\u015f\u0131 i\u00e7in \u00f6zel olarak form\u00fcle edilmi\u015ftir. Yo\u011fun g\u00fcnlerinizde performans\u0131n\u0131z\u0131 destekler.<\/p>\n","protected":false},"featured_media":44703,"comment_status":"open","ping_status":"closed","template":"","meta":{"_acf_changed":false},"product_brand":[],"product_cat":[60],"product_tag":[52,54],"class_list":{"0":"post-8535","1":"product","2":"type-product","3":"status-publish","4":"has-post-thumbnail","6":"product_cat-vitamins","7":"product_tag-health","8":"product_tag-immunity","10":"first","11":"instock","12":"shipping-taxable","13":"purchasable","14":"product-type-simple"},"acf":[],"yoast_head":"<!-- This site is optimized with the Yoast SEO plugin v24.9 - https:\/\/yoast.com\/wordpress\/plugins\/seo\/ -->\n<title>Enerji, Netlik ve Motivasyon - B\u00fct\u00fcnc\u00fcl Sa\u011fl\u0131k Web Sitesi Demo<\/title>\n<meta name=\"robots\" content=\"index, follow, max-snippet:-1, max-image-preview:large, max-video-preview:-1\" \/>\n<link rel=\"canonical\" href=\"https:\/\/webseldonusum.net\/tema\/butuncul-saglik\/product\/energy-clarity-motivation\/\" \/>\n<meta property=\"og:locale\" content=\"tr_TR\" \/>\n<meta property=\"og:type\" content=\"article\" \/>\n<meta property=\"og:title\" content=\"Enerji, Netlik ve Motivasyon - B\u00fct\u00fcnc\u00fcl Sa\u011fl\u0131k Web Sitesi Demo\" \/>\n<meta property=\"og:description\" content=\"G\u00fcn boyu s\u00fcren enerji, zihinsel netlik ve motivasyon art\u0131\u015f\u0131 i\u00e7in \u00f6zel olarak form\u00fcle edilmi\u015ftir. Yo\u011fun g\u00fcnlerinizde performans\u0131n\u0131z\u0131 destekler.\" \/>\n<meta property=\"og:url\" content=\"https:\/\/webseldonusum.net\/tema\/butuncul-saglik\/product\/energy-clarity-motivation\/\" \/>\n<meta property=\"og:site_name\" content=\"B\u00fct\u00fcnc\u00fcl Sa\u011fl\u0131k Web Sitesi Demo\" \/>\n<meta property=\"article:modified_time\" content=\"2025-04-24T22:28:20+00:00\" \/>\n<meta property=\"og:image\" content=\"https:\/\/webseldonusum.net\/tema\/butuncul-saglik\/wp-content\/uploads\/2021\/12\/56-shop-6-1.webp\" \/>\n\t<meta property=\"og:image:width\" content=\"1180\" \/>\n\t<meta property=\"og:image:height\" content=\"1180\" \/>\n\t<meta property=\"og:image:type\" content=\"image\/webp\" \/>\n<meta name=\"twitter:card\" content=\"summary_large_image\" \/>\n<script type=\"application\/ld+json\" class=\"yoast-schema-graph\">{\"@context\":\"https:\/\/schema.org\",\"@graph\":[{\"@type\":\"WebPage\",\"@id\":\"https:\/\/webseldonusum.net\/tema\/butuncul-saglik\/product\/energy-clarity-motivation\/\",\"url\":\"https:\/\/webseldonusum.net\/tema\/butuncul-saglik\/product\/energy-clarity-motivation\/\",\"name\":\"Enerji, Netlik ve Motivasyon - B\u00fct\u00fcnc\u00fcl Sa\u011fl\u0131k Web Sitesi Demo\",\"isPartOf\":{\"@id\":\"https:\/\/webseldonusum.net\/tema\/butuncul-saglik\/#website\"},\"primaryImageOfPage\":{\"@id\":\"https:\/\/webseldonusum.net\/tema\/butuncul-saglik\/product\/energy-clarity-motivation\/#primaryimage\"},\"image\":{\"@id\":\"https:\/\/webseldonusum.net\/tema\/butuncul-saglik\/product\/energy-clarity-motivation\/#primaryimage\"},\"thumbnailUrl\":\"https:\/\/webseldonusum.net\/tema\/butuncul-saglik\/wp-content\/uploads\/2021\/12\/56-shop-6-1.webp\",\"datePublished\":\"2021-12-21T11:22:55+00:00\",\"dateModified\":\"2025-04-24T22:28:20+00:00\",\"breadcrumb\":{\"@id\":\"https:\/\/webseldonusum.net\/tema\/butuncul-saglik\/product\/energy-clarity-motivation\/#breadcrumb\"},\"inLanguage\":\"tr\",\"potentialAction\":[{\"@type\":\"ReadAction\",\"target\":[\"https:\/\/webseldonusum.net\/tema\/butuncul-saglik\/product\/energy-clarity-motivation\/\"]}]},{\"@type\":\"ImageObject\",\"inLanguage\":\"tr\",\"@id\":\"https:\/\/webseldonusum.net\/tema\/butuncul-saglik\/product\/energy-clarity-motivation\/#primaryimage\",\"url\":\"https:\/\/webseldonusum.net\/tema\/butuncul-saglik\/wp-content\/uploads\/2021\/12\/56-shop-6-1.webp\",\"contentUrl\":\"https:\/\/webseldonusum.net\/tema\/butuncul-saglik\/wp-content\/uploads\/2021\/12\/56-shop-6-1.webp\",\"width\":1180,\"height\":1180},{\"@type\":\"BreadcrumbList\",\"@id\":\"https:\/\/webseldonusum.net\/tema\/butuncul-saglik\/product\/energy-clarity-motivation\/#breadcrumb\",\"itemListElement\":[{\"@type\":\"ListItem\",\"position\":1,\"name\":\"Anasayfa\",\"item\":\"https:\/\/webseldonusum.net\/tema\/butuncul-saglik\/\"},{\"@type\":\"ListItem\",\"position\":2,\"name\":\"Ma\u011faza\",\"item\":\"https:\/\/webseldonusum.net\/tema\/butuncul-saglik\/shop\/\"},{\"@type\":\"ListItem\",\"position\":3,\"name\":\"Enerji, Netlik ve Motivasyon\"}]},{\"@type\":\"WebSite\",\"@id\":\"https:\/\/webseldonusum.net\/tema\/butuncul-saglik\/#website\",\"url\":\"https:\/\/webseldonusum.net\/tema\/butuncul-saglik\/\",\"name\":\"B\u00fct\u00fcnc\u00fcl Sa\u011fl\u0131k Web Sitesi Demo\",\"description\":\"Websel D\u00f6n\u00fc\u015f\u00fcm Web Hizmetleri\",\"potentialAction\":[{\"@type\":\"SearchAction\",\"target\":{\"@type\":\"EntryPoint\",\"urlTemplate\":\"https:\/\/webseldonusum.net\/tema\/butuncul-saglik\/?s={search_term_string}\"},\"query-input\":{\"@type\":\"PropertyValueSpecification\",\"valueRequired\":true,\"valueName\":\"search_term_string\"}}],\"inLanguage\":\"tr\"}]}<\/script>\n<!-- \/ Yoast SEO plugin. -->","yoast_head_json":{"title":"Enerji, Netlik ve Motivasyon - B\u00fct\u00fcnc\u00fcl Sa\u011fl\u0131k Web Sitesi Demo","robots":{"index":"index","follow":"follow","max-snippet":"max-snippet:-1","max-image-preview":"max-image-preview:large","max-video-preview":"max-video-preview:-1"},"canonical":"https:\/\/webseldonusum.net\/tema\/butuncul-saglik\/product\/energy-clarity-motivation\/","og_locale":"tr_TR","og_type":"article","og_title":"Enerji, Netlik ve Motivasyon - B\u00fct\u00fcnc\u00fcl Sa\u011fl\u0131k Web Sitesi Demo","og_description":"G\u00fcn boyu s\u00fcren enerji, zihinsel netlik ve motivasyon art\u0131\u015f\u0131 i\u00e7in \u00f6zel olarak form\u00fcle edilmi\u015ftir. Yo\u011fun g\u00fcnlerinizde performans\u0131n\u0131z\u0131 destekler.","og_url":"https:\/\/webseldonusum.net\/tema\/butuncul-saglik\/product\/energy-clarity-motivation\/","og_site_name":"B\u00fct\u00fcnc\u00fcl Sa\u011fl\u0131k Web Sitesi Demo","article_modified_time":"2025-04-24T22:28:20+00:00","og_image":[{"width":1180,"height":1180,"url":"https:\/\/webseldonusum.net\/tema\/butuncul-saglik\/wp-content\/uploads\/2021\/12\/56-shop-6-1.webp","type":"image\/webp"}],"twitter_card":"summary_large_image","schema":{"@context":"https:\/\/schema.org","@graph":[{"@type":"WebPage","@id":"https:\/\/webseldonusum.net\/tema\/butuncul-saglik\/product\/energy-clarity-motivation\/","url":"https:\/\/webseldonusum.net\/tema\/butuncul-saglik\/product\/energy-clarity-motivation\/","name":"Enerji, Netlik ve Motivasyon - B\u00fct\u00fcnc\u00fcl Sa\u011fl\u0131k Web Sitesi Demo","isPartOf":{"@id":"https:\/\/webseldonusum.net\/tema\/butuncul-saglik\/#website"},"primaryImageOfPage":{"@id":"https:\/\/webseldonusum.net\/tema\/butuncul-saglik\/product\/energy-clarity-motivation\/#primaryimage"},"image":{"@id":"https:\/\/webseldonusum.net\/tema\/butuncul-saglik\/product\/energy-clarity-motivation\/#primaryimage"},"thumbnailUrl":"https:\/\/webseldonusum.net\/tema\/butuncul-saglik\/wp-content\/uploads\/2021\/12\/56-shop-6-1.webp","datePublished":"2021-12-21T11:22:55+00:00","dateModified":"2025-04-24T22:28:20+00:00","breadcrumb":{"@id":"https:\/\/webseldonusum.net\/tema\/butuncul-saglik\/product\/energy-clarity-motivation\/#breadcrumb"},"inLanguage":"tr","potentialAction":[{"@type":"ReadAction","target":["https:\/\/webseldonusum.net\/tema\/butuncul-saglik\/product\/energy-clarity-motivation\/"]}]},{"@type":"ImageObject","inLanguage":"tr","@id":"https:\/\/webseldonusum.net\/tema\/butuncul-saglik\/product\/energy-clarity-motivation\/#primaryimage","url":"https:\/\/webseldonusum.net\/tema\/butuncul-saglik\/wp-content\/uploads\/2021\/12\/56-shop-6-1.webp","contentUrl":"https:\/\/webseldonusum.net\/tema\/butuncul-saglik\/wp-content\/uploads\/2021\/12\/56-shop-6-1.webp","width":1180,"height":1180},{"@type":"BreadcrumbList","@id":"https:\/\/webseldonusum.net\/tema\/butuncul-saglik\/product\/energy-clarity-motivation\/#breadcrumb","itemListElement":[{"@type":"ListItem","position":1,"name":"Anasayfa","item":"https:\/\/webseldonusum.net\/tema\/butuncul-saglik\/"},{"@type":"ListItem","position":2,"name":"Ma\u011faza","item":"https:\/\/webseldonusum.net\/tema\/butuncul-saglik\/shop\/"},{"@type":"ListItem","position":3,"name":"Enerji, Netlik ve Motivasyon"}]},{"@type":"WebSite","@id":"https:\/\/webseldonusum.net\/tema\/butuncul-saglik\/#website","url":"https:\/\/webseldonusum.net\/tema\/butuncul-saglik\/","name":"B\u00fct\u00fcnc\u00fcl Sa\u011fl\u0131k Web Sitesi Demo","description":"Websel D\u00f6n\u00fc\u015f\u00fcm Web Hizmetleri","potentialAction":[{"@type":"SearchAction","target":{"@type":"EntryPoint","urlTemplate":"https:\/\/webseldonusum.net\/tema\/butuncul-saglik\/?s={search_term_string}"},"query-input":{"@type":"PropertyValueSpecification","valueRequired":true,"valueName":"search_term_string"}}],"inLanguage":"tr"}]}},"_links":{"self":[{"href":"https:\/\/webseldonusum.net\/tema\/butuncul-saglik\/wp-json\/wp\/v2\/product\/8535","targetHints":{"allow":["GET"]}}],"collection":[{"href":"https:\/\/webseldonusum.net\/tema\/butuncul-saglik\/wp-json\/wp\/v2\/product"}],"about":[{"href":"https:\/\/webseldonusum.net\/tema\/butuncul-saglik\/wp-json\/wp\/v2\/types\/product"}],"replies":[{"embeddable":true,"href":"https:\/\/webseldonusum.net\/tema\/butuncul-saglik\/wp-json\/wp\/v2\/comments?post=8535"}],"version-history":[{"count":4,"href":"https:\/\/webseldonusum.net\/tema\/butuncul-saglik\/wp-json\/wp\/v2\/product\/8535\/revisions"}],"predecessor-version":[{"id":44806,"href":"https:\/\/webseldonusum.net\/tema\/butuncul-saglik\/wp-json\/wp\/v2\/product\/8535\/revisions\/44806"}],"wp:featuredmedia":[{"embeddable":true,"href":"https:\/\/webseldonusum.net\/tema\/butuncul-saglik\/wp-json\/wp\/v2\/media\/44703"}],"wp:attachment":[{"href":"https:\/\/webseldonusum.net\/tema\/butuncul-saglik\/wp-json\/wp\/v2\/media?parent=8535"}],"wp:term":[{"taxonomy":"product_brand","embeddable":true,"href":"https:\/\/webseldonusum.net\/tema\/butuncul-saglik\/wp-json\/wp\/v2\/product_brand?post=8535"},{"taxonomy":"product_cat","embeddable":true,"href":"https:\/\/webseldonusum.net\/tema\/butuncul-saglik\/wp-json\/wp\/v2\/product_cat?post=8535"},{"taxonomy":"product_tag","embeddable":true,"href":"https:\/\/webseldonusum.net\/tema\/butuncul-saglik\/wp-json\/wp\/v2\/product_tag?post=8535"}],"curies":[{"name":"wp","href":"https:\/\/api.w.org\/{rel}","templated":true}]}}