{"id":40,"date":"2024-11-04T16:25:43","date_gmt":"2024-11-04T16:25:43","guid":{"rendered":"https:\/\/themexriver.com\/wp\/pixify\/?page_id=40"},"modified":"2025-04-26T00:50:20","modified_gmt":"2025-04-25T21:50:20","slug":"contact","status":"publish","type":"page","link":"https:\/\/webseldonusum.net\/tema\/danismanlik-2\/contact\/","title":{"rendered":"Contact"},"content":{"rendered":"\t\t<div data-elementor-type=\"wp-page\" data-elementor-id=\"40\" class=\"elementor elementor-40\">\n\t\t\t\t\t\t<section class=\"elementor-section elementor-top-section elementor-element elementor-element-b6b125e elementor-section-full_width elementor-section-height-default elementor-section-height-default\" data-id=\"b6b125e\" data-element_type=\"section\">\n\t\t\t\t\t\t<div class=\"elementor-container elementor-column-gap-default\">\n\t\t\t\t\t<div class=\"elementor-column elementor-col-100 elementor-top-column elementor-element elementor-element-4167742\" data-id=\"4167742\" data-element_type=\"column\">\n\t\t\t<div class=\"elementor-widget-wrap elementor-element-populated\">\n\t\t\t\t\t\t<div class=\"elementor-element elementor-element-dd646a5 elementor-widget elementor-widget-tx_cta elh-el tx_cta\" data-id=\"dd646a5\" data-element_type=\"widget\" data-settings=\"{&quot;design_style&quot;:&quot;style_5&quot;}\" data-widget_type=\"tx_cta.default\">\n\t\t\t\t<div class=\"elementor-widget-container\">\n\t\t\t\t\t<div class=\"pf-contact-3-area pt-145 tx-section\">\r\n    <div class=\"container pf-container-1\">\r\n        <div class=\"pf-contact-3-wrap\">\r\n            <div class=\"pf-contact-3-content\">\r\n                <h4 class=\"tx-title pf-sec-title-3 pf-contact-3-sec-title pf-split-2\"><span class=\"has-clr-gray\">Yeni zorluklar\u0131n<\/span>  \n                               \u00fcstesinden gelmek i\u00e7in \n                                <span class=\"has-clr-gray\">birlikte \u00e7al\u0131\u015fal\u0131m.<\/span><\/h4>\r\n                <div class=\"pf-contact-3-img-wrap wa-p-relative\">\r\n                                        <img decoding=\"async\" class=\"bg-shape\" src=\"https:\/\/webseldonusum.net\/tema\/danismanlik-2\/wp-content\/uploads\/2024\/11\/h3-shape-2.webp\"\r\n                    alt=\"h3-shape-2\">\r\n                    \r\n                    <div class=\"pf-contact-3-img\">\r\n                                                <img decoding=\"async\" class=\"img-1\" src=\"https:\/\/webseldonusum.net\/tema\/danismanlik-2\/wp-content\/uploads\/2024\/11\/h3-img-1.webp\"\r\n                        alt=\"h3-img-1\">\r\n                        \r\n                                                <img decoding=\"async\" class=\"img-2\" src=\"https:\/\/webseldonusum.net\/tema\/danismanlik-2\/wp-content\/uploads\/2024\/11\/h3-shape-1.webp\"\r\n                        alt=\"h3-shape-1\">\r\n                                            <\/div>\r\n\r\n                    <div class=\"pf-contact-3-img-sig\">\r\n                                                <img decoding=\"async\" class=\"sig-img\" src=\"https:\/\/webseldonusum.net\/tema\/danismanlik-2\/wp-content\/uploads\/2024\/11\/h3-signature.webp\"\r\n                        alt=\"h3-signature\">\r\n                        \r\n                                            <\/div>\r\n                <\/div>\r\n\r\n            <\/div>\r\n\r\n            <!-- right-form -->\r\n            <div class=\"pf-contact-3-form wow fadeInUp\">\r\n                <div class=\"pf-form-1\">\r\n                                        <h5 class=\"pf-form-1-title pf-h-1 tx-subTitle\">Size nas\u0131l yard\u0131mc\u0131 olabiliriz?<\/h5>\r\n                    \r\n                                        <div class=\"tx-contact-form\">\r\n                        \n<div class=\"wpcf7 no-js\" id=\"wpcf7-f5617-o1\" lang=\"en-US\" dir=\"ltr\" data-wpcf7-id=\"5617\">\n<div class=\"screen-reader-response\"><p role=\"status\" aria-live=\"polite\" aria-atomic=\"true\"><\/p> <ul><\/ul><\/div>\n<form action=\"\/tema\/danismanlik-2\/wp-json\/wp\/v2\/pages\/40#wpcf7-f5617-o1\" method=\"post\" class=\"wpcf7-form init\" aria-label=\"Contact form\" novalidate=\"novalidate\" data-status=\"init\">\n<div style=\"display: none;\">\n<input type=\"hidden\" name=\"_wpcf7\" value=\"5617\" \/>\n<input type=\"hidden\" name=\"_wpcf7_version\" value=\"6.0.6\" \/>\n<input type=\"hidden\" name=\"_wpcf7_locale\" value=\"en_US\" \/>\n<input type=\"hidden\" name=\"_wpcf7_unit_tag\" value=\"wpcf7-f5617-o1\" \/>\n<input type=\"hidden\" name=\"_wpcf7_container_post\" value=\"0\" \/>\n<input type=\"hidden\" name=\"_wpcf7_posted_data_hash\" value=\"\" \/>\n<\/div>\n<div class=\"pf-form-1-box\">\n    <div class=\"radio-wrap\">\n        <label class=\"pf-form-1-radio\">\n            <input type=\"radio\" id=\"age1\" name=\"age\" value=\"\">\n            <span>sTRATEJ\u0130K pLANLAMA<\/span>\n        <\/label>\n        <label class=\"pf-form-1-radio\">\n            <input type=\"radio\" id=\"age2\" name=\"age\" value=\"\">\n            <span>Finansal Dan\u0131\u015fmanl\u0131k<\/span>\n        <\/label>\n        <label class=\"pf-form-1-radio\">\n            <input type=\"radio\" id=\"age3\" name=\"age\" value=\"\">\n            <span>Operasyonel Optimizasyon<\/span>\n        <\/label>\n        <label class=\"pf-form-1-radio\">\n            <input type=\"radio\" id=\"age4\" name=\"age\" value=\"\">\n            <span>\u0130K Dan\u0131\u015fmanl\u0131\u011f\u0131<\/span>\n        <\/label>\n        <label class=\"pf-form-1-radio\">\n            <input type=\"radio\" id=\"age5\" name=\"age\" value=\"\">\n            <span>Pazarlama Dan\u0131\u015fmanl\u0131\u011f\u0131<\/span>\n        <\/label>\n        <label class=\"pf-form-1-radio\">\n            <input type=\"radio\" id=\"age6\" name=\"age\" value=\"\">\n            <span>Teknolojik Entegrasyon<\/span>\n        <\/label>\n    <\/div>\n<\/div>\n<div class=\"pf-form-1-box\">\n    <label class=\"pf-form-1-label\" for=\"fullname\">ad soyad<\/label>\n    <span class=\"wpcf7-form-control-wrap\" data-name=\"text-613\"><input size=\"40\" maxlength=\"400\" class=\"wpcf7-form-control wpcf7-text wpcf7-validates-as-required pf-form-1-input\" autocomplete=\"name\" aria-required=\"true\" aria-invalid=\"false\" placeholder=\"\u00f6r. Ahmet Necip\" value=\"\" type=\"text\" name=\"text-613\" \/><\/span>\n<\/div>\n<div class=\"pf-form-1-box\">\n    <label class=\"pf-form-1-label\" for=\"tel\">telefon<\/label>\n    <span class=\"wpcf7-form-control-wrap\" data-name=\"tel-613\"><input size=\"40\" maxlength=\"400\" class=\"wpcf7-form-control wpcf7-tel wpcf7-validates-as-required wpcf7-text wpcf7-validates-as-tel pf-form-1-input\" autocomplete=\"tel\" aria-required=\"true\" aria-invalid=\"false\" placeholder=\"+90 5......\" value=\"\" type=\"tel\" name=\"tel-613\" \/><\/span>\n<\/div>\n<div class=\"pf-form-1-box\">\n    <label class=\"pf-form-1-label\" for=\"gmail\">email<\/label>\n    <span class=\"wpcf7-form-control-wrap\" data-name=\"email-613\"><input size=\"40\" maxlength=\"400\" class=\"wpcf7-form-control wpcf7-email wpcf7-validates-as-required wpcf7-text wpcf7-validates-as-email pf-form-1-input\" autocomplete=\"email\" aria-required=\"true\" aria-invalid=\"false\" placeholder=\"info@alanadiniz.com\" value=\"\" type=\"email\" name=\"email-613\" \/><\/span>\n<\/div>\n<div class=\"pf-form-1-box\">\n    <label class=\"pf-form-1-label\" for=\"message\">mesaj<\/label>\n    <span class=\"wpcf7-form-control-wrap\" data-name=\"textarea-481\"><textarea cols=\"40\" rows=\"10\" maxlength=\"2000\" class=\"wpcf7-form-control wpcf7-textarea wpcf7-validates-as-required pf-form-1-input\" aria-required=\"true\" aria-invalid=\"false\" placeholder=\"Write your message here...\" name=\"textarea-481\"><\/textarea><\/span>\n<\/div>\n <div class=\"pf-form-1-box fix txxaslideup\">\n                                    <span class=\"txxaslideup-item pf-cube-1\">\n                                        <button type=\"submit\" aria-label=\"name\" class=\"pf-pr-6 \">\n                                            <span class=\"text\" data-back=\"Send Message\" data-front=\"G\u00d6NDER\"><\/span>\n                                            <span class=\"icon\">\n                                                <i data-feather=\"arrow-up-right\"><\/i>\n                                                <i data-feather=\"arrow-up-right\"><\/i>\n                                            <\/span>\n                                        <\/button>\n                                    <\/span>\n                                <\/div>\n<\/div><div class=\"wpcf7-response-output\" aria-hidden=\"true\"><\/div>\n<\/form>\n<\/div>\n                    <\/div>\r\n                                    <\/div>\r\n            <\/div>\r\n        <\/div>\r\n    <\/div>\r\n<\/div>\t\t\t\t<\/div>\n\t\t\t\t<\/div>\n\t\t\t\t\t<\/div>\n\t\t<\/div>\n\t\t\t\t\t<\/div>\n\t\t<\/section>\n\t\t\t\t<\/div>\n\t\t","protected":false},"excerpt":{"rendered":"<p>Yeni zorluklar\u0131n \u00fcstesinden gelmek i\u00e7in birlikte \u00e7al\u0131\u015fal\u0131m. Size nas\u0131l yard\u0131mc\u0131 olabiliriz? Strategic Planning Financial Consulting Operational Optimization HR Development Marketing Strategy Technology Integration name phone Email message<\/p>\n","protected":false},"author":1,"featured_media":0,"parent":0,"menu_order":0,"comment_status":"closed","ping_status":"closed","template":"elementor_header_footer","meta":{"inline_featured_image":false,"footnotes":""},"class_list":["post-40","page","type-page","status-publish","hentry"],"_links":{"self":[{"href":"https:\/\/webseldonusum.net\/tema\/danismanlik-2\/wp-json\/wp\/v2\/pages\/40","targetHints":{"allow":["GET"]}}],"collection":[{"href":"https:\/\/webseldonusum.net\/tema\/danismanlik-2\/wp-json\/wp\/v2\/pages"}],"about":[{"href":"https:\/\/webseldonusum.net\/tema\/danismanlik-2\/wp-json\/wp\/v2\/types\/page"}],"author":[{"embeddable":true,"href":"https:\/\/webseldonusum.net\/tema\/danismanlik-2\/wp-json\/wp\/v2\/users\/1"}],"replies":[{"embeddable":true,"href":"https:\/\/webseldonusum.net\/tema\/danismanlik-2\/wp-json\/wp\/v2\/comments?post=40"}],"version-history":[{"count":5,"href":"https:\/\/webseldonusum.net\/tema\/danismanlik-2\/wp-json\/wp\/v2\/pages\/40\/revisions"}],"predecessor-version":[{"id":6793,"href":"https:\/\/webseldonusum.net\/tema\/danismanlik-2\/wp-json\/wp\/v2\/pages\/40\/revisions\/6793"}],"wp:attachment":[{"href":"https:\/\/webseldonusum.net\/tema\/danismanlik-2\/wp-json\/wp\/v2\/media?parent=40"}],"curies":[{"name":"wp","href":"https:\/\/api.w.org\/{rel}","templated":true}]}}