{"id":5597,"date":"2024-12-07T07:42:04","date_gmt":"2024-12-07T07:42:04","guid":{"rendered":"https:\/\/themexriver.com\/wp\/pixify\/?page_id=5597"},"modified":"2025-04-26T00:38:00","modified_gmt":"2025-04-25T21:38:00","slug":"job-apply","status":"publish","type":"page","link":"https:\/\/webseldonusum.net\/tema\/danismanlik-2\/job-apply\/","title":{"rendered":"\u0130\u015f Ba\u015fvurusu"},"content":{"rendered":"\t\t<div data-elementor-type=\"wp-page\" data-elementor-id=\"5597\" class=\"elementor elementor-5597\">\n\t\t\t\t\t\t<section class=\"elementor-section elementor-top-section elementor-element elementor-element-6c2689f elementor-section-boxed elementor-section-height-default elementor-section-height-default\" data-id=\"6c2689f\" data-element_type=\"section\">\n\t\t\t\t\t\t<div class=\"elementor-container elementor-column-gap-default\">\n\t\t\t\t\t<div class=\"elementor-column elementor-col-100 elementor-top-column elementor-element elementor-element-1e18ee1\" data-id=\"1e18ee1\" data-element_type=\"column\">\n\t\t\t<div class=\"elementor-widget-wrap elementor-element-populated\">\n\t\t\t\t\t\t<section class=\"elementor-section elementor-inner-section elementor-element elementor-element-da9deb5 elementor-section-boxed elementor-section-height-default elementor-section-height-default\" data-id=\"da9deb5\" data-element_type=\"section\" data-settings=\"{&quot;background_background&quot;:&quot;classic&quot;}\">\n\t\t\t\t\t\t<div class=\"elementor-container elementor-column-gap-default\">\n\t\t\t\t\t<div class=\"elementor-column elementor-col-100 elementor-inner-column elementor-element elementor-element-1dbe30f\" data-id=\"1dbe30f\" data-element_type=\"column\">\n\t\t\t<div class=\"elementor-widget-wrap elementor-element-populated\">\n\t\t\t\t\t\t<div class=\"elementor-element elementor-element-47ce953 elementor-widget elementor-widget-heading\" data-id=\"47ce953\" data-element_type=\"widget\" data-widget_type=\"heading.default\">\n\t\t\t\t<div class=\"elementor-widget-container\">\n\t\t\t\t\t<h2 class=\"elementor-heading-title elementor-size-default\">Bu Pozisyona Ba\u015fvurun<\/h2>\t\t\t\t<\/div>\n\t\t\t\t<\/div>\n\t\t\t\t<div class=\"elementor-element elementor-element-311c244 elementor-widget elementor-widget-shortcode\" data-id=\"311c244\" data-element_type=\"widget\" data-widget_type=\"shortcode.default\">\n\t\t\t\t<div class=\"elementor-widget-container\">\n\t\t\t\t\t\t\t<div class=\"elementor-shortcode\">\n<div class=\"wpcf7 no-js\" id=\"wpcf7-f5607-o1\" lang=\"en-US\" dir=\"ltr\" data-wpcf7-id=\"5607\">\n<div class=\"screen-reader-response\"><p role=\"status\" aria-live=\"polite\" aria-atomic=\"true\"><\/p> <ul><\/ul><\/div>\n<form action=\"\/tema\/danismanlik-2\/wp-json\/wp\/v2\/pages\/5597#wpcf7-f5607-o1\" method=\"post\" class=\"wpcf7-form init\" aria-label=\"Contact form\" enctype=\"multipart\/form-data\" novalidate=\"novalidate\" data-status=\"init\">\n<div style=\"display: none;\">\n<input type=\"hidden\" name=\"_wpcf7\" value=\"5607\" \/>\n<input type=\"hidden\" name=\"_wpcf7_version\" value=\"6.0.6\" \/>\n<input type=\"hidden\" name=\"_wpcf7_locale\" value=\"en_US\" \/>\n<input type=\"hidden\" name=\"_wpcf7_unit_tag\" value=\"wpcf7-f5607-o1\" \/>\n<input type=\"hidden\" name=\"_wpcf7_container_post\" value=\"0\" \/>\n<input type=\"hidden\" name=\"_wpcf7_posted_data_hash\" value=\"\" \/>\n<\/div>\n<div class=\"pf-job-apply-form\">\n    <div class=\"pf-job-apply-form-box\">\n        <label class=\"pf-job-apply-form-label\" for=\"fname\">AD<\/label>\n        <span class=\"wpcf7-form-control-wrap\" data-name=\"text-423\"><input size=\"40\" maxlength=\"400\" class=\"wpcf7-form-control wpcf7-text wpcf7-validates-as-required pf-job-apply-form-input\" aria-required=\"true\" aria-invalid=\"false\" placeholder=\"e.g. Oliver Spiteri\" value=\"\" type=\"text\" name=\"text-423\" \/><\/span>\n    <\/div>\n    <div class=\"pf-job-apply-form-box\">\n        <label class=\"pf-job-apply-form-label\" for=\"lname\">SOYAD<\/label>\n        <span class=\"wpcf7-form-control-wrap\" data-name=\"text-424\"><input size=\"40\" maxlength=\"400\" class=\"wpcf7-form-control wpcf7-text wpcf7-validates-as-required pf-job-apply-form-input\" aria-required=\"true\" aria-invalid=\"false\" placeholder=\"\u00d6rn. Mehmet Demir\" value=\"\" type=\"text\" name=\"text-424\" \/><\/span>\n    <\/div>\n    <div class=\"pf-job-apply-form-box\">\n        <label class=\"pf-job-apply-form-label\" for=\"gmail\">Email<\/label>\n        <span class=\"wpcf7-form-control-wrap\" data-name=\"email-424\"><input size=\"40\" maxlength=\"400\" class=\"wpcf7-form-control wpcf7-email wpcf7-validates-as-required wpcf7-text wpcf7-validates-as-email pf-job-apply-form-input\" aria-required=\"true\" aria-invalid=\"false\" placeholder=\"info@alanadiniz.com\" value=\"\" type=\"email\" name=\"email-424\" \/><\/span>\n    <\/div>\n    <div class=\"pf-job-apply-form-box\">\n        <label class=\"pf-job-apply-form-label\" for=\"tel\">TELEFON<\/label>\n        <span class=\"wpcf7-form-control-wrap\" data-name=\"tel-424\"><input size=\"40\" maxlength=\"400\" class=\"wpcf7-form-control wpcf7-tel wpcf7-validates-as-required wpcf7-text wpcf7-validates-as-tel pf-job-apply-form-input\" aria-required=\"true\" aria-invalid=\"false\" placeholder=\"+90 5........\" value=\"\" type=\"tel\" name=\"tel-424\" \/><\/span>\n    <\/div>\n    <div class=\"pf-job-apply-form-box\">\n        <label class=\"pf-job-apply-form-label\" for=\"address\">adres<\/label>\n        <span class=\"wpcf7-form-control-wrap\" data-name=\"text-425\"><input size=\"40\" maxlength=\"400\" class=\"wpcf7-form-control wpcf7-text wpcf7-validates-as-required pf-job-apply-form-input\" aria-required=\"true\" aria-invalid=\"false\" placeholder=\"\u00d6rn. ... mahallesi ...\" value=\"\" type=\"text\" name=\"text-425\" \/><\/span>\n    <\/div>\n    <div class=\"pf-job-apply-form-box\">\n        <label class=\"pf-job-apply-form-label\" for=\"city\">\u015fehir<\/label>\n        <span class=\"wpcf7-form-control-wrap\" data-name=\"text-426\"><input size=\"40\" maxlength=\"400\" class=\"wpcf7-form-control wpcf7-text wpcf7-validates-as-required pf-job-apply-form-input\" aria-required=\"true\" aria-invalid=\"false\" placeholder=\"\u00d6rn. \u0130stanbul\" value=\"\" type=\"text\" name=\"text-426\" \/><\/span>\n    <\/div>\n    <div class=\"pf-job-apply-form-box\">\n        <label class=\"pf-job-apply-form-label\" for=\"Province\">il\u00e7e<\/label>\n        <span class=\"wpcf7-form-control-wrap\" data-name=\"text-427\"><input size=\"40\" maxlength=\"400\" class=\"wpcf7-form-control wpcf7-text wpcf7-validates-as-required pf-job-apply-form-input\" aria-required=\"true\" aria-invalid=\"false\" placeholder=\"\u00d6rn. Kad\u0131k\u00f6y\" value=\"\" type=\"text\" name=\"text-427\" \/><\/span>\n    <\/div>\n    <div class=\"pf-job-apply-form-box\">\n        <label class=\"pf-job-apply-form-label\" for=\"postal\">posta kodu<\/label>\n        <span class=\"wpcf7-form-control-wrap\" data-name=\"text-428\"><input size=\"40\" maxlength=\"400\" class=\"wpcf7-form-control wpcf7-text wpcf7-validates-as-required pf-job-apply-form-input\" aria-required=\"true\" aria-invalid=\"false\" placeholder=\"\u00d6rn. 745838\" value=\"\" type=\"text\" name=\"text-428\" \/><\/span>\n    <\/div>\n    <div class=\"pf-job-apply-form-box\">\n        <label class=\"pf-job-apply-form-label\" for=\"postal\">\u00fclke<\/label>\n        <span class=\"wpcf7-form-control-wrap\" data-name=\"select-334\"><select class=\"wpcf7-form-control wpcf7-select wpcf7-validates-as-required pf-job-apply-form-input country\" aria-required=\"true\" aria-invalid=\"false\" name=\"select-334\"><option value=\"\">\u00fclke se\u00e7iniz<\/option><option value=\"T\u00fcrkiye\">T\u00fcrkiye<\/option><option value=\"Almanya\">Almanya<\/option><option value=\"\u0130ngiltere\">\u0130ngiltere<\/option><option value=\"Kanada\">Kanada<\/option><option value=\"Bel\u00e7ika\">Bel\u00e7ika<\/option><\/select><\/span>\n    <\/div>\n    <div class=\"pf-job-apply-form-upload\">\n        <label class=\"pf-job-apply-form-label\" for=\"cover\">Referans mektubu<\/label>\n        <span class=\"wpcf7-form-control-wrap\" data-name=\"file-88\"><input size=\"40\" class=\"wpcf7-form-control wpcf7-file\" accept=\"audio\/*,video\/*,image\/*\" aria-invalid=\"false\" type=\"file\" name=\"file-88\" \/><\/span>\n        <label class=\"pf-job-apply-form-label\" for=\"resume\">Resume<\/label>\n        <span class=\"wpcf7-form-control-wrap\" data-name=\"file-89\"><input size=\"40\" class=\"wpcf7-form-control wpcf7-file\" accept=\"audio\/*,video\/*,image\/*\" aria-invalid=\"false\" type=\"file\" name=\"file-89\" \/><\/span>\n        <div class=\"pf-job-apply-form-box\">\n                                    <label class=\"pf-job-apply-form-label\" for=\"date\">date available<\/label>\n                                    <input class=\"pf-job-apply-form-input\" type=\"date\" placeholder=\"dd \/ mm \/ yyyy\">\n                                <\/div>\n                                <div class=\"pf-job-apply-form-box\">\n                                    <label class=\"pf-job-apply-form-label\" for=\"pay\">istenen \u00fccret<\/label>\n                                    <input class=\"pf-job-apply-form-input\" type=\"text\" placeholder=\"\u00d6rn. 75.000 TL\">\n                                <\/div>\n    <\/div>\n    <div class=\"pf-job-apply-form-box\">\n        <label class=\"pf-job-apply-form-label\" for=\"portfolio\">Web sitesi<\/label>\n        <span class=\"wpcf7-form-control-wrap\" data-name=\"text-430\"><input size=\"40\" maxlength=\"400\" class=\"wpcf7-form-control wpcf7-text wpcf7-validates-as-required pf-job-apply-form-input\" aria-required=\"true\" aria-invalid=\"false\" placeholder=\"\u00d6rn. www.alanadiniz.com\" value=\"\" type=\"text\" name=\"text-430\" \/><\/span>\n    <\/div>\n    <div class=\"pf-job-apply-form-box\">\n        <label class=\"pf-job-apply-form-label\" for=\"portfolio\">LinkedIn Profil URL<\/label>\n        <span class=\"wpcf7-form-control-wrap\" data-name=\"text-431\"><input size=\"40\" maxlength=\"400\" class=\"wpcf7-form-control wpcf7-text wpcf7-validates-as-required pf-job-apply-form-input\" aria-required=\"true\" aria-invalid=\"false\" placeholder=\"https:\/\/linkedin.com\" value=\"\" type=\"text\" name=\"text-431\" \/><\/span>\n    <\/div>\n    <div class=\"pf-job-apply-form-aditional\">\n        <div class=\"pf-job-apply-form-box\">\n            <label class=\"pf-job-apply-form-label-2\" for=\"zone\"> <\/label>\n            <span class=\"wpcf7-form-control-wrap\" data-name=\"radio-728\"><span class=\"wpcf7-form-control wpcf7-radio pf-job-apply-form-radio\"><span class=\"wpcf7-list-item first\"><label><input type=\"radio\" name=\"radio-728\" value=\"Yes\" \/><span class=\"wpcf7-list-item-label\">Yes<\/span><\/label><\/span><span class=\"wpcf7-list-item last\"><label><input type=\"radio\" name=\"radio-728\" value=\"No\" \/><span class=\"wpcf7-list-item-label\">No<\/span><\/label><\/span><\/span><\/span>\n        <\/div>\n        <div class=\"pf-job-apply-form-box\">\n            <label class=\"pf-job-apply-form-label-2\" for=\"lang\">What is your level of proficiency in English?<\/label>\n            <label class=\"pf-job-apply-form-radio d-block\" for=\"Native\">\n                <input type=\"radio\" id=\"Native\" name=\"radio2\" value=\"Native\">\n                <span class=\"inline-label\">Native<\/span>\n            <\/label>\n            <label class=\"pf-job-apply-form-radio d-block\" for=\"Bilingual\">\n                <input type=\"radio\" id=\"Bilingual\" name=\"radio2\" value=\"Bilingual\">\n                <span class=\"block-label\">Bilingual<\/span>\n            <\/label>\n            <label class=\"pf-job-apply-form-radio d-block\" for=\"Professional\">\n                <input type=\"radio\" id=\"Professional\" name=\"radio2\" value=\"Professional\">\n                <span class=\"block-label\">Professional<\/span>\n            <\/label>\n            <label class=\"pf-job-apply-form-radio d-block\" for=\"Limited\">\n                <input type=\"radio\" id=\"Limited\" name=\"radio2\" value=\"Limited\">\n                <span class=\"block-label\">Limited<\/span>\n            <\/label>\n            <label class=\"pf-job-apply-form-radio d-block\" for=\"Elementary\">\n                <input type=\"radio\" id=\"Elementary\" name=\"radio2\" value=\"Elementary\">\n                <span class=\"block-label\">Elementary<\/span>\n            <\/label>\n        <\/div>\n        <div class=\"pf-job-apply-form-box\">\n            <label class=\"pf-job-apply-form-label-2\" for=\"lang\">Where did you hear about this job opening?<\/label>\n            <label class=\"pf-job-apply-form-radio d-block\" for=\"Instagram\">\n                <input type=\"radio\" id=\"Instagram\" name=\"radio3\" value=\"Instagram\">\n                <span class=\"inline-label\">Instagram<\/span>\n            <\/label>\n            <label class=\"pf-job-apply-form-radio d-block\" for=\"Linkedin\">\n                <input type=\"radio\" id=\"Linkedin\" name=\"radio3\" value=\"Linkedin\">\n                <span class=\"block-label\">Linkedin<\/span>\n            <\/label>\n            <label class=\"pf-job-apply-form-radio d-block\" for=\"webseldonusum\">\n                <input type=\"radio\" id=\"webseldonusum\" name=\"radio3\" value=\"Websel D\u00f6n\u00fc\u015f\u00fcm Web Sitesi\">\n                <span class=\"block-label\">Websel D\u00f6n\u00fc\u015f\u00fcm Web Sitesi<\/span>\n            <\/label>\n            <label class=\"pf-job-apply-form-radio d-block\" for=\"Glassdoor\">\n                <input type=\"radio\" id=\"Glassdoor\" name=\"radio3\" value=\"Glassdoor \/ Indeed\">\n                <span class=\"block-label\">Glassdoor \/ Indeed<\/span>\n            <\/label>\n            <label class=\"pf-job-apply-form-radio d-block\" for=\"Other\">\n                <input type=\"radio\" id=\"Other\" name=\"radio3\" value=\"Di\u011fer\">\n                <span class=\"block-label\">Di\u011fer<\/span>\n            <\/label>\n        <\/div>\n        <div class=\"pf-job-apply-form-box\">\n                                    <label class=\"pf-job-apply-form-agree\" for=\"agree\">\n                                        <input type=\"checkbox\" id=\"agree\" name=\"checkbox\" value=\"agree\">\n                                        <span class=\"inline-label\">Bilgilerimin kvkk gere\u011fi kaydedilmesini onayl\u0131yorum<\/span>\n                                    <\/label>\n                                <\/div>\n    <\/div>\n    <div class=\"pf-job-apply-form-box fix txxaslideup\">\n        <button type=\"submit\" aria-label=\"name\" class=\"pf-pr-6 \">\n            <span class=\"text\" data-back=\"submit now\" data-front=\"G\u00d6NDER\"><\/span>\n            <span class=\"icon\">\n                <i data-feather=\"arrow-up-right\"><\/i>\n                <i data-feather=\"arrow-up-right\"><\/i>\n            <\/span>\n        <\/button>\n    <\/div>\n<\/div><div class=\"wpcf7-response-output\" aria-hidden=\"true\"><\/div>\n<\/form>\n<\/div>\n<\/div>\n\t\t\t\t\t\t<\/div>\n\t\t\t\t<\/div>\n\t\t\t\t\t<\/div>\n\t\t<\/div>\n\t\t\t\t\t<\/div>\n\t\t<\/section>\n\t\t\t\t\t<\/div>\n\t\t<\/div>\n\t\t\t\t\t<\/div>\n\t\t<\/section>\n\t\t\t\t<\/div>\n\t\t","protected":false},"excerpt":{"rendered":"<p>Bu Pozisyona Ba\u015fvurun<\/p>\n","protected":false},"author":1,"featured_media":0,"parent":0,"menu_order":0,"comment_status":"closed","ping_status":"closed","template":"elementor_header_footer","meta":{"inline_featured_image":false,"footnotes":""},"class_list":["post-5597","page","type-page","status-publish","hentry"],"_links":{"self":[{"href":"https:\/\/webseldonusum.net\/tema\/danismanlik-2\/wp-json\/wp\/v2\/pages\/5597","targetHints":{"allow":["GET"]}}],"collection":[{"href":"https:\/\/webseldonusum.net\/tema\/danismanlik-2\/wp-json\/wp\/v2\/pages"}],"about":[{"href":"https:\/\/webseldonusum.net\/tema\/danismanlik-2\/wp-json\/wp\/v2\/types\/page"}],"author":[{"embeddable":true,"href":"https:\/\/webseldonusum.net\/tema\/danismanlik-2\/wp-json\/wp\/v2\/users\/1"}],"replies":[{"embeddable":true,"href":"https:\/\/webseldonusum.net\/tema\/danismanlik-2\/wp-json\/wp\/v2\/comments?post=5597"}],"version-history":[{"count":4,"href":"https:\/\/webseldonusum.net\/tema\/danismanlik-2\/wp-json\/wp\/v2\/pages\/5597\/revisions"}],"predecessor-version":[{"id":6781,"href":"https:\/\/webseldonusum.net\/tema\/danismanlik-2\/wp-json\/wp\/v2\/pages\/5597\/revisions\/6781"}],"wp:attachment":[{"href":"https:\/\/webseldonusum.net\/tema\/danismanlik-2\/wp-json\/wp\/v2\/media?parent=5597"}],"curies":[{"name":"wp","href":"https:\/\/api.w.org\/{rel}","templated":true}]}}