{"id":5621,"date":"2024-12-07T10:06:55","date_gmt":"2024-12-07T10:06:55","guid":{"rendered":"https:\/\/themexriver.com\/wp\/pixify\/?page_id=5621"},"modified":"2025-04-26T00:47:04","modified_gmt":"2025-04-25T21:47:04","slug":"faq","status":"publish","type":"page","link":"https:\/\/webseldonusum.net\/tema\/danismanlik-2\/faq\/","title":{"rendered":"Faq"},"content":{"rendered":"\t\t<div data-elementor-type=\"wp-page\" data-elementor-id=\"5621\" class=\"elementor elementor-5621\">\n\t\t\t\t\t\t<section class=\"elementor-section elementor-top-section elementor-element elementor-element-159d066 elementor-section-boxed elementor-section-height-default elementor-section-height-default\" data-id=\"159d066\" data-element_type=\"section\">\n\t\t\t\t\t\t<div class=\"elementor-container elementor-column-gap-default\">\n\t\t\t\t\t<div class=\"elementor-column elementor-col-100 elementor-top-column elementor-element elementor-element-349b370\" data-id=\"349b370\" data-element_type=\"column\">\n\t\t\t<div class=\"elementor-widget-wrap elementor-element-populated\">\n\t\t\t\t\t\t<div class=\"elementor-element elementor-element-d72c1b9 elementor-widget elementor-widget-tx_heading elh-el tx_heading\" data-id=\"d72c1b9\" data-element_type=\"widget\" data-settings=\"{&quot;design_style&quot;:&quot;style_6&quot;}\" data-widget_type=\"tx_heading.default\">\n\t\t\t\t<div class=\"elementor-widget-container\">\n\t\t\t\t\t<div class=\"pf-about-inner-sec-title tx-heading-section m-0\">\r\n        <div class=\"pf-subtitle-3 has-inner tx-subTitle\">\r\n        S\u0131k Sorulan Sorular\n                            <span class=\"pf-subtitle-3-line\"><\/span>    <\/div>\r\n    <h2 class=\"tx-title pf-sec-title-6  pf-split-2\">En S\u0131k Sorulan Sorular\u0131n Cevaplar\u0131n\u0131 Sizin \u0130\u00e7in Derledik<\/h2>    <\/div>\t\t\t\t<\/div>\n\t\t\t\t<\/div>\n\t\t\t\t<div class=\"elementor-element elementor-element-e2c8178 elementor-widget elementor-widget-tx_faq elh-el tx_faq\" data-id=\"e2c8178\" data-element_type=\"widget\" data-settings=\"{&quot;design_style&quot;:&quot;style_4&quot;}\" data-widget_type=\"tx_faq.default\">\n\t\t\t\t<div class=\"elementor-widget-container\">\n\t\t\t\t\t<div class=\"pf-accordion has-v8\" id=\"accordionExample_806\">\r\n        <div class=\"pf-accordion-item wow fadeInUp\"  >\r\n        <div class=\"item-header\" id=\"heading1\">\r\n            <button class=\"item-title pf-h-1 \"\r\n                type=\"button\"\r\n                data-bs-toggle=\"collapse\"\r\n                data-bs-target=\"#collapse-806-0\"\r\n                aria-expanded=\"true\"\r\n                aria-controls=\"collapse-806-0\">\r\n                                <span class=\"shape\">\r\n                    <svg width=\"20\" height=\"20\" viewBox=\"0 0 20 20\" fill=\"none\" xmlns=\"http:\/\/www.w3.org\/2000\/svg\">\r\n                        <path fill-rule=\"evenodd\" clip-rule=\"evenodd\" d=\"M10.0387 9.18532C9.62415 4.0435 5.32 0 0.071429 0C0.071429 5.22424 4.07753 9.51281 9.18532 9.96128C4.0435 10.3758 2.29422e-07 14.68 0 19.9286C5.22424 19.9286 9.51281 15.9225 9.96128 10.8147C10.3758 15.9565 14.68 20 19.9286 20C19.9286 14.7758 15.9225 10.4872 10.8147 10.0387C15.9565 9.62416 20 5.32 20 0.0714286C14.7758 0.0714283 10.4872 4.07753 10.0387 9.18532ZM9.99975 10.0002L10.0002 10.0003L10.0003 9.99975C10.0001 9.99975 9.99975 9.99975 9.99975 9.99975V10.0002Z\" fill=\"#2AC8D3\"\/>\r\n                    <\/svg>\r\n                <\/span>\r\n                \r\n                Kurumsal \u0130\u015fletme Nedir?                <span class=\"icon\">\r\n                    <i class=\"fa-solid fa-plus\"><\/i>\r\n                <\/span>\r\n            <\/button>\r\n        <\/div>\r\n        <div id=\"collapse-806-0\"\r\n            class=\"accordion-collapse collapse show\"\r\n            aria-labelledby=\"heading-806-0\"\r\n            data-bs-parent=\"#accordionExample_806\">\r\n            <div class=\"item-body \">\r\n                <p class=\"pf-p-1\">\r\n                    Kurumsal i\u015fletme, belirli i\u015f hedeflerine ula\u015fmak i\u00e7in \u00e7ok say\u0131da payda\u015f\u0131 ve yap\u0131land\u0131r\u0131lm\u0131\u015f y\u00f6neti\u015fimi i\u00e7eren b\u00fcy\u00fck \u00f6l\u00e7ekli operasyonlar\u0131 ifade eder.                <\/p>\r\n            <\/div>\r\n        <\/div>\r\n    <\/div>\r\n        <div class=\"pf-accordion-item wow fadeInUp\"  >\r\n        <div class=\"item-header\" id=\"heading1\">\r\n            <button class=\"item-title pf-h-1 collapsed\"\r\n                type=\"button\"\r\n                data-bs-toggle=\"collapse\"\r\n                data-bs-target=\"#collapse-806-1\"\r\n                aria-expanded=\"false\"\r\n                aria-controls=\"collapse-806-1\">\r\n                                <span class=\"shape\">\r\n                    <svg width=\"20\" height=\"20\" viewBox=\"0 0 20 20\" fill=\"none\" xmlns=\"http:\/\/www.w3.org\/2000\/svg\">\r\n                        <path fill-rule=\"evenodd\" clip-rule=\"evenodd\" d=\"M10.0387 9.18532C9.62415 4.0435 5.32 0 0.071429 0C0.071429 5.22424 4.07753 9.51281 9.18532 9.96128C4.0435 10.3758 2.29422e-07 14.68 0 19.9286C5.22424 19.9286 9.51281 15.9225 9.96128 10.8147C10.3758 15.9565 14.68 20 19.9286 20C19.9286 14.7758 15.9225 10.4872 10.8147 10.0387C15.9565 9.62416 20 5.32 20 0.0714286C14.7758 0.0714283 10.4872 4.07753 10.0387 9.18532ZM9.99975 10.0002L10.0002 10.0003L10.0003 9.99975C10.0001 9.99975 9.99975 9.99975 9.99975 9.99975V10.0002Z\" fill=\"#2AC8D3\"\/>\r\n                    <\/svg>\r\n                <\/span>\r\n                \r\n                Kurumsal \u0130\u015fletmeler K\u00fc\u00e7\u00fck \u0130\u015fletmelerden Nas\u0131l Farkl\u0131la\u015f\u0131r?                <span class=\"icon\">\r\n                    <i class=\"fa-solid fa-plus\"><\/i>\r\n                <\/span>\r\n            <\/button>\r\n        <\/div>\r\n        <div id=\"collapse-806-1\"\r\n            class=\"accordion-collapse collapse \"\r\n            aria-labelledby=\"heading-806-1\"\r\n            data-bs-parent=\"#accordionExample_806\">\r\n            <div class=\"item-body \">\r\n                <p class=\"pf-p-1\">\r\n                    Kurumsal i\u015fletmeler genellikle daha b\u00fcy\u00fck \u00f6l\u00e7ekli, daha karma\u015f\u0131k organizasyon yap\u0131lar\u0131na, daha fazla kayna\u011fa ve genellikle halka a\u00e7\u0131k veya \u00e7ok say\u0131da \u00f6zel hissedara sahip olmalar\u0131yla k\u00fc\u00e7\u00fck i\u015fletmelerden ayr\u0131l\u0131rlar. K\u00fc\u00e7\u00fck i\u015fletmeler ise daha s\u0131n\u0131rl\u0131 kaynaklara, daha basit yap\u0131lara ve genellikle tek veya az say\u0131da sahibe sahiptir.                <\/p>\r\n            <\/div>\r\n        <\/div>\r\n    <\/div>\r\n        <div class=\"pf-accordion-item wow fadeInUp\"  >\r\n        <div class=\"item-header\" id=\"heading1\">\r\n            <button class=\"item-title pf-h-1 collapsed\"\r\n                type=\"button\"\r\n                data-bs-toggle=\"collapse\"\r\n                data-bs-target=\"#collapse-806-2\"\r\n                aria-expanded=\"false\"\r\n                aria-controls=\"collapse-806-2\">\r\n                                <span class=\"shape\">\r\n                    <svg width=\"20\" height=\"20\" viewBox=\"0 0 20 20\" fill=\"none\" xmlns=\"http:\/\/www.w3.org\/2000\/svg\">\r\n                        <path fill-rule=\"evenodd\" clip-rule=\"evenodd\" d=\"M10.0387 9.18532C9.62415 4.0435 5.32 0 0.071429 0C0.071429 5.22424 4.07753 9.51281 9.18532 9.96128C4.0435 10.3758 2.29422e-07 14.68 0 19.9286C5.22424 19.9286 9.51281 15.9225 9.96128 10.8147C10.3758 15.9565 14.68 20 19.9286 20C19.9286 14.7758 15.9225 10.4872 10.8147 10.0387C15.9565 9.62416 20 5.32 20 0.0714286C14.7758 0.0714283 10.4872 4.07753 10.0387 9.18532ZM9.99975 10.0002L10.0002 10.0003L10.0003 9.99975C10.0001 9.99975 9.99975 9.99975 9.99975 9.99975V10.0002Z\" fill=\"#2AC8D3\"\/>\r\n                    <\/svg>\r\n                <\/span>\r\n                \r\n                Kurumsal Bir Yap\u0131 Olu\u015fturman\u0131n Temel Faydalar\u0131 Nelerdir?                <span class=\"icon\">\r\n                    <i class=\"fa-solid fa-plus\"><\/i>\r\n                <\/span>\r\n            <\/button>\r\n        <\/div>\r\n        <div id=\"collapse-806-2\"\r\n            class=\"accordion-collapse collapse \"\r\n            aria-labelledby=\"heading-806-2\"\r\n            data-bs-parent=\"#accordionExample_806\">\r\n            <div class=\"item-body \">\r\n                <p class=\"pf-p-1\">\r\n                    Kurumsal bir yap\u0131 olu\u015fturmak; sahipler i\u00e7in s\u0131n\u0131rl\u0131 sorumluluk (\u015firket bor\u00e7lar\u0131ndan ki\u015fisel mal varl\u0131\u011f\u0131n\u0131n korunmas\u0131), sermayeye daha kolay eri\u015fim (hisse senedi ihrac\u0131 vb.), marka g\u00fcvenilirli\u011fi ve \u015firketin sahiplerinden ba\u011f\u0131ms\u0131z olarak varl\u0131\u011f\u0131n\u0131 s\u00fcrd\u00fcrebilmesi gibi \u00f6nemli avantajlar sa\u011flar.                <\/p>\r\n            <\/div>\r\n        <\/div>\r\n    <\/div>\r\n        <div class=\"pf-accordion-item wow fadeInUp\"  >\r\n        <div class=\"item-header\" id=\"heading1\">\r\n            <button class=\"item-title pf-h-1 collapsed\"\r\n                type=\"button\"\r\n                data-bs-toggle=\"collapse\"\r\n                data-bs-target=\"#collapse-806-3\"\r\n                aria-expanded=\"false\"\r\n                aria-controls=\"collapse-806-3\">\r\n                                <span class=\"shape\">\r\n                    <svg width=\"20\" height=\"20\" viewBox=\"0 0 20 20\" fill=\"none\" xmlns=\"http:\/\/www.w3.org\/2000\/svg\">\r\n                        <path fill-rule=\"evenodd\" clip-rule=\"evenodd\" d=\"M10.0387 9.18532C9.62415 4.0435 5.32 0 0.071429 0C0.071429 5.22424 4.07753 9.51281 9.18532 9.96128C4.0435 10.3758 2.29422e-07 14.68 0 19.9286C5.22424 19.9286 9.51281 15.9225 9.96128 10.8147C10.3758 15.9565 14.68 20 19.9286 20C19.9286 14.7758 15.9225 10.4872 10.8147 10.0387C15.9565 9.62416 20 5.32 20 0.0714286C14.7758 0.0714283 10.4872 4.07753 10.0387 9.18532ZM9.99975 10.0002L10.0002 10.0003L10.0003 9.99975C10.0001 9.99975 9.99975 9.99975 9.99975 9.99975V10.0002Z\" fill=\"#2AC8D3\"\/>\r\n                    <\/svg>\r\n                <\/span>\r\n                \r\n                Kurumsal \u0130\u015fletmeler S\u00fcrd\u00fcr\u00fclebilirli\u011fi Nas\u0131l Sa\u011flayabilir?                <span class=\"icon\">\r\n                    <i class=\"fa-solid fa-plus\"><\/i>\r\n                <\/span>\r\n            <\/button>\r\n        <\/div>\r\n        <div id=\"collapse-806-3\"\r\n            class=\"accordion-collapse collapse \"\r\n            aria-labelledby=\"heading-806-3\"\r\n            data-bs-parent=\"#accordionExample_806\">\r\n            <div class=\"item-body \">\r\n                <p class=\"pf-p-1\">\r\n                    Kurumsal i\u015fletmeler s\u00fcrd\u00fcr\u00fclebilirli\u011fi; \u00e7evresel etkiyi azaltarak, sosyal sorumluluk projeleri y\u00fcr\u00fcterek, etik i\u015f uygulamalar\u0131n\u0131 benimseyerek, uzun vadeli stratejiler geli\u015ftirerek ve payda\u015flar\u0131n (\u00e7al\u0131\u015fanlar, m\u00fc\u015fteriler, toplum) beklentilerini dikkate alarak sa\u011flayabilirler.                <\/p>\r\n            <\/div>\r\n        <\/div>\r\n    <\/div>\r\n        <div class=\"pf-accordion-item wow fadeInUp\"  >\r\n        <div class=\"item-header\" id=\"heading1\">\r\n            <button class=\"item-title pf-h-1 collapsed\"\r\n                type=\"button\"\r\n                data-bs-toggle=\"collapse\"\r\n                data-bs-target=\"#collapse-806-4\"\r\n                aria-expanded=\"false\"\r\n                aria-controls=\"collapse-806-4\">\r\n                                <span class=\"shape\">\r\n                    <svg width=\"20\" height=\"20\" viewBox=\"0 0 20 20\" fill=\"none\" xmlns=\"http:\/\/www.w3.org\/2000\/svg\">\r\n                        <path fill-rule=\"evenodd\" clip-rule=\"evenodd\" d=\"M10.0387 9.18532C9.62415 4.0435 5.32 0 0.071429 0C0.071429 5.22424 4.07753 9.51281 9.18532 9.96128C4.0435 10.3758 2.29422e-07 14.68 0 19.9286C5.22424 19.9286 9.51281 15.9225 9.96128 10.8147C10.3758 15.9565 14.68 20 19.9286 20C19.9286 14.7758 15.9225 10.4872 10.8147 10.0387C15.9565 9.62416 20 5.32 20 0.0714286C14.7758 0.0714283 10.4872 4.07753 10.0387 9.18532ZM9.99975 10.0002L10.0002 10.0003L10.0003 9.99975C10.0001 9.99975 9.99975 9.99975 9.99975 9.99975V10.0002Z\" fill=\"#2AC8D3\"\/>\r\n                    <\/svg>\r\n                <\/span>\r\n                \r\n                Kurumsal \u0130\u015fletmelerin Yayg\u0131n Olarak Kar\u015f\u0131la\u015ft\u0131\u011f\u0131 Zorluklar Nelerdir?                <span class=\"icon\">\r\n                    <i class=\"fa-solid fa-plus\"><\/i>\r\n                <\/span>\r\n            <\/button>\r\n        <\/div>\r\n        <div id=\"collapse-806-4\"\r\n            class=\"accordion-collapse collapse \"\r\n            aria-labelledby=\"heading-806-4\"\r\n            data-bs-parent=\"#accordionExample_806\">\r\n            <div class=\"item-body \">\r\n                <p class=\"pf-p-1\">\r\n                    Kurumsal i\u015fletmeler; yo\u011fun rekabet, karma\u015f\u0131k yasal d\u00fczenlemelere uyum sa\u011flama, pazar dalgalanmalar\u0131, yetenekli \u00e7al\u0131\u015fanlar\u0131 \u00e7ekme ve elde tutma, teknolojik de\u011fi\u015fimlere ayak uydurma ve kamuoyu nezdinde itibarlar\u0131n\u0131 y\u00f6netme gibi zorluklarla yayg\u0131n olarak kar\u015f\u0131la\u015f\u0131rlar.                <\/p>\r\n            <\/div>\r\n        <\/div>\r\n    <\/div>\r\n    \r\n<\/div>\t\t\t\t<\/div>\n\t\t\t\t<\/div>\n\t\t\t\t\t<\/div>\n\t\t<\/div>\n\t\t\t\t\t<\/div>\n\t\t<\/section>\n\t\t\t\t<\/div>\n\t\t","protected":false},"excerpt":{"rendered":"<p>S\u0131k Sorulan Sorular En S\u0131k Sorulan Sorular\u0131n Cevaplar\u0131n\u0131 Sizin \u0130\u00e7in Derledik Kurumsal \u0130\u015fletme Nedir? Kurumsal i\u015fletme, belirli i\u015f hedeflerine ula\u015fmak i\u00e7in \u00e7ok say\u0131da payda\u015f\u0131 ve yap\u0131land\u0131r\u0131lm\u0131\u015f y\u00f6neti\u015fimi i\u00e7eren b\u00fcy\u00fck \u00f6l\u00e7ekli operasyonlar\u0131 ifade eder. Kurumsal \u0130\u015fletmeler K\u00fc\u00e7\u00fck \u0130\u015fletmelerden Nas\u0131l Farkl\u0131la\u015f\u0131r? Kurumsal i\u015fletmeler genellikle daha b\u00fcy\u00fck \u00f6l\u00e7ekli, daha karma\u015f\u0131k organizasyon yap\u0131lar\u0131na, daha fazla kayna\u011fa ve genellikle halka [&hellip;]<\/p>\n","protected":false},"author":1,"featured_media":0,"parent":0,"menu_order":0,"comment_status":"closed","ping_status":"closed","template":"elementor_header_footer","meta":{"inline_featured_image":false,"footnotes":""},"class_list":["post-5621","page","type-page","status-publish","hentry"],"_links":{"self":[{"href":"https:\/\/webseldonusum.net\/tema\/danismanlik-2\/wp-json\/wp\/v2\/pages\/5621","targetHints":{"allow":["GET"]}}],"collection":[{"href":"https:\/\/webseldonusum.net\/tema\/danismanlik-2\/wp-json\/wp\/v2\/pages"}],"about":[{"href":"https:\/\/webseldonusum.net\/tema\/danismanlik-2\/wp-json\/wp\/v2\/types\/page"}],"author":[{"embeddable":true,"href":"https:\/\/webseldonusum.net\/tema\/danismanlik-2\/wp-json\/wp\/v2\/users\/1"}],"replies":[{"embeddable":true,"href":"https:\/\/webseldonusum.net\/tema\/danismanlik-2\/wp-json\/wp\/v2\/comments?post=5621"}],"version-history":[{"count":7,"href":"https:\/\/webseldonusum.net\/tema\/danismanlik-2\/wp-json\/wp\/v2\/pages\/5621\/revisions"}],"predecessor-version":[{"id":6789,"href":"https:\/\/webseldonusum.net\/tema\/danismanlik-2\/wp-json\/wp\/v2\/pages\/5621\/revisions\/6789"}],"wp:attachment":[{"href":"https:\/\/webseldonusum.net\/tema\/danismanlik-2\/wp-json\/wp\/v2\/media?parent=5621"}],"curies":[{"name":"wp","href":"https:\/\/api.w.org\/{rel}","templated":true}]}}