{"id":5702,"date":"2024-12-07T14:40:16","date_gmt":"2024-12-07T14:40:16","guid":{"rendered":"https:\/\/themexriver.com\/wp\/pixify\/?page_id=5702"},"modified":"2025-04-26T00:19:36","modified_gmt":"2025-04-25T21:19:36","slug":"our-projects","status":"publish","type":"page","link":"https:\/\/webseldonusum.net\/tema\/danismanlik-2\/our-projects\/","title":{"rendered":"Projelerimiz"},"content":{"rendered":"\t\t<div data-elementor-type=\"wp-page\" data-elementor-id=\"5702\" class=\"elementor elementor-5702\">\n\t\t\t\t\t\t<section class=\"elementor-section elementor-top-section elementor-element elementor-element-50b0bf8 elementor-section-boxed elementor-section-height-default elementor-section-height-default\" data-id=\"50b0bf8\" data-element_type=\"section\">\n\t\t\t\t\t\t<div class=\"elementor-container elementor-column-gap-default\">\n\t\t\t\t\t<div class=\"elementor-column elementor-col-100 elementor-top-column elementor-element elementor-element-b89401f\" data-id=\"b89401f\" data-element_type=\"column\">\n\t\t\t<div class=\"elementor-widget-wrap elementor-element-populated\">\n\t\t\t\t\t\t<div class=\"elementor-element elementor-element-76423b3 elementor-widget elementor-widget-tx_heading elh-el tx_heading\" data-id=\"76423b3\" data-element_type=\"widget\" data-settings=\"{&quot;design_style&quot;:&quot;style_6&quot;}\" data-widget_type=\"tx_heading.default\">\n\t\t\t\t<div class=\"elementor-widget-container\">\n\t\t\t\t\t<div class=\"pf-about-inner-sec-title tx-heading-section m-0\">\r\n        <div class=\"pf-subtitle-3 has-inner tx-subTitle\">\r\n        Son \u00e7al\u0131\u015fmalar\u0131m\u0131z\u0131 inceleyin\n                            <span class=\"pf-subtitle-3-line\"><\/span>    <\/div>\r\n    <h2 class=\"tx-title pf-sec-title-6  pf-split-2\">Projelerimizi Ke\u015ffedin: Yenilik\u00e7i Stratejiler ve <br>\u0130\u015fletmeleri D\u00f6n\u00fc\u015ft\u00fcren \u00c7\u00f6z\u00fcmler<\/h2>    <\/div>\t\t\t\t<\/div>\n\t\t\t\t<\/div>\n\t\t\t\t\t<\/div>\n\t\t<\/div>\n\t\t\t\t\t<\/div>\n\t\t<\/section>\n\t\t\t\t<section class=\"elementor-section elementor-top-section elementor-element elementor-element-8c1fc81 elementor-section-boxed elementor-section-height-default elementor-section-height-default\" data-id=\"8c1fc81\" data-element_type=\"section\">\n\t\t\t\t\t\t<div class=\"elementor-container elementor-column-gap-default\">\n\t\t\t\t\t<div class=\"elementor-column elementor-col-100 elementor-top-column elementor-element elementor-element-5b5c12f\" data-id=\"5b5c12f\" data-element_type=\"column\">\n\t\t\t<div class=\"elementor-widget-wrap elementor-element-populated\">\n\t\t\t\t\t\t<div class=\"elementor-element elementor-element-a249e8e elementor-widget elementor-widget-tx_info_box elh-el tx_info_box\" data-id=\"a249e8e\" data-element_type=\"widget\" data-settings=\"{&quot;design_style&quot;:&quot;style_2&quot;}\" data-widget_type=\"tx_info_box.default\">\n\t\t\t\t<div class=\"elementor-widget-container\">\n\t\t\t\t\t<div class=\"pf-solution-7-item active no_border_bottom\">\r\n    <div class=\"container pf-container-1\">\r\n        <div class=\"pf-solution-7-item-flex\">\r\n            <p class=\"item-number pf-p-5\"><span>s \/<\/span> 001<\/p>\r\n\r\n            <div class=\"content\">\r\n                                <h5 class=\"item-title pf-h-4\">\r\n                    <a href=\"https:\/\/webseldonusum.net\/tema\/danismanlik-2\/services\/strategic-planning\/\"\r\n                    target=\"_self\"\r\n                    rel= \"\">\r\n                        \u0130K Dan\u0131\u015fmanl\u0131\u011f\u0131                    <\/a>\r\n                <\/h5>\r\n                                                <p class=\"item-disc pf-p-5 tx-description\">M\u00fc\u015fteri odakl\u0131l\u0131\u011f\u0131m\u0131z, ki\u015fiselle\u015ftirilmi\u015f hizmet sunarak memnuniyeti sa\u011flar ve uzun vadeli ili\u015fkileri g\u00fc\u00e7lendirir.<\/p>\r\n                \r\n                            <\/div>\r\n\r\n                        <div class=\"item-img wa-img-cover wa-fix\">\r\n                <img decoding=\"async\" src=\"https:\/\/webseldonusum.net\/tema\/danismanlik-2\/wp-content\/uploads\/2024\/11\/s7-img-1.webp\"\r\n                alt=\"s7-img-1\" \/>\r\n            <\/div>\r\n                    <\/div>\r\n    <\/div>\r\n<\/div>\t\t\t\t<\/div>\n\t\t\t\t<\/div>\n\t\t\t\t<div class=\"elementor-element elementor-element-04fcfbf elementor-widget elementor-widget-tx_info_box elh-el tx_info_box\" data-id=\"04fcfbf\" data-element_type=\"widget\" data-settings=\"{&quot;design_style&quot;:&quot;style_2&quot;}\" data-widget_type=\"tx_info_box.default\">\n\t\t\t\t<div class=\"elementor-widget-container\">\n\t\t\t\t\t<div class=\"pf-solution-7-item active no_border_bottom\">\r\n    <div class=\"container pf-container-1\">\r\n        <div class=\"pf-solution-7-item-flex\">\r\n            <p class=\"item-number pf-p-5\"><span>s \/<\/span> 002<\/p>\r\n\r\n            <div class=\"content\">\r\n                                <h5 class=\"item-title pf-h-4\">\r\n                    <a href=\"https:\/\/webseldonusum.net\/tema\/danismanlik-2\/services\/strategic-planning\/\"\r\n                    target=\"_self\"\r\n                    rel= \"\">\r\n                        Teknolojik Entegrasyon                    <\/a>\r\n                <\/h5>\r\n                                                <p class=\"item-disc pf-p-5 tx-description\">M\u00fc\u015fteri odakl\u0131l\u0131\u011f\u0131m\u0131z, ki\u015fiselle\u015ftirilmi\u015f hizmet sunarak memnuniyeti sa\u011flar ve uzun vadeli ili\u015fkileri g\u00fc\u00e7lendirir.<\/p>\r\n                \r\n                            <\/div>\r\n\r\n                        <div class=\"item-img wa-img-cover wa-fix\">\r\n                <img decoding=\"async\" src=\"https:\/\/webseldonusum.net\/tema\/danismanlik-2\/wp-content\/uploads\/2024\/11\/s7-img-2.webp\"\r\n                alt=\"s7-img-2\" \/>\r\n            <\/div>\r\n                    <\/div>\r\n    <\/div>\r\n<\/div>\t\t\t\t<\/div>\n\t\t\t\t<\/div>\n\t\t\t\t<div class=\"elementor-element elementor-element-08f8295 elementor-widget elementor-widget-tx_info_box elh-el tx_info_box\" data-id=\"08f8295\" data-element_type=\"widget\" data-settings=\"{&quot;design_style&quot;:&quot;style_2&quot;}\" data-widget_type=\"tx_info_box.default\">\n\t\t\t\t<div class=\"elementor-widget-container\">\n\t\t\t\t\t<div class=\"pf-solution-7-item active no_border_bottom\">\r\n    <div class=\"container pf-container-1\">\r\n        <div class=\"pf-solution-7-item-flex\">\r\n            <p class=\"item-number pf-p-5\"><span>s \/<\/span> 003<\/p>\r\n\r\n            <div class=\"content\">\r\n                                <h5 class=\"item-title pf-h-4\">\r\n                    <a href=\"https:\/\/webseldonusum.net\/tema\/danismanlik-2\/services\/strategic-planning\/\"\r\n                    target=\"_self\"\r\n                    rel= \"\">\r\n                        Pazarlama Stratejisi                    <\/a>\r\n                <\/h5>\r\n                                                <p class=\"item-disc pf-p-5 tx-description\">M\u00fc\u015fteri odakl\u0131l\u0131\u011f\u0131m\u0131z, ki\u015fiselle\u015ftirilmi\u015f hizmet sunarak memnuniyeti sa\u011flar ve uzun vadeli ili\u015fkileri g\u00fc\u00e7lendirir.<\/p>\r\n                \r\n                            <\/div>\r\n\r\n                        <div class=\"item-img wa-img-cover wa-fix\">\r\n                <img decoding=\"async\" src=\"https:\/\/webseldonusum.net\/tema\/danismanlik-2\/wp-content\/uploads\/2024\/11\/s7-img-3.webp\"\r\n                alt=\"s7-img-3\" \/>\r\n            <\/div>\r\n                    <\/div>\r\n    <\/div>\r\n<\/div>\t\t\t\t<\/div>\n\t\t\t\t<\/div>\n\t\t\t\t<div class=\"elementor-element elementor-element-03edac1 elementor-widget elementor-widget-tx_info_box elh-el tx_info_box\" data-id=\"03edac1\" data-element_type=\"widget\" data-settings=\"{&quot;design_style&quot;:&quot;style_2&quot;}\" data-widget_type=\"tx_info_box.default\">\n\t\t\t\t<div class=\"elementor-widget-container\">\n\t\t\t\t\t<div class=\"pf-solution-7-item active no_border_bottom\">\r\n    <div class=\"container pf-container-1\">\r\n        <div class=\"pf-solution-7-item-flex\">\r\n            <p class=\"item-number pf-p-5\"><span>s \/<\/span> 004<\/p>\r\n\r\n            <div class=\"content\">\r\n                                <h5 class=\"item-title pf-h-4\">\r\n                    <a href=\"https:\/\/webseldonusum.net\/tema\/danismanlik-2\/services\/strategic-planning\/\"\r\n                    target=\"_self\"\r\n                    rel= \"\">\r\n                        Stratejik Planlama                    <\/a>\r\n                <\/h5>\r\n                                                <p class=\"item-disc pf-p-5 tx-description\">M\u00fc\u015fteri odakl\u0131l\u0131\u011f\u0131m\u0131z, ki\u015fiselle\u015ftirilmi\u015f hizmet sunarak memnuniyeti sa\u011flar ve uzun vadeli ili\u015fkileri g\u00fc\u00e7lendirir.<\/p>\r\n                \r\n                            <\/div>\r\n\r\n                        <div class=\"item-img wa-img-cover wa-fix\">\r\n                <img decoding=\"async\" src=\"https:\/\/webseldonusum.net\/tema\/danismanlik-2\/wp-content\/uploads\/2024\/11\/s7-img-4.webp\"\r\n                alt=\"s7-img-4\" \/>\r\n            <\/div>\r\n                    <\/div>\r\n    <\/div>\r\n<\/div>\t\t\t\t<\/div>\n\t\t\t\t<\/div>\n\t\t\t\t<div class=\"elementor-element elementor-element-573216b elementor-widget elementor-widget-tx_info_box elh-el tx_info_box\" data-id=\"573216b\" data-element_type=\"widget\" data-settings=\"{&quot;design_style&quot;:&quot;style_2&quot;}\" data-widget_type=\"tx_info_box.default\">\n\t\t\t\t<div class=\"elementor-widget-container\">\n\t\t\t\t\t<div class=\"pf-solution-7-item active no_border_bottom\">\r\n    <div class=\"container pf-container-1\">\r\n        <div class=\"pf-solution-7-item-flex\">\r\n            <p class=\"item-number pf-p-5\"><span>s \/<\/span> 005<\/p>\r\n\r\n            <div class=\"content\">\r\n                                <h5 class=\"item-title pf-h-4\">\r\n                    <a href=\"https:\/\/webseldonusum.net\/tema\/danismanlik-2\/services\/strategic-planning\/\"\r\n                    target=\"_self\"\r\n                    rel= \"\">\r\n                        Finansal Planlama                    <\/a>\r\n                <\/h5>\r\n                                                <p class=\"item-disc pf-p-5 tx-description\">M\u00fc\u015fteri odakl\u0131l\u0131\u011f\u0131m\u0131z, ki\u015fiselle\u015ftirilmi\u015f hizmet sunarak memnuniyeti sa\u011flar ve uzun vadeli ili\u015fkileri g\u00fc\u00e7lendirir.<\/p>\r\n                \r\n                            <\/div>\r\n\r\n                        <div class=\"item-img wa-img-cover wa-fix\">\r\n                <img decoding=\"async\" src=\"https:\/\/webseldonusum.net\/tema\/danismanlik-2\/wp-content\/uploads\/2024\/11\/s7-img-5.webp\"\r\n                alt=\"s7-img-5\" \/>\r\n            <\/div>\r\n                    <\/div>\r\n    <\/div>\r\n<\/div>\t\t\t\t<\/div>\n\t\t\t\t<\/div>\n\t\t\t\t<div class=\"elementor-element elementor-element-86484ba elementor-widget elementor-widget-tx_info_box elh-el tx_info_box\" data-id=\"86484ba\" data-element_type=\"widget\" data-settings=\"{&quot;design_style&quot;:&quot;style_2&quot;}\" data-widget_type=\"tx_info_box.default\">\n\t\t\t\t<div class=\"elementor-widget-container\">\n\t\t\t\t\t<div class=\"pf-solution-7-item active \">\r\n    <div class=\"container pf-container-1\">\r\n        <div class=\"pf-solution-7-item-flex\">\r\n            <p class=\"item-number pf-p-5\"><span>s \/<\/span> 006<\/p>\r\n\r\n            <div class=\"content\">\r\n                                <h5 class=\"item-title pf-h-4\">\r\n                    <a href=\"https:\/\/webseldonusum.net\/tema\/danismanlik-2\/services\/strategic-planning\/\"\r\n                    target=\"_self\"\r\n                    rel= \"\">\r\n                        Operasyonel Optimizasyon                    <\/a>\r\n                <\/h5>\r\n                                                <p class=\"item-disc pf-p-5 tx-description\">M\u00fc\u015fteri odakl\u0131l\u0131\u011f\u0131m\u0131z, ki\u015fiselle\u015ftirilmi\u015f hizmet sunarak memnuniyeti sa\u011flar ve uzun vadeli ili\u015fkileri g\u00fc\u00e7lendirir.<\/p>\r\n                \r\n                            <\/div>\r\n\r\n                        <div class=\"item-img wa-img-cover wa-fix\">\r\n                <img decoding=\"async\" src=\"https:\/\/webseldonusum.net\/tema\/danismanlik-2\/wp-content\/uploads\/2024\/11\/s7-img-6.webp\"\r\n                alt=\"s7-img-6\" \/>\r\n            <\/div>\r\n                    <\/div>\r\n    <\/div>\r\n<\/div>\t\t\t\t<\/div>\n\t\t\t\t<\/div>\n\t\t\t\t\t<\/div>\n\t\t<\/div>\n\t\t\t\t\t<\/div>\n\t\t<\/section>\n\t\t\t\t<\/div>\n\t\t","protected":false},"excerpt":{"rendered":"<p>Son \u00e7al\u0131\u015fmalar\u0131m\u0131z\u0131 inceleyin Projelerimizi Ke\u015ffedin: Yenilik\u00e7i Stratejiler ve \u0130\u015fletmeleri D\u00f6n\u00fc\u015ft\u00fcren \u00c7\u00f6z\u00fcmler s \/ 001 \u0130K Dan\u0131\u015fmanl\u0131\u011f\u0131 M\u00fc\u015fteri odakl\u0131l\u0131\u011f\u0131m\u0131z, ki\u015fiselle\u015ftirilmi\u015f hizmet sunarak memnuniyeti sa\u011flar ve uzun vadeli ili\u015fkileri g\u00fc\u00e7lendirir. s \/ 002 Teknolojik Entegrasyon M\u00fc\u015fteri odakl\u0131l\u0131\u011f\u0131m\u0131z, ki\u015fiselle\u015ftirilmi\u015f hizmet sunarak memnuniyeti sa\u011flar ve uzun vadeli ili\u015fkileri g\u00fc\u00e7lendirir. s \/ 003 Pazarlama Stratejisi M\u00fc\u015fteri odakl\u0131l\u0131\u011f\u0131m\u0131z, ki\u015fiselle\u015ftirilmi\u015f hizmet sunarak [&hellip;]<\/p>\n","protected":false},"author":1,"featured_media":0,"parent":0,"menu_order":0,"comment_status":"closed","ping_status":"closed","template":"elementor_header_footer","meta":{"inline_featured_image":false,"footnotes":""},"class_list":["post-5702","page","type-page","status-publish","hentry"],"_links":{"self":[{"href":"https:\/\/webseldonusum.net\/tema\/danismanlik-2\/wp-json\/wp\/v2\/pages\/5702","targetHints":{"allow":["GET"]}}],"collection":[{"href":"https:\/\/webseldonusum.net\/tema\/danismanlik-2\/wp-json\/wp\/v2\/pages"}],"about":[{"href":"https:\/\/webseldonusum.net\/tema\/danismanlik-2\/wp-json\/wp\/v2\/types\/page"}],"author":[{"embeddable":true,"href":"https:\/\/webseldonusum.net\/tema\/danismanlik-2\/wp-json\/wp\/v2\/users\/1"}],"replies":[{"embeddable":true,"href":"https:\/\/webseldonusum.net\/tema\/danismanlik-2\/wp-json\/wp\/v2\/comments?post=5702"}],"version-history":[{"count":5,"href":"https:\/\/webseldonusum.net\/tema\/danismanlik-2\/wp-json\/wp\/v2\/pages\/5702\/revisions"}],"predecessor-version":[{"id":6764,"href":"https:\/\/webseldonusum.net\/tema\/danismanlik-2\/wp-json\/wp\/v2\/pages\/5702\/revisions\/6764"}],"wp:attachment":[{"href":"https:\/\/webseldonusum.net\/tema\/danismanlik-2\/wp-json\/wp\/v2\/media?parent=5702"}],"curies":[{"name":"wp","href":"https:\/\/api.w.org\/{rel}","templated":true}]}}