{"id":5856,"date":"2024-12-07T17:33:07","date_gmt":"2024-12-07T17:33:07","guid":{"rendered":"https:\/\/themexriver.com\/wp\/pixify\/?page_id=5856"},"modified":"2025-04-25T14:53:35","modified_gmt":"2025-04-25T11:53:35","slug":"blog-grid","status":"publish","type":"page","link":"https:\/\/webseldonusum.net\/tema\/danismanlik-2\/blog-grid\/","title":{"rendered":"Blog Grid"},"content":{"rendered":"\t\t<div data-elementor-type=\"wp-page\" data-elementor-id=\"5856\" class=\"elementor elementor-5856\">\n\t\t\t\t\t\t<section class=\"elementor-section elementor-top-section elementor-element elementor-element-8d4f047 elementor-section-full_width elementor-section-height-default elementor-section-height-default\" data-id=\"8d4f047\" data-element_type=\"section\">\n\t\t\t\t\t\t<div class=\"elementor-container elementor-column-gap-default\">\n\t\t\t\t\t<div class=\"elementor-column elementor-col-100 elementor-top-column elementor-element elementor-element-340bbfc\" data-id=\"340bbfc\" data-element_type=\"column\">\n\t\t\t<div class=\"elementor-widget-wrap elementor-element-populated\">\n\t\t\t\t\t\t<div class=\"elementor-element elementor-element-440ea68 elementor-widget elementor-widget-tx_post_grid elh-el tx_post_grid\" data-id=\"440ea68\" data-element_type=\"widget\" data-settings=\"{&quot;design_style&quot;:&quot;style_7&quot;,&quot;columns&quot;:&quot;3&quot;,&quot;columns_tablet&quot;:&quot;2&quot;,&quot;columns_mobile&quot;:&quot;1&quot;}\" data-widget_type=\"tx_post_grid.default\">\n\t\t\t\t<div class=\"elementor-widget-container\">\n\t\t\t\t\t<div class=\"pf-blog-page-area pt-150 pb-140 tx-section\">\r\n    <div class=\"container pf-container-1\">\r\n        <div class=\"pf-blog-page-item\">\r\n                         <div class=\"pf-blog-2-item-single has-v8\">\r\n                <div class=\"item-img wa-img-cover wa-fix wa-p-relative\">\r\n                                        <img decoding=\"async\" src=\"https:\/\/webseldonusum.net\/tema\/danismanlik-2\/wp-content\/uploads\/2024\/10\/ser-1-1024x445.webp\"\r\n                    alt=\"Blog Grid\">\r\n                    \r\n                                        <h5 class=\"item-date\">\r\n                        <span>\r\n                            26                        <\/span>\r\n                        <span>\r\n                            May                        <\/span>\r\n                    <\/h5>\r\n                                    <\/div>\r\n\r\n                                <div class=\"item-meta\">\r\n                    <a href=\"https:\/\/webseldonusum.net\/tema\/danismanlik-2\/category\/digital-marketing\/\" aria-label=\"Digital Marketing\"\r\n                    class=\"item-meta-item\">\r\n                    Digital Marketing                    <\/a>\r\n                <\/div>\r\n                \r\n                <h4 class=\"pf-h-1 item-title\">\r\n                    <a href=\"https:\/\/webseldonusum.net\/tema\/danismanlik-2\/arama-motoru-optimizasyonu\/\">Arama Motoru Optimizasyonu<\/a>\r\n                <\/h4>\r\n\r\n                <p class=\"pf-p-3 item-disc\">\r\n                    26 May Clock Fly Strategy Pixify Enhances User Experience with Innovative Design...                <\/p>\r\n            <\/div>\r\n                        <div class=\"pf-blog-2-item-single has-v8\">\r\n                <div class=\"item-img wa-img-cover wa-fix wa-p-relative\">\r\n                                        <img decoding=\"async\" src=\"https:\/\/webseldonusum.net\/tema\/danismanlik-2\/wp-content\/uploads\/2024\/10\/ft-bg-1024x435.webp\"\r\n                    alt=\"Blog Grid\">\r\n                    \r\n                                        <h5 class=\"item-date\">\r\n                        <span>\r\n                            26                        <\/span>\r\n                        <span>\r\n                            May                        <\/span>\r\n                    <\/h5>\r\n                                    <\/div>\r\n\r\n                                <div class=\"item-meta\">\r\n                    <a href=\"https:\/\/webseldonusum.net\/tema\/danismanlik-2\/category\/digital-marketing\/\" aria-label=\"Digital Marketing\"\r\n                    class=\"item-meta-item\">\r\n                    Digital Marketing                    <\/a>\r\n                <\/div>\r\n                \r\n                <h4 class=\"pf-h-1 item-title\">\r\n                    <a href=\"https:\/\/webseldonusum.net\/tema\/danismanlik-2\/tiklama-basina-odeme-ppc-reklamciligi\/\">T\u0131klama Ba\u015f\u0131na \u00d6deme (PPC) Reklamc\u0131l\u0131\u011f\u0131<\/a>\r\n                <\/h4>\r\n\r\n                <p class=\"pf-p-3 item-disc\">\r\n                    26 May Clock Fly Strategy Pixify Enhances User Experience with Innovative Design...                <\/p>\r\n            <\/div>\r\n                        <div class=\"pf-blog-2-item-single has-v8\">\r\n                <div class=\"item-img wa-img-cover wa-fix wa-p-relative\">\r\n                                        <img decoding=\"async\" src=\"https:\/\/webseldonusum.net\/tema\/danismanlik-2\/wp-content\/uploads\/2024\/10\/about-bread-2-1024x485.webp\"\r\n                    alt=\"Blog Grid\">\r\n                    \r\n                                        <h5 class=\"item-date\">\r\n                        <span>\r\n                            26                        <\/span>\r\n                        <span>\r\n                            May                        <\/span>\r\n                    <\/h5>\r\n                                    <\/div>\r\n\r\n                                <div class=\"item-meta\">\r\n                    <a href=\"https:\/\/webseldonusum.net\/tema\/danismanlik-2\/category\/digital-marketing\/\" aria-label=\"Digital Marketing\"\r\n                    class=\"item-meta-item\">\r\n                    Digital Marketing                    <\/a>\r\n                <\/div>\r\n                \r\n                <h4 class=\"pf-h-1 item-title\">\r\n                    <a href=\"https:\/\/webseldonusum.net\/tema\/danismanlik-2\/icerik-pazarlamasi-deger-yarat-guven-kazan\/\">\u0130\u00e7erik Pazarlamas\u0131: De\u011fer Yarat, G\u00fcven Kazan<\/a>\r\n                <\/h4>\r\n\r\n                <p class=\"pf-p-3 item-disc\">\r\n                    26 May Clock Fly Strategy Pixify Enhances User Experience with Innovative Design...                <\/p>\r\n            <\/div>\r\n                        <div class=\"pf-blog-2-item-single has-v8\">\r\n                <div class=\"item-img wa-img-cover wa-fix wa-p-relative\">\r\n                                        <img decoding=\"async\" src=\"https:\/\/webseldonusum.net\/tema\/danismanlik-2\/wp-content\/uploads\/2024\/10\/get-in-1024x469.webp\"\r\n                    alt=\"Blog Grid\">\r\n                    \r\n                                        <h5 class=\"item-date\">\r\n                        <span>\r\n                            26                        <\/span>\r\n                        <span>\r\n                            May                        <\/span>\r\n                    <\/h5>\r\n                                    <\/div>\r\n\r\n                                <div class=\"item-meta\">\r\n                    <a href=\"https:\/\/webseldonusum.net\/tema\/danismanlik-2\/category\/digital-marketing\/\" aria-label=\"Digital Marketing\"\r\n                    class=\"item-meta-item\">\r\n                    Digital Marketing                    <\/a>\r\n                <\/div>\r\n                \r\n                <h4 class=\"pf-h-1 item-title\">\r\n                    <a href=\"https:\/\/webseldonusum.net\/tema\/danismanlik-2\/sosyal-medya-pazarlamasi-topluluk-insa-etmek\/\">Sosyal Medya Pazarlamas\u0131: Topluluk \u0130n\u015fa Etmek<\/a>\r\n                <\/h4>\r\n\r\n                <p class=\"pf-p-3 item-disc\">\r\n                    26 May Clock Fly Strategy Pixify Enhances User Experience with Innovative Design...                <\/p>\r\n            <\/div>\r\n                        <div class=\"pf-blog-2-item-single has-v8\">\r\n                <div class=\"item-img wa-img-cover wa-fix wa-p-relative\">\r\n                                        <img decoding=\"async\" src=\"https:\/\/webseldonusum.net\/tema\/danismanlik-2\/wp-content\/uploads\/2024\/09\/ser_4-1024x597.webp\"\r\n                    alt=\"Blog Grid\">\r\n                    \r\n                                        <h5 class=\"item-date\">\r\n                        <span>\r\n                            10                        <\/span>\r\n                        <span>\r\n                            Oca                        <\/span>\r\n                    <\/h5>\r\n                                    <\/div>\r\n\r\n                                <div class=\"item-meta\">\r\n                    <a href=\"https:\/\/webseldonusum.net\/tema\/danismanlik-2\/category\/digital-marketing\/\" aria-label=\"Digital Marketing\"\r\n                    class=\"item-meta-item\">\r\n                    Digital Marketing                    <\/a>\r\n                <\/div>\r\n                \r\n                <h4 class=\"pf-h-1 item-title\">\r\n                    <a href=\"https:\/\/webseldonusum.net\/tema\/danismanlik-2\/e-posta-pazarlamasi-kisisellestirilmis-iletisimin-gucu\/\">E-posta Pazarlamas\u0131: Ki\u015fiselle\u015ftirilmi\u015f \u0130leti\u015fimin G\u00fcc\u00fc<\/a>\r\n                <\/h4>\r\n\r\n                <p class=\"pf-p-3 item-disc\">\r\n                    26 May Clock Fly Strategy Pixify Enhances User Experience with Innovative Design...                <\/p>\r\n            <\/div>\r\n                        <div class=\"pf-blog-2-item-single has-v8\">\r\n                <div class=\"item-img wa-img-cover wa-fix wa-p-relative\">\r\n                                        <img decoding=\"async\" src=\"https:\/\/webseldonusum.net\/tema\/danismanlik-2\/wp-content\/uploads\/2024\/09\/video-bg-1024x498.webp\"\r\n                    alt=\"Blog Grid\">\r\n                    \r\n                                        <h5 class=\"item-date\">\r\n                        <span>\r\n                            10                        <\/span>\r\n                        <span>\r\n                            Oca                        <\/span>\r\n                    <\/h5>\r\n                                    <\/div>\r\n\r\n                                <div class=\"item-meta\">\r\n                    <a href=\"https:\/\/webseldonusum.net\/tema\/danismanlik-2\/category\/email-marketing\/\" aria-label=\"Email Pazarlama\"\r\n                    class=\"item-meta-item\">\r\n                    Email Pazarlama                    <\/a>\r\n                <\/div>\r\n                \r\n                <h4 class=\"pf-h-1 item-title\">\r\n                    <a href=\"https:\/\/webseldonusum.net\/tema\/danismanlik-2\/veri-analitigi-olc-anla-optimize-et\/\">Veri Analiti\u011fi: \u00d6l\u00e7, Anla, Optimize Et<\/a>\r\n                <\/h4>\r\n\r\n                <p class=\"pf-p-3 item-disc\">\r\n                    26 May Clock Fly Strategy Pixify Enhances User Experience with Innovative Design...                <\/p>\r\n            <\/div>\r\n                        <div class=\"pf-blog-2-item-single has-v8\">\r\n                <div class=\"item-img wa-img-cover wa-fix wa-p-relative\">\r\n                                        <img decoding=\"async\" src=\"https:\/\/webseldonusum.net\/tema\/danismanlik-2\/wp-content\/uploads\/2024\/10\/about-gallery.webp\"\r\n                    alt=\"about-gallery\">\r\n                    \r\n                                        <h5 class=\"item-date\">\r\n                        <span>\r\n                            10                        <\/span>\r\n                        <span>\r\n                            Oca                        <\/span>\r\n                    <\/h5>\r\n                                    <\/div>\r\n\r\n                                <div class=\"item-meta\">\r\n                    <a href=\"https:\/\/webseldonusum.net\/tema\/danismanlik-2\/category\/digital-strategy\/\" aria-label=\"Dijital Strateji\"\r\n                    class=\"item-meta-item\">\r\n                    Dijital Strateji                    <\/a>\r\n                <\/div>\r\n                \r\n                <h4 class=\"pf-h-1 item-title\">\r\n                    <a href=\"https:\/\/webseldonusum.net\/tema\/danismanlik-2\/mobil-pazarlama-avucunuzun-icindeki-firsat\/\">Mobil Pazarlama: Avucunuzun \u0130\u00e7indeki F\u0131rsat<\/a>\r\n                <\/h4>\r\n\r\n                <p class=\"pf-p-3 item-disc\">\r\n                    26 May Clock Fly Strategy Pixify Enhances User Experience with Innovative Design...                <\/p>\r\n            <\/div>\r\n                        <div class=\"pf-blog-2-item-single has-v8\">\r\n                <div class=\"item-img wa-img-cover wa-fix wa-p-relative\">\r\n                                        <img decoding=\"async\" src=\"https:\/\/webseldonusum.net\/tema\/danismanlik-2\/wp-content\/uploads\/2024\/09\/ser_3-1024x597.webp\"\r\n                    alt=\"Blog Grid\">\r\n                    \r\n                                        <h5 class=\"item-date\">\r\n                        <span>\r\n                            10                        <\/span>\r\n                        <span>\r\n                            Oca                        <\/span>\r\n                    <\/h5>\r\n                                    <\/div>\r\n\r\n                                <div class=\"item-meta\">\r\n                    <a href=\"https:\/\/webseldonusum.net\/tema\/danismanlik-2\/category\/digital-marketing\/\" aria-label=\"Digital Marketing\"\r\n                    class=\"item-meta-item\">\r\n                    Digital Marketing                    <\/a>\r\n                <\/div>\r\n                \r\n                <h4 class=\"pf-h-1 item-title\">\r\n                    <a href=\"https:\/\/webseldonusum.net\/tema\/danismanlik-2\/influencer-pazarlamasi-guvenilir-seslerden-yararlanin\/\">Influencer Pazarlamas\u0131: G\u00fcvenilir Seslerden Yararlan\u0131n<\/a>\r\n                <\/h4>\r\n\r\n                <p class=\"pf-p-3 item-disc\">\r\n                    26 May Clock Fly Strategy Pixify Enhances User Experience with Innovative Design...                <\/p>\r\n            <\/div>\r\n                    <\/div>\r\n    <\/div>\r\n<\/div>\t\t\t\t<\/div>\n\t\t\t\t<\/div>\n\t\t\t\t\t<\/div>\n\t\t<\/div>\n\t\t\t\t\t<\/div>\n\t\t<\/section>\n\t\t\t\t<\/div>\n\t\t","protected":false},"excerpt":{"rendered":"<p>26 May Clock Fly Strategy Pixify Enhances User Experience with Innovative Design Features in 2024 26 May Clock Fly Strategy Pixify Enhances User Experience with Innovative Design&#8230; 26 May Clock Fly Strategy Pixify Unveils Tool, Redefining Corporate Visual Design and Creativity 26 May Clock Fly Strategy Pixify Enhances User Experience with Innovative Design&#8230; 26 May [&hellip;]<\/p>\n","protected":false},"author":1,"featured_media":0,"parent":0,"menu_order":0,"comment_status":"closed","ping_status":"closed","template":"elementor_header_footer","meta":{"inline_featured_image":false,"footnotes":""},"class_list":["post-5856","page","type-page","status-publish","hentry"],"_links":{"self":[{"href":"https:\/\/webseldonusum.net\/tema\/danismanlik-2\/wp-json\/wp\/v2\/pages\/5856","targetHints":{"allow":["GET"]}}],"collection":[{"href":"https:\/\/webseldonusum.net\/tema\/danismanlik-2\/wp-json\/wp\/v2\/pages"}],"about":[{"href":"https:\/\/webseldonusum.net\/tema\/danismanlik-2\/wp-json\/wp\/v2\/types\/page"}],"author":[{"embeddable":true,"href":"https:\/\/webseldonusum.net\/tema\/danismanlik-2\/wp-json\/wp\/v2\/users\/1"}],"replies":[{"embeddable":true,"href":"https:\/\/webseldonusum.net\/tema\/danismanlik-2\/wp-json\/wp\/v2\/comments?post=5856"}],"version-history":[{"count":1,"href":"https:\/\/webseldonusum.net\/tema\/danismanlik-2\/wp-json\/wp\/v2\/pages\/5856\/revisions"}],"predecessor-version":[{"id":6539,"href":"https:\/\/webseldonusum.net\/tema\/danismanlik-2\/wp-json\/wp\/v2\/pages\/5856\/revisions\/6539"}],"wp:attachment":[{"href":"https:\/\/webseldonusum.net\/tema\/danismanlik-2\/wp-json\/wp\/v2\/media?parent=5856"}],"curies":[{"name":"wp","href":"https:\/\/api.w.org\/{rel}","templated":true}]}}