{"id":28479,"date":"2020-05-16T13:58:57","date_gmt":"2020-05-16T13:58:57","guid":{"rendered":"https:\/\/theme-dev.cmsmasters.net\/dentalist\/?page_id=28479"},"modified":"2025-06-21T17:56:12","modified_gmt":"2025-06-21T14:56:12","slug":"randevu","status":"publish","type":"page","link":"https:\/\/webseldonusum.net\/tema\/kisisel-gelisim\/randevu\/","title":{"rendered":"Randevu"},"content":{"rendered":"\t\t<div data-elementor-type=\"wp-page\" data-elementor-id=\"28479\" class=\"elementor elementor-28479\">\n\t\t\t\t<div class=\"elementor-element elementor-element-e4fbb17 e-flex e-con-boxed cmsmasters-block-default e-con e-parent\" data-id=\"e4fbb17\" data-element_type=\"container\">\n\t\t\t\t\t<div class=\"e-con-inner\">\n\t\t<div class=\"elementor-element elementor-element-d498541 elementor-hidden-tablet elementor-hidden-phone e-con-full e-flex cmsmasters-bg-hide-none cmsmasters-bg-hide-none cmsmasters-block-default e-con e-child\" data-id=\"d498541\" data-element_type=\"container\" data-settings=\"{&quot;background_background&quot;:&quot;classic&quot;}\">\n\t\t\t\t<div class=\"elementor-element elementor-element-01cb58c cmsmasters-block-default cmsmasters-sticky-default elementor-widget elementor-widget-spacer\" data-id=\"01cb58c\" data-element_type=\"widget\" data-widget_type=\"spacer.default\">\n\t\t\t\t<div class=\"elementor-widget-container\">\n\t\t\t\t\t\t\t<div class=\"elementor-spacer\">\n\t\t\t<div class=\"elementor-spacer-inner\"><\/div>\n\t\t<\/div>\n\t\t\t\t\t\t<\/div>\n\t\t\t\t<\/div>\n\t\t\t\t<\/div>\n\t\t<div class=\"elementor-element elementor-element-5b947cd e-con-full e-flex cmsmasters-block-default e-con e-child\" data-id=\"5b947cd\" data-element_type=\"container\" data-settings=\"{&quot;background_background&quot;:&quot;classic&quot;}\">\n\t\t\t\t<div class=\"elementor-element elementor-element-b6590a8 cmsmasters-block-default cmsmasters-sticky-default elementor-invisible elementor-widget elementor-widget-image\" data-id=\"b6590a8\" data-element_type=\"widget\" data-settings=\"{&quot;_animation&quot;:&quot;rotateIn&quot;}\" data-widget_type=\"image.default\">\n\t\t\t\t<div class=\"elementor-widget-container\">\n\t\t\t\t\t\t\t\t\t\t\t\t\t\t\t<img fetchpriority=\"high\" decoding=\"async\" width=\"512\" height=\"512\" src=\"https:\/\/webseldonusum.net\/tema\/kisisel-gelisim\/wp-content\/uploads\/2025\/04\/favicon.png\" class=\"attachment-full size-full wp-image-39820\" alt=\"\" srcset=\"https:\/\/webseldonusum.net\/tema\/kisisel-gelisim\/wp-content\/uploads\/2025\/04\/favicon.png 512w, https:\/\/webseldonusum.net\/tema\/kisisel-gelisim\/wp-content\/uploads\/2025\/04\/favicon-300x300.png 300w, https:\/\/webseldonusum.net\/tema\/kisisel-gelisim\/wp-content\/uploads\/2025\/04\/favicon-100x100.png 100w, https:\/\/webseldonusum.net\/tema\/kisisel-gelisim\/wp-content\/uploads\/2025\/04\/favicon-150x150.png 150w, https:\/\/webseldonusum.net\/tema\/kisisel-gelisim\/wp-content\/uploads\/2025\/04\/favicon-260x260.png 260w\" sizes=\"(max-width: 512px) 100vw, 512px\" \/>\t\t\t\t\t\t\t\t\t\t\t\t\t\t\t<\/div>\n\t\t\t\t<\/div>\n\t\t\t\t<div class=\"elementor-element elementor-element-8561547 cmsmasters-block-default cmsmasters-sticky-default elementor-invisible elementor-widget elementor-widget-heading\" data-id=\"8561547\" data-element_type=\"widget\" data-settings=\"{&quot;_animation&quot;:&quot;fadeIn&quot;,&quot;_animation_delay&quot;:200}\" data-widget_type=\"heading.default\">\n\t\t\t\t<div class=\"elementor-widget-container\">\n\t\t\t\t\t<h2 class=\"elementor-heading-title elementor-size-default\">Randevu Olu\u015ftur<\/h2>\t\t\t\t<\/div>\n\t\t\t\t<\/div>\n\t\t\t\t<div class=\"elementor-element elementor-element-6ab1c96 cmsmasters-block-default cmsmasters-sticky-default elementor-invisible elementor-widget elementor-widget-text-editor\" data-id=\"6ab1c96\" data-element_type=\"widget\" data-settings=\"{&quot;_animation&quot;:&quot;fadeIn&quot;,&quot;_animation_delay&quot;:400}\" data-widget_type=\"text-editor.default\">\n\t\t\t\t<div class=\"elementor-widget-container\">\n\t\t\t\t\t\t\t\t\t<p>Sizi tan\u0131mak ve birlikte de\u011fer yaratmak i\u00e7in sab\u0131rs\u0131zlan\u0131yoruz.<\/p>\t\t\t\t\t\t\t\t<\/div>\n\t\t\t\t<\/div>\n\t\t\t\t<div class=\"elementor-element elementor-element-0e620c3 cmsmasters-block-default cmsmasters-sticky-default elementor-widget elementor-widget-cmsmasters-forminator\" data-id=\"0e620c3\" data-element_type=\"widget\" data-settings=\"{&quot;form_list&quot;:&quot;46&quot;}\" data-widget_type=\"cmsmasters-forminator.default\">\n\t\t\t\t<div class=\"elementor-widget-container\">\n\t\t\t\t\t<div class=\"elementor-widget-cmsmasters-contact-form__wrapper elementor-widget-cmsmasters-contact-form cmsmasters-default-color cmsmasters-default-font\" id=\"cmsmasters-widget-form-0e620c3\">\r\n\t\t\t<div class=\"elementor-widget-cmsmasters-contact-form__inner\"><div class=\"forminator-ui forminator-custom-form forminator-custom-form-46 forminator-design--default forminator-custom forminator_ajax\" data-forminator-render=\"0\" data-form=\"forminator-module-46\" data-uid=\"69eb7c7c9d617\"><br\/><\/div><form\n\t\t\t\tid=\"forminator-module-46\"\n\t\t\t\tclass=\"forminator-ui forminator-custom-form forminator-custom-form-46 forminator-design--default forminator-custom forminator_ajax\"\n\t\t\t\tmethod=\"post\"\n\t\t\t\tdata-forminator-render=\"0\"\n\t\t\t\tdata-form-id=\"46\"\n\t\t\t\t data-color-option=\"default\" data-design=\"default\" data-grid=\"custom\" style=\"display: none;\"\n\t\t\t\tdata-uid=\"69eb7c7c9d617\"\n\t\t\t><div role=\"alert\" aria-live=\"polite\" class=\"forminator-response-message forminator-error\" aria-hidden=\"true\"><\/div><div class=\"forminator-row\"><div id=\"name-1\" class=\"forminator-field-name forminator-col forminator-col-12 \"><div class=\"forminator-field\"><input type=\"text\" name=\"name-1\" value=\"\" placeholder=\"Ad\u0131n\u0131z, Soyad\u0131n\u0131z\" id=\"forminator-field-name-1_69eb7c7c9d617\" class=\"forminator-input forminator-name--field\" aria-required=\"true\" autocomplete=\"name\" \/><\/div><\/div><\/div><div class=\"forminator-row\"><div id=\"phone-1\" class=\"forminator-field-phone forminator-col forminator-col-6 \"><div class=\"forminator-field\"><input type=\"text\" name=\"phone-1\" value=\"\" placeholder=\"Telefonunuz\" id=\"forminator-field-phone-1_69eb7c7c9d617\" class=\"forminator-input forminator-field--phone\" data-required=\"1\" aria-required=\"true\" autocomplete=\"off\" \/><\/div><\/div><div id=\"email-1\" class=\"forminator-field-email forminator-col forminator-col-6 \"><div class=\"forminator-field\"><input type=\"email\" name=\"email-1\" value=\"\" placeholder=\"E-Posta Adresiniz\" id=\"forminator-field-email-1_69eb7c7c9d617\" class=\"forminator-input forminator-email--field\" data-required=\"\" aria-required=\"false\" autocomplete=\"email\" \/><\/div><\/div><\/div><div class=\"forminator-row\"><div id=\"select-1\" class=\"forminator-field-select forminator-col forminator-col-12 \"><div class=\"forminator-field\"><select  id=\"forminator-form-46__field--select-1_69eb7c7c9d617\" class=\"forminator-select--field forminator-select2 forminator-select2-multiple\" data-required=\"\" name=\"select-1\" data-default-value=\"\" data-hidden-behavior=\"zero\" data-placeholder=\"Hizmet Se\u00e7iniz\" data-search=\"false\" data-search-placeholder=\"Hizmet Se\u00e7iniz\" data-checkbox=\"false\" data-allow-clear=\"false\" aria-labelledby=\"forminator-form-46__field--select-1_69eb7c7c9d617-label\"><option value=\"\"  >Hizmet Se\u00e7iniz<\/option><option value=\"one\"  data-calculation=\"0\">Finansal Analiz<\/option><option value=\"two\"  data-calculation=\"0\">Dijital D\u00f6n\u00fc\u015f\u00fcm<\/option><option value=\"Deep-Restoration\"  data-calculation=\"0\">\u00c7al\u0131\u015fan E\u011fitimleri<\/option><option value=\"Inner-Glow-Detox\"  data-calculation=\"0\">Stratejik Planlama<\/option><option value=\"Moon-&amp;-Soul-Ritual\"  data-calculation=\"0\">Pazarlama Stratejisi<\/option><option value=\"Blissful-Renewal-Day\"  data-calculation=\"0\">Otomasyon ve Yapay Zeka<\/option><\/select><\/div><\/div><\/div><div class=\"forminator-row\"><div id=\"date-1\" class=\"forminator-field-date forminator-col forminator-col-6 \"><div class=\"forminator-field\"><input autocomplete=\"off\" type=\"text\" size=\"1\" name=\"date-1\" value=\"\" placeholder=\"Tarih Se\u00e7iniz\" id=\"forminator-field-date-1-picker_69eb7c7c9d617\" class=\"forminator-input forminator-datepicker\" data-required=\"\" data-format=\"dd-mm-yy\" data-restrict-type=\"\" data-restrict=\"\" data-start-year=\"1926\" data-end-year=\"2126\" data-past-dates=\"enable\" data-start-of-week=\"1\" data-start-date=\"\" data-end-date=\"\" data-start-field=\"\" data-end-field=\"\" data-start-offset=\"\" data-end-offset=\"\" data-disable-date=\"\" data-disable-range=\"\" \/><\/div><\/div><div id=\"time-1\" class=\"forminator-field-time forminator-col forminator-col-6 \"><div class=\"forminator-timepicker\" ><div class=\"forminator-row\" data-multiple=\"true\"><div id=\"time-1-hours\" class=\"forminator-col forminator-col-6\"><div class=\"forminator-field\"><select name=\"time-1-hours\" id=\"forminator-field-46__field--time-1-hours_69eb7c7c9d617\" class=\"forminator-select2 time-hours has-time-limiter\" data-field=\"hours\" data-placeholder=\"Se\u00e7\" data-default-value=\"8\"><option value=\"8\" selected=\"selected\">08<\/option><option value=\"9\" >09<\/option><option value=\"10\" >10<\/option><option value=\"11\" >11<\/option><option value=\"12\" >12<\/option><option value=\"13\" >13<\/option><option value=\"14\" >14<\/option><option value=\"15\" >15<\/option><option value=\"16\" >16<\/option><option value=\"17\" >17<\/option><option value=\"18\" >18<\/option><option value=\"19\" >19<\/option><\/select><\/div><\/div><div id=\"time-1-minutes\" class=\"forminator-col forminator-col-6\"><div class=\"forminator-field\"><select name=\"time-1-minutes\" id=\"forminator-field-46__field--time-1-minutes_69eb7c7c9d617\" class=\"forminator-select2 time-minutes has-time-limiter\" data-field=\"minutes\" data-placeholder=\"Se\u00e7\" data-default-value=\"30\"><option value=\"0\" >00<\/option><option value=\"10\" >10<\/option><option value=\"20\" >20<\/option><option value=\"30\" selected=\"selected\">30<\/option><option value=\"40\" >40<\/option><option value=\"50\" >50<\/option><\/select><\/div><\/div><\/div><\/div><\/div><\/div><input type=\"hidden\" name=\"referer_url\" value=\"\" \/><div class=\"forminator-row forminator-row-last\"><div class=\"forminator-col\"><div class=\"forminator-field\"><button class=\"forminator-button forminator-button-submit\">Randevu Kaydet<\/button><\/div><\/div><\/div><input type=\"hidden\" id=\"forminator_nonce\" name=\"forminator_nonce\" value=\"eb31976b62\" \/><input type=\"hidden\" name=\"_wp_http_referer\" value=\"\/tema\/kisisel-gelisim\/wp-json\/wp\/v2\/pages\/28479\" \/><input type=\"hidden\" name=\"form_id\" value=\"46\"><input type=\"hidden\" name=\"page_id\" value=\"28479\"><input type=\"hidden\" name=\"form_type\" value=\"default\"><input type=\"hidden\" name=\"current_url\" value=\"https:\/\/webseldonusum.net\/tema\/kisisel-gelisim\/randevu\/\"><input type=\"hidden\" name=\"render_id\" value=\"0\"><input type=\"hidden\" name=\"action\" value=\"forminator_submit_form_custom-forms\"><\/form><\/div>\r\n\t\t<\/div>\t\t\t\t<\/div>\n\t\t\t\t<\/div>\n\t\t\t\t<\/div>\n\t\t\t\t\t<\/div>\n\t\t\t\t<\/div>\n\t\t\t\t<\/div>\n\t\t","protected":false},"excerpt":{"rendered":"<p>Randevu Olu\u015ftur Sizi tan\u0131mak ve birlikte de\u011fer yaratmak i\u00e7in sab\u0131rs\u0131zlan\u0131yoruz.<\/p>\n","protected":false},"author":1,"featured_media":0,"parent":0,"menu_order":0,"comment_status":"closed","ping_status":"closed","template":"","meta":{"_acf_changed":false,"footnotes":""},"class_list":["post-28479","page","type-page","status-publish","hentry"],"acf":[],"_links":{"self":[{"href":"https:\/\/webseldonusum.net\/tema\/kisisel-gelisim\/wp-json\/wp\/v2\/pages\/28479","targetHints":{"allow":["GET"]}}],"collection":[{"href":"https:\/\/webseldonusum.net\/tema\/kisisel-gelisim\/wp-json\/wp\/v2\/pages"}],"about":[{"href":"https:\/\/webseldonusum.net\/tema\/kisisel-gelisim\/wp-json\/wp\/v2\/types\/page"}],"author":[{"embeddable":true,"href":"https:\/\/webseldonusum.net\/tema\/kisisel-gelisim\/wp-json\/wp\/v2\/users\/1"}],"replies":[{"embeddable":true,"href":"https:\/\/webseldonusum.net\/tema\/kisisel-gelisim\/wp-json\/wp\/v2\/comments?post=28479"}],"version-history":[{"count":5,"href":"https:\/\/webseldonusum.net\/tema\/kisisel-gelisim\/wp-json\/wp\/v2\/pages\/28479\/revisions"}],"predecessor-version":[{"id":46973,"href":"https:\/\/webseldonusum.net\/tema\/kisisel-gelisim\/wp-json\/wp\/v2\/pages\/28479\/revisions\/46973"}],"wp:attachment":[{"href":"https:\/\/webseldonusum.net\/tema\/kisisel-gelisim\/wp-json\/wp\/v2\/media?parent=28479"}],"curies":[{"name":"wp","href":"https:\/\/api.w.org\/{rel}","templated":true}]}}