{"id":45168,"date":"2025-04-29T15:42:23","date_gmt":"2025-04-29T15:42:23","guid":{"rendered":"https:\/\/theme-dev.cmsmasters.net\/wellness-bliss\/?page_id=45168"},"modified":"2025-06-22T15:23:14","modified_gmt":"2025-06-22T12:23:14","slug":"etkinlikler","status":"publish","type":"page","link":"https:\/\/webseldonusum.net\/tema\/kisisel-gelisim\/etkinlikler\/","title":{"rendered":"Etkinlikler"},"content":{"rendered":"\t\t<div data-elementor-type=\"wp-page\" data-elementor-id=\"45168\" class=\"elementor elementor-45168\">\n\t\t\t\t<div class=\"elementor-element elementor-element-168c810 e-con-full e-flex cmsmasters-block-default e-con e-parent\" data-id=\"168c810\" data-element_type=\"container\" data-settings=\"{&quot;background_background&quot;:&quot;classic&quot;}\">\n\t\t<div class=\"elementor-element elementor-element-d1a74d3 e-flex e-con-boxed cmsmasters-bg-hide-none cmsmasters-bg-hide-none cmsmasters-block-default e-con e-child\" data-id=\"d1a74d3\" data-element_type=\"container\" data-settings=\"{&quot;background_background&quot;:&quot;classic&quot;}\">\n\t\t\t\t\t<div class=\"e-con-inner\">\n\t\t\t\t<div class=\"elementor-element elementor-element-9e37f8b elementor-widget__width-initial cmsmasters-block-default cmsmasters-sticky-default elementor-invisible elementor-widget elementor-widget-heading\" data-id=\"9e37f8b\" data-element_type=\"widget\" data-settings=\"{&quot;_animation&quot;:&quot;fadeIn&quot;}\" data-widget_type=\"heading.default\">\n\t\t\t\t<div class=\"elementor-widget-container\">\n\t\t\t\t\t<h1 class=\"elementor-heading-title elementor-size-default\">Ar\u015fivler<\/h1>\t\t\t\t<\/div>\n\t\t\t\t<\/div>\n\t\t\t\t<div class=\"elementor-element elementor-element-a73093d elementor-widget__width-initial cmsmasters-block-default cmsmasters-sticky-default elementor-invisible elementor-widget elementor-widget-text-editor\" data-id=\"a73093d\" data-element_type=\"widget\" data-settings=\"{&quot;_animation&quot;:&quot;fadeIn&quot;,&quot;_animation_delay&quot;:250}\" data-widget_type=\"text-editor.default\">\n\t\t\t\t<div class=\"elementor-widget-container\">\n\t\t\t\t\t\t\t\t\t<p>Ki\u015fisel geli\u015fim yolculu\u011funuzda ilham ve d\u00f6n\u00fc\u015f\u00fcm dolu etkinliklerimizle<br \/>sizi g\u00fc\u00e7l\u00fc bir toplulu\u011fun par\u00e7as\u0131 olmaya davet ediyoruz.<\/p>\t\t\t\t\t\t\t\t<\/div>\n\t\t\t\t<\/div>\n\t\t\t\t\t<\/div>\n\t\t\t\t<\/div>\n\t\t\t\t<\/div>\n\t\t<div class=\"elementor-element elementor-element-241e721 e-flex e-con-boxed cmsmasters-block-default e-con e-parent\" data-id=\"241e721\" data-element_type=\"container\">\n\t\t\t\t\t<div class=\"e-con-inner\">\n\t\t\t\t<div class=\"elementor-element elementor-element-23163a3 cmsmasters-pagination--pagination cmsmasters-pagination-pagination-type--numbers_and_prev_next cmsmasters-block-default cmsmasters-sticky-default elementor-invisible elementor-widget elementor-widget-cmsmasters-tribe-events-events-grid elementor-widget-cmsmasters-tribe-events-similar\" data-id=\"23163a3\" data-element_type=\"widget\" data-settings=\"{&quot;event_template&quot;:&quot;custom&quot;,&quot;cmsmasters_template_id&quot;:&quot;232&quot;,&quot;columns&quot;:2,&quot;_animation&quot;:&quot;fadeIn&quot;,&quot;columns_tablet&quot;:3,&quot;columns_mobile&quot;:1,&quot;columns_gap&quot;:{&quot;unit&quot;:&quot;px&quot;,&quot;size&quot;:&quot;&quot;,&quot;sizes&quot;:[]},&quot;columns_gap_widescreen&quot;:{&quot;unit&quot;:&quot;px&quot;,&quot;size&quot;:&quot;&quot;,&quot;sizes&quot;:[]},&quot;columns_gap_tablet&quot;:{&quot;unit&quot;:&quot;px&quot;,&quot;size&quot;:&quot;&quot;,&quot;sizes&quot;:[]},&quot;rows_gap&quot;:{&quot;unit&quot;:&quot;px&quot;,&quot;size&quot;:&quot;&quot;,&quot;sizes&quot;:[]},&quot;rows_gap_widescreen&quot;:{&quot;unit&quot;:&quot;px&quot;,&quot;size&quot;:&quot;&quot;,&quot;sizes&quot;:[]},&quot;rows_gap_tablet&quot;:{&quot;unit&quot;:&quot;px&quot;,&quot;size&quot;:&quot;&quot;,&quot;sizes&quot;:[]},&quot;rows_gap_mobile&quot;:{&quot;unit&quot;:&quot;px&quot;,&quot;size&quot;:&quot;&quot;,&quot;sizes&quot;:[]},&quot;tribe-events_post_type&quot;:&quot;tribe_events&quot;,&quot;query_control_prefix&quot;:&quot;tribe-events&quot;,&quot;pagination_show&quot;:&quot;yes&quot;,&quot;pagination_type&quot;:&quot;pagination&quot;,&quot;pagination_via_ajax&quot;:&quot;yes&quot;,&quot;pagination_save_state&quot;:&quot;yes&quot;}\" data-widget_type=\"cmsmasters-tribe-events-events-grid.default\" data-document-id=\"45168\">\n\t\t\t\t<div class=\"elementor-widget-container\">\n\t\t\t\t\t<div class=\"\"><div class=\"cmsmasters-tribe-events__events-variable\"><div class=\"cmsmasters-tribe-events__events-wrap\"><div class=\"cmsmasters-tribe-events__events\"><article id=\"event-39570\" class=\"cmsmasters-tribe-events__event post-39570 tribe_events type-tribe_events status-publish has-post-thumbnail hentry\"><div class=\"cmsmasters-tribe-events__event-cont-wrap\"><style>.post-39570 .elementor-element.elementor-element-3c346159:not(.elementor-motion-effects-element-type-background):not(.cmsmasters-bg-effect), .post-39570 .elementor-element.elementor-element-3c346159 > .elementor-motion-effects-container > .elementor-motion-effects-layer, .post-39570 .elementor-element.elementor-element-3c346159 > .cmsmasters-bg-effects-container > .cmsmasters-bg-effects-element{background-image:url(\"https:\/\/webseldonusum.net\/tema\/kisisel-gelisim\/wp-content\/uploads\/2023\/12\/126.webp\");}<\/style><div data-elementor-type=\"cmsmasters_tribe_events_entry\" data-elementor-id=\"232\" class=\"elementor elementor-232\">\t\t\t<div class=\"elementor-inner\">\r\n\t\t\t\t<div class=\"elementor-section-wrap\">\r\n\t\t\t\t\t<div class=\"elementor-element elementor-element-99068fe e-con-full e-flex cmsmasters-block-default e-con e-parent\" data-id=\"99068fe\" data-element_type=\"container\">\n\t\t<div class=\"elementor-element elementor-element-3c346159 e-con-full e-flex cmsmasters-bg-hide-none cmsmasters-bg-hide-none cmsmasters-block-default e-con e-child\" data-id=\"3c346159\" data-element_type=\"container\" data-settings=\"{&quot;background_background&quot;:&quot;classic&quot;}\">\n\t\t\t\t<\/div>\n\t\t<div class=\"elementor-element elementor-element-2f16d7bf e-con-full e-flex cmsmasters-block-default e-con e-child\" data-id=\"2f16d7bf\" data-element_type=\"container\" data-settings=\"{&quot;background_background&quot;:&quot;classic&quot;}\">\n\t\t<div class=\"elementor-element elementor-element-5af7bda e-con-full e-flex cmsmasters-block-default e-con e-child\" data-id=\"5af7bda\" data-element_type=\"container\">\n\t\t\t\t<div class=\"elementor-element elementor-element-5b635aa8 cmsmasters-event-date-orientation-vertical cmsmasters-block-default cmsmasters-sticky-default elementor-widget elementor-widget-cmsmasters-tribe-events-event-date\" data-id=\"5b635aa8\" data-element_type=\"widget\" data-widget_type=\"cmsmasters-tribe-events-event-date.default\">\n\t\t\t\t<div class=\"elementor-widget-container\">\n\t\t\t\t\t<div class=\"elementor-widget-cmsmasters-tribe-events-event-date__start-date elementor-widget-cmsmasters-tribe-events-event-date__date\"><div class=\"elementor-widget-cmsmasters-tribe-events-event-date__start-date-first cmsmasters-first-date\">Kas\u0131m 2 - <\/div><\/div>\t\t\t\t<\/div>\n\t\t\t\t<\/div>\n\t\t\t\t<div class=\"elementor-element elementor-element-5525f32f cmsmasters-event-date-orientation-vertical cmsmasters-block-default cmsmasters-sticky-default elementor-widget elementor-widget-cmsmasters-tribe-events-event-date\" data-id=\"5525f32f\" data-element_type=\"widget\" data-widget_type=\"cmsmasters-tribe-events-event-date.default\">\n\t\t\t\t<div class=\"elementor-widget-container\">\n\t\t\t\t\t<div class=\"elementor-widget-cmsmasters-tribe-events-event-date__end-date elementor-widget-cmsmasters-tribe-events-event-date__date\"><div class=\"elementor-widget-cmsmasters-tribe-events-event-date__end-date-first cmsmasters-first-date\">2, 2027<\/div><\/div>\t\t\t\t<\/div>\n\t\t\t\t<\/div>\n\t\t\t\t<\/div>\n\t\t\t\t<div data-separate-animation-selector=\".cmsmasters-widget-title__heading\" data-text-animation-class=\"sequental, random, line, word, char\" class=\"elementor-element elementor-element-710b163 cmsmasters-line-clamp-yes cmsmasters-color-variation-default cmsmasters-pointer-none cmsmasters-block-default cmsmasters-sticky-default elementor-widget elementor-widget-cmsmasters-tribe-events-event-title cmsmasters-widget-title\" data-id=\"710b163\" data-element_type=\"widget\" data-widget_type=\"cmsmasters-tribe-events-event-title.default\">\n\t\t\t\t<div class=\"elementor-widget-container\">\n\t\t\t\t\t<h2 class=\"entry-title cmsmasters-widget-title__heading\" title=\"Liderlik ve Tak\u0131m \u00c7al\u0131\u015fmas\u0131 At\u00f6lyesi\"><a href=\"https:\/\/webseldonusum.net\/tema\/kisisel-gelisim\/event\/liderlik-ve-takim-calismasi-atolyesi\/\">Liderlik ve Tak\u0131m \u00c7al\u0131\u015fmas\u0131 At\u00f6lyesi<\/a><\/h2>\t\t\t\t<\/div>\n\t\t\t\t<\/div>\n\t\t\t\t<div class=\"elementor-element elementor-element-294d7ca2 cmsmasters-line-clamp-yes cmsmasters-align-center cmsmasters-block-default cmsmasters-sticky-default elementor-widget elementor-widget-cmsmasters-tribe-events-event-short-description cmsmasters-widget-short-text\" data-id=\"294d7ca2\" data-element_type=\"widget\" data-widget_type=\"cmsmasters-tribe-events-event-short-description.default\">\n\t\t\t\t<div class=\"elementor-widget-container\">\n\t\t\t\t\t<div class=\"entry-content\"><p>At\u00f6lyede, liderlik stilleri, tak\u0131m i\u00e7i ileti\u015fim ve i\u015f birli\u011fi, problem \u00e7\u00f6zme ve motivasyon teknikleri interaktif \u00e7al\u0131\u015fmalarla ele al\u0131n\u0131yor. Kat\u0131l\u0131mc\u0131lar, ger\u00e7ek senaryolar \u00fczerinden liderlik becerilerini geli\u015ftirme f\u0131rsat\u0131 buluyor.<\/p>\n<\/div>\t\t\t\t<\/div>\n\t\t\t\t<\/div>\n\t\t\t\t<div class=\"elementor-element elementor-element-27de5b7c cmsmasters-button-mobile-align-center cmsmasters-block-default cmsmasters-sticky-default elementor-widget elementor-widget-cmsmasters-button\" data-id=\"27de5b7c\" data-element_type=\"widget\" data-widget_type=\"cmsmasters-button.default\">\n\t\t\t\t<div class=\"elementor-widget-container\">\n\t\t\t\t\t<div class=\"elementor-widget-cmsmasters-button__button-container\"><div class=\"elementor-widget-cmsmasters-button__button-container-inner\"><a href=\"https:\/\/webseldonusum.net\/tema\/kisisel-gelisim\/event\/liderlik-ve-takim-calismasi-atolyesi\/\" class=\"cmsmasters-button-link elementor-widget-cmsmasters-button__button cmsmasters-icon-view- cmsmasters-icon-shape- cmsmasters-button-size-sm\" role=\"button\" tabindex=\"0\"><span class=\"elementor-widget-cmsmasters-button__content-wrapper cmsmasters-align-icon-\"><span class=\"elementor-widget-cmsmasters-button__text\">Detayl\u0131 Bilgi<\/span><\/span><\/a><\/div><\/div>\t\t\t\t<\/div>\n\t\t\t\t<\/div>\n\t\t\t\t<\/div>\n\t\t\t\t<\/div>\n\t\t\t\t\t\t<\/div>\r\n\t\t\t<\/div>\r\n\t\t<\/div><\/div><\/article><\/div><\/div><\/div><\/div>\t\t\t\t<\/div>\n\t\t\t\t<\/div>\n\t\t\t\t\t<\/div>\n\t\t\t\t<\/div>\n\t\t\t\t<\/div>\n\t\t","protected":false},"excerpt":{"rendered":"<p>Ki\u015fisel geli\u015fim yolculu\u011funuzda ilham ve d\u00f6n\u00fc\u015f\u00fcm dolu etkinliklerimizlesizi g\u00fc\u00e7l\u00fc bir toplulu\u011fun par\u00e7as\u0131 olmaya davet ediyoruz.<\/p>\n","protected":false},"author":1,"featured_media":0,"parent":0,"menu_order":0,"comment_status":"closed","ping_status":"closed","template":"","meta":{"_acf_changed":false,"footnotes":""},"class_list":["post-45168","page","type-page","status-publish","hentry"],"acf":[],"_links":{"self":[{"href":"https:\/\/webseldonusum.net\/tema\/kisisel-gelisim\/wp-json\/wp\/v2\/pages\/45168","targetHints":{"allow":["GET"]}}],"collection":[{"href":"https:\/\/webseldonusum.net\/tema\/kisisel-gelisim\/wp-json\/wp\/v2\/pages"}],"about":[{"href":"https:\/\/webseldonusum.net\/tema\/kisisel-gelisim\/wp-json\/wp\/v2\/types\/page"}],"author":[{"embeddable":true,"href":"https:\/\/webseldonusum.net\/tema\/kisisel-gelisim\/wp-json\/wp\/v2\/users\/1"}],"replies":[{"embeddable":true,"href":"https:\/\/webseldonusum.net\/tema\/kisisel-gelisim\/wp-json\/wp\/v2\/comments?post=45168"}],"version-history":[{"count":7,"href":"https:\/\/webseldonusum.net\/tema\/kisisel-gelisim\/wp-json\/wp\/v2\/pages\/45168\/revisions"}],"predecessor-version":[{"id":47161,"href":"https:\/\/webseldonusum.net\/tema\/kisisel-gelisim\/wp-json\/wp\/v2\/pages\/45168\/revisions\/47161"}],"wp:attachment":[{"href":"https:\/\/webseldonusum.net\/tema\/kisisel-gelisim\/wp-json\/wp\/v2\/media?parent=45168"}],"curies":[{"name":"wp","href":"https:\/\/api.w.org\/{rel}","templated":true}]}}