{"id":18939,"date":"2023-05-23T16:34:15","date_gmt":"2023-05-23T16:34:15","guid":{"rendered":"https:\/\/webseldonusum.net\/tema\/otel-konsept\/?page_id=18939"},"modified":"2025-11-18T15:12:09","modified_gmt":"2025-11-18T12:12:09","slug":"our-team","status":"publish","type":"page","link":"https:\/\/webseldonusum.net\/tema\/otel-konsept\/our-team\/","title":{"rendered":"Ekibimiz"},"content":{"rendered":"\t\t<div data-elementor-type=\"wp-page\" data-elementor-id=\"18939\" class=\"elementor elementor-18939\">\n\t\t\t\t\t\t<section class=\"elementor-section elementor-top-section elementor-element elementor-element-f52d400 elementor-section-boxed elementor-section-height-default elementor-section-height-default sc_fly_static\" data-id=\"f52d400\" data-element_type=\"section\">\n\t\t\t\t\t\t<div class=\"elementor-container elementor-column-gap-extended\">\n\t\t\t\t\t<div class=\"elementor-column elementor-col-100 elementor-top-column elementor-element elementor-element-0c81620 sc_content_align_inherit sc_layouts_column_icons_position_left sc_fly_static\" data-id=\"0c81620\" data-element_type=\"column\">\n\t\t\t<div class=\"elementor-widget-wrap elementor-element-populated\">\n\t\t\t\t\t\t<div class=\"elementor-element elementor-element-5a6da59 sc_height_huge sc_fly_static elementor-widget elementor-widget-spacer\" data-id=\"5a6da59\" data-element_type=\"widget\" data-widget_type=\"spacer.default\">\n\t\t\t\t<div class=\"elementor-widget-container\">\n\t\t\t\t\t\t\t<div class=\"elementor-spacer\">\n\t\t\t<div class=\"elementor-spacer-inner\"><\/div>\n\t\t<\/div>\n\t\t\t\t\t\t<\/div>\n\t\t\t\t<\/div>\n\t\t\t\t<div class=\"elementor-element elementor-element-c3a6d29 sc_fly_static elementor-widget elementor-widget-trx_sc_team\" data-id=\"c3a6d29\" data-element_type=\"widget\" data-widget_type=\"trx_sc_team.default\">\n\t\t\t\t<div class=\"elementor-widget-container\">\n\t\t\t\t\t<div \t\tclass=\"sc_team sc_team_metro\"><div class=\"sc_team_columns_wrap sc_item_columns sc_item_posts_container trx_addons_columns_wrap columns_padding_bottom\"><div class=\"trx_addons_column-1_2\"><div data-post-id=\"19249\" class=\"sc_team_item sc_item_container post_container no_links post-19249 cpt_team type-cpt_team status-publish has-post-thumbnail hentry\">\n\t<div class=\"post_featured with_thumb hover_link sc_team_item_thumb post_featured_bg\"><span class=\"post_thumb post_thumb_bg bg_in belicia_inline_780831323\"><\/span>\t\t\t\t\t\t<div class=\"mask\"><\/div>\n\t\t\t\t\t\t<a class=\"post_link sc_team_item_link\" href=\"https:\/\/webseldonusum.net\/tema\/otel-konsept\/team\/can-demir\/\"><\/a>\t\t\t<a href=\"https:\/\/webseldonusum.net\/tema\/otel-konsept\/team\/can-demir\/\"  aria-hidden=\"true\" class=\"link\"><\/a>\n\t\t\t<\/div>\t<div class=\"sc_team_item_info\">\n\t\t<div class=\"sc_team_item_header\">\n\t\t\t<h4 class=\"sc_team_item_title entry-title\"><a href=\"https:\/\/webseldonusum.net\/tema\/otel-konsept\/team\/can-demir\/\">Can Demir<\/a><\/h4>\n\t\t\t<div class=\"sc_team_item_subtitle\">M\u00fc\u015fteri \u0130li\u015fkileri<\/div>\t\t\t\t\t\t\t<div class=\"sc_team_item_content\">\n\t\t\t\t\t<p>Adipiscing elit, sed do tempor incididunt ut labore.<\/p>\n\t\t\t\t<\/div>\n\t\t\t\t\t\t\t<div class=\"sc_team_item_socials socials_wrap trx_addons_hover_info\"><a target=\"_blank\" rel=\"nofollow\" href=\"https:\/\/www.facebook.com\/webseldonusum\" class=\"social_item social_item_style_icons sc_icon_type_icons social_item_type_icons\"><span class=\"social_icon social_icon_facebook-1\" style=\"\"><span class=\"screen-reader-text\">facebook-1<\/span><span class=\"icon-facebook-1\"><\/span><\/span><\/a><a target=\"_blank\" rel=\"nofollow\" href=\"https:\/\/twitter.com\/webseldonusum\" class=\"social_item social_item_style_icons sc_icon_type_icons social_item_type_icons\"><span class=\"social_icon social_icon_twitter\" style=\"\"><span class=\"screen-reader-text\">twitter<\/span><span class=\"icon-twitter\"><\/span><\/span><\/a><a target=\"_blank\" rel=\"nofollow\" href=\"https:\/\/www.instagram.com\/webseldonusum\" class=\"social_item social_item_style_icons sc_icon_type_icons social_item_type_icons\"><span class=\"social_icon social_icon_instagram\" style=\"\"><span class=\"screen-reader-text\">instagram<\/span><span class=\"icon-instagram\"><\/span><\/span><\/a><\/div>\n\t\t\t\t\t<\/div>\n\t<\/div>\n<\/div>\n<\/div><div class=\"trx_addons_column-1_2\"><div data-post-id=\"19248\" class=\"sc_team_item sc_item_container post_container no_links post-19248 cpt_team type-cpt_team status-publish has-post-thumbnail hentry\">\n\t<div class=\"post_featured with_thumb hover_link sc_team_item_thumb post_featured_bg\"><span class=\"post_thumb post_thumb_bg bg_in belicia_inline_1458996217\"><\/span>\t\t\t\t\t\t<div class=\"mask\"><\/div>\n\t\t\t\t\t\t<a class=\"post_link sc_team_item_link\" href=\"https:\/\/webseldonusum.net\/tema\/otel-konsept\/team\/arda-ozturk\/\"><\/a>\t\t\t<a href=\"https:\/\/webseldonusum.net\/tema\/otel-konsept\/team\/arda-ozturk\/\"  aria-hidden=\"true\" class=\"link\"><\/a>\n\t\t\t<\/div>\t<div class=\"sc_team_item_info\">\n\t\t<div class=\"sc_team_item_header\">\n\t\t\t<h4 class=\"sc_team_item_title entry-title\"><a href=\"https:\/\/webseldonusum.net\/tema\/otel-konsept\/team\/arda-ozturk\/\">Arda \u00d6zt\u00fcrk<\/a><\/h4>\n\t\t\t<div class=\"sc_team_item_subtitle\">\u00d6zel Kuaf\u00f6r<\/div>\t\t\t\t\t\t\t<div class=\"sc_team_item_content\">\n\t\t\t\t\t<p>Adipiscing elit, sed do tempor incidunt ut labore.<\/p>\n\t\t\t\t<\/div>\n\t\t\t\t\t\t\t<div class=\"sc_team_item_socials socials_wrap trx_addons_hover_info\"><a target=\"_blank\" rel=\"nofollow\" href=\"https:\/\/www.facebook.com\/webseldonusum\" class=\"social_item social_item_style_icons sc_icon_type_icons social_item_type_icons\"><span class=\"social_icon social_icon_facebook-1\" style=\"\"><span class=\"screen-reader-text\">facebook-1<\/span><span class=\"icon-facebook-1\"><\/span><\/span><\/a><a target=\"_blank\" rel=\"nofollow\" href=\"https:\/\/twitter.com\/webseldonusum\" class=\"social_item social_item_style_icons sc_icon_type_icons social_item_type_icons\"><span class=\"social_icon social_icon_twitter\" style=\"\"><span class=\"screen-reader-text\">twitter<\/span><span class=\"icon-twitter\"><\/span><\/span><\/a><a target=\"_blank\" rel=\"nofollow\" href=\"https:\/\/www.instagram.com\/webseldonusum\" class=\"social_item social_item_style_icons sc_icon_type_icons social_item_type_icons\"><span class=\"social_icon social_icon_instagram\" style=\"\"><span class=\"screen-reader-text\">instagram<\/span><span class=\"icon-instagram\"><\/span><\/span><\/a><\/div>\n\t\t\t\t\t<\/div>\n\t<\/div>\n<\/div>\n<\/div><div class=\"trx_addons_column-1_2\"><div data-post-id=\"18857\" class=\"sc_team_item sc_item_container post_container no_links post-18857 cpt_team type-cpt_team status-publish has-post-thumbnail hentry\">\n\t<div class=\"post_featured with_thumb hover_link sc_team_item_thumb post_featured_bg\"><span class=\"post_thumb post_thumb_bg bg_in belicia_inline_1652395096\"><\/span>\t\t\t\t\t\t<div class=\"mask\"><\/div>\n\t\t\t\t\t\t<a class=\"post_link sc_team_item_link\" href=\"https:\/\/webseldonusum.net\/tema\/otel-konsept\/team\/deniz-aydin\/\"><\/a>\t\t\t<a href=\"https:\/\/webseldonusum.net\/tema\/otel-konsept\/team\/deniz-aydin\/\"  aria-hidden=\"true\" class=\"link\"><\/a>\n\t\t\t<\/div>\t<div class=\"sc_team_item_info\">\n\t\t<div class=\"sc_team_item_header\">\n\t\t\t<h4 class=\"sc_team_item_title entry-title\"><a href=\"https:\/\/webseldonusum.net\/tema\/otel-konsept\/team\/deniz-aydin\/\">Deniz Ayd\u0131n<\/a><\/h4>\n\t\t\t<div class=\"sc_team_item_subtitle\">Housekeeping<\/div>\t\t\t\t\t\t\t<div class=\"sc_team_item_content\">\n\t\t\t\t\t<p>Adipiscing elit, sed do tempor incidunt ut labore.<\/p>\n\t\t\t\t<\/div>\n\t\t\t\t\t\t\t<div class=\"sc_team_item_socials socials_wrap trx_addons_hover_info\"><a target=\"_blank\" rel=\"nofollow\" href=\"https:\/\/www.facebook.com\/webseldonusum\" class=\"social_item social_item_style_icons sc_icon_type_icons social_item_type_icons\"><span class=\"social_icon social_icon_facebook-1\" style=\"\"><span class=\"screen-reader-text\">facebook-1<\/span><span class=\"icon-facebook-1\"><\/span><\/span><\/a><a target=\"_blank\" rel=\"nofollow\" href=\"https:\/\/twitter.com\/webseldonusum\" class=\"social_item social_item_style_icons sc_icon_type_icons social_item_type_icons\"><span class=\"social_icon social_icon_twitter\" style=\"\"><span class=\"screen-reader-text\">twitter<\/span><span class=\"icon-twitter\"><\/span><\/span><\/a><a target=\"_blank\" rel=\"nofollow\" href=\"https:\/\/www.instagram.com\/webseldonusum\" class=\"social_item social_item_style_icons sc_icon_type_icons social_item_type_icons\"><span class=\"social_icon social_icon_instagram\" style=\"\"><span class=\"screen-reader-text\">instagram<\/span><span class=\"icon-instagram\"><\/span><\/span><\/a><\/div>\n\t\t\t\t\t<\/div>\n\t<\/div>\n<\/div>\n<\/div><div class=\"trx_addons_column-1_2\"><div data-post-id=\"18856\" class=\"sc_team_item sc_item_container post_container no_links post-18856 cpt_team type-cpt_team status-publish has-post-thumbnail hentry\">\n\t<div class=\"post_featured with_thumb hover_link sc_team_item_thumb post_featured_bg\"><span class=\"post_thumb post_thumb_bg bg_in belicia_inline_718450640\"><\/span>\t\t\t\t\t\t<div class=\"mask\"><\/div>\n\t\t\t\t\t\t<a class=\"post_link sc_team_item_link\" href=\"https:\/\/webseldonusum.net\/tema\/otel-konsept\/team\/merve-gunes\/\"><\/a>\t\t\t<a href=\"https:\/\/webseldonusum.net\/tema\/otel-konsept\/team\/merve-gunes\/\"  aria-hidden=\"true\" class=\"link\"><\/a>\n\t\t\t<\/div>\t<div class=\"sc_team_item_info\">\n\t\t<div class=\"sc_team_item_header\">\n\t\t\t<h4 class=\"sc_team_item_title entry-title\"><a href=\"https:\/\/webseldonusum.net\/tema\/otel-konsept\/team\/merve-gunes\/\">Merve G\u00fcne\u015f<\/a><\/h4>\n\t\t\t<div class=\"sc_team_item_subtitle\">Tur Rehberi<\/div>\t\t\t\t\t\t\t<div class=\"sc_team_item_content\">\n\t\t\t\t\t<p>Adipiscing elit, sed do tempor incidunt ut labore.<\/p>\n\t\t\t\t<\/div>\n\t\t\t\t\t\t\t<div class=\"sc_team_item_socials socials_wrap trx_addons_hover_info\"><a target=\"_blank\" rel=\"nofollow\" href=\"https:\/\/www.facebook.com\/webseldonusum\" class=\"social_item social_item_style_icons sc_icon_type_icons social_item_type_icons\"><span class=\"social_icon social_icon_facebook-1\" style=\"\"><span class=\"screen-reader-text\">facebook-1<\/span><span class=\"icon-facebook-1\"><\/span><\/span><\/a><a target=\"_blank\" rel=\"nofollow\" href=\"https:\/\/twitter.com\/webseldonusum\" class=\"social_item social_item_style_icons sc_icon_type_icons social_item_type_icons\"><span class=\"social_icon social_icon_twitter\" style=\"\"><span class=\"screen-reader-text\">twitter<\/span><span class=\"icon-twitter\"><\/span><\/span><\/a><a target=\"_blank\" rel=\"nofollow\" href=\"https:\/\/www.instagram.com\/webseldonusum\" class=\"social_item social_item_style_icons sc_icon_type_icons social_item_type_icons\"><span class=\"social_icon social_icon_instagram\" style=\"\"><span class=\"screen-reader-text\">instagram<\/span><span class=\"icon-instagram\"><\/span><\/span><\/a><\/div>\n\t\t\t\t\t<\/div>\n\t<\/div>\n<\/div>\n<\/div><div class=\"trx_addons_column-1_2\"><div data-post-id=\"18855\" class=\"sc_team_item sc_item_container post_container no_links post-18855 cpt_team type-cpt_team status-publish has-post-thumbnail hentry\">\n\t<div class=\"post_featured with_thumb hover_link sc_team_item_thumb post_featured_bg\"><span class=\"post_thumb post_thumb_bg bg_in belicia_inline_756357005\"><\/span>\t\t\t\t\t\t<div class=\"mask\"><\/div>\n\t\t\t\t\t\t<a class=\"post_link sc_team_item_link\" href=\"https:\/\/webseldonusum.net\/tema\/otel-konsept\/team\/justin-lee\/\"><\/a>\t\t\t<a href=\"https:\/\/webseldonusum.net\/tema\/otel-konsept\/team\/justin-lee\/\"  aria-hidden=\"true\" class=\"link\"><\/a>\n\t\t\t<\/div>\t<div class=\"sc_team_item_info\">\n\t\t<div class=\"sc_team_item_header\">\n\t\t\t<h4 class=\"sc_team_item_title entry-title\"><a href=\"https:\/\/webseldonusum.net\/tema\/otel-konsept\/team\/justin-lee\/\">Kaan Y\u0131lmaz<\/a><\/h4>\n\t\t\t<div class=\"sc_team_item_subtitle\">Hotel manager<\/div>\t\t\t\t\t\t\t<div class=\"sc_team_item_content\">\n\t\t\t\t\t<p>Adipiscing elit, sed do tempor incidunt ut labore.<\/p>\n\t\t\t\t<\/div>\n\t\t\t\t\t\t\t<div class=\"sc_team_item_socials socials_wrap trx_addons_hover_info\"><a target=\"_blank\" rel=\"nofollow\" href=\"https:\/\/www.facebook.com\/AncoraThemes\/\" class=\"social_item social_item_style_icons sc_icon_type_icons social_item_type_icons\"><span class=\"social_icon social_icon_facebook-1\" style=\"\"><span class=\"screen-reader-text\">facebook-1<\/span><span class=\"icon-facebook-1\"><\/span><\/span><\/a><a target=\"_blank\" rel=\"nofollow\" href=\"https:\/\/twitter.com\/ancora_themes\/\" class=\"social_item social_item_style_icons sc_icon_type_icons social_item_type_icons\"><span class=\"social_icon social_icon_twitter\" style=\"\"><span class=\"screen-reader-text\">twitter<\/span><span class=\"icon-twitter\"><\/span><\/span><\/a><a target=\"_blank\" rel=\"nofollow\" href=\"https:\/\/dribbble.com\/ancorathemes\/\" class=\"social_item social_item_style_icons sc_icon_type_icons social_item_type_icons\"><span class=\"social_icon social_icon_dribbble-1\" style=\"\"><span class=\"screen-reader-text\">dribbble-1<\/span><span class=\"icon-dribbble-1\"><\/span><\/span><\/a><a target=\"_blank\" rel=\"nofollow\" href=\"https:\/\/www.instagram.com\/ancora_themes\/\" class=\"social_item social_item_style_icons sc_icon_type_icons social_item_type_icons\"><span class=\"social_icon social_icon_instagram\" style=\"\"><span class=\"screen-reader-text\">instagram<\/span><span class=\"icon-instagram\"><\/span><\/span><\/a><\/div>\n\t\t\t\t\t<\/div>\n\t<\/div>\n<\/div>\n<\/div><div class=\"trx_addons_column-1_2\"><div data-post-id=\"18847\" class=\"sc_team_item sc_item_container post_container no_links post-18847 cpt_team type-cpt_team status-publish has-post-thumbnail hentry\">\n\t<div class=\"post_featured with_thumb hover_link sc_team_item_thumb post_featured_bg\"><span class=\"post_thumb post_thumb_bg bg_in belicia_inline_973451025\"><\/span>\t\t\t\t\t\t<div class=\"mask\"><\/div>\n\t\t\t\t\t\t<a class=\"post_link sc_team_item_link\" href=\"https:\/\/webseldonusum.net\/tema\/otel-konsept\/team\/david-brown\/\"><\/a>\t\t\t<a href=\"https:\/\/webseldonusum.net\/tema\/otel-konsept\/team\/david-brown\/\"  aria-hidden=\"true\" class=\"link\"><\/a>\n\t\t\t<\/div>\t<div class=\"sc_team_item_info\">\n\t\t<div class=\"sc_team_item_header\">\n\t\t\t<h4 class=\"sc_team_item_title entry-title\"><a href=\"https:\/\/webseldonusum.net\/tema\/otel-konsept\/team\/david-brown\/\">Emre \u00c7elik<\/a><\/h4>\n\t\t\t<div class=\"sc_team_item_subtitle\">Destek G\u00f6revlisi<\/div>\t\t\t\t\t\t\t<div class=\"sc_team_item_content\">\n\t\t\t\t\t<p>Adipiscing elit, sed do tempor incidunt ut labore.<\/p>\n\t\t\t\t<\/div>\n\t\t\t\t\t\t\t<div class=\"sc_team_item_socials socials_wrap trx_addons_hover_info\"><a target=\"_blank\" rel=\"nofollow\" href=\"https:\/\/www.facebook.com\/webseldonusum\" class=\"social_item social_item_style_icons sc_icon_type_icons social_item_type_icons\"><span class=\"social_icon social_icon_facebook\" style=\"\"><span class=\"screen-reader-text\">facebook<\/span><span class=\"icon-facebook\"><\/span><\/span><\/a><a target=\"_blank\" rel=\"nofollow\" href=\"https:\/\/twitter.com\/webseldonusum\" class=\"social_item social_item_style_icons sc_icon_type_icons social_item_type_icons\"><span class=\"social_icon social_icon_twitter\" style=\"\"><span class=\"screen-reader-text\">twitter<\/span><span class=\"icon-twitter\"><\/span><\/span><\/a><a target=\"_blank\" rel=\"nofollow\" href=\"https:\/\/www.instagram.com\/webseldonusum\" class=\"social_item social_item_style_icons sc_icon_type_icons social_item_type_icons\"><span class=\"social_icon social_icon_instagram\" style=\"\"><span class=\"screen-reader-text\">instagram<\/span><span class=\"icon-instagram\"><\/span><\/span><\/a><\/div>\n\t\t\t\t\t<\/div>\n\t<\/div>\n<\/div>\n<\/div><\/div><\/div>\t\t\t\t<\/div>\n\t\t\t\t<\/div>\n\t\t\t\t<div class=\"elementor-element elementor-element-ed361e5 sc_height_huge sc_fly_static elementor-widget elementor-widget-spacer\" data-id=\"ed361e5\" data-element_type=\"widget\" data-widget_type=\"spacer.default\">\n\t\t\t\t<div class=\"elementor-widget-container\">\n\t\t\t\t\t\t\t<div class=\"elementor-spacer\">\n\t\t\t<div class=\"elementor-spacer-inner\"><\/div>\n\t\t<\/div>\n\t\t\t\t\t\t<\/div>\n\t\t\t\t<\/div>\n\t\t\t\t\t<\/div>\n\t\t<\/div>\n\t\t\t\t\t<\/div>\n\t\t<\/section>\n\t\t\t\t<section class=\"elementor-section elementor-top-section elementor-element elementor-element-bc40f1f scheme_dark elementor-section-boxed elementor-section-height-default elementor-section-height-default sc_fly_static\" data-id=\"bc40f1f\" data-element_type=\"section\" data-settings=\"{&quot;background_background&quot;:&quot;classic&quot;}\">\n\t\t\t\t\t\t\t<div class=\"elementor-background-overlay\"><\/div>\n\t\t\t\t\t\t\t<div class=\"elementor-container elementor-column-gap-default\">\n\t\t\t\t\t<div class=\"elementor-column elementor-col-100 elementor-top-column elementor-element elementor-element-adf920f sc_layouts_column_align_right sc_layouts_column sc-mobile_layouts_column_align_left sc_layouts_column sc_content_align_inherit sc_layouts_column_icons_position_left sc_fly_static\" data-id=\"adf920f\" data-element_type=\"column\">\n\t\t\t<div class=\"elementor-widget-wrap elementor-element-populated\">\n\t\t\t\t\t\t<div class=\"elementor-element elementor-element-eb98c35 sc_height_huge sc_fly_static elementor-widget elementor-widget-spacer\" data-id=\"eb98c35\" data-element_type=\"widget\" data-widget_type=\"spacer.default\">\n\t\t\t\t<div class=\"elementor-widget-container\">\n\t\t\t\t\t\t\t<div class=\"elementor-spacer\">\n\t\t\t<div class=\"elementor-spacer-inner\"><\/div>\n\t\t<\/div>\n\t\t\t\t\t\t<\/div>\n\t\t\t\t<\/div>\n\t\t\t\t<div class=\"elementor-element elementor-element-c4b1c7c sc_height_large sc_layouts_hide_on_tablet sc_layouts_hide_on_mobile sc_fly_static elementor-widget elementor-widget-spacer\" data-id=\"c4b1c7c\" data-element_type=\"widget\" data-widget_type=\"spacer.default\">\n\t\t\t\t<div class=\"elementor-widget-container\">\n\t\t\t\t\t\t\t<div class=\"elementor-spacer\">\n\t\t\t<div class=\"elementor-spacer-inner\"><\/div>\n\t\t<\/div>\n\t\t\t\t\t\t<\/div>\n\t\t\t\t<\/div>\n\t\t\t\t<div data-animation-type=\"block\" class=\"elementor-element elementor-element-a44e6f5 animation_type_block sc_fly_static elementor-invisible elementor-widget elementor-widget-trx_sc_title\" data-id=\"a44e6f5\" data-element_type=\"widget\" data-settings=\"{&quot;_animation&quot;:&quot;belicia-fadeinup&quot;}\" data-widget_type=\"trx_sc_title.default\">\n\t\t\t\t<div class=\"elementor-widget-container\">\n\t\t\t\t\t<div\t\tclass=\"sc_title color_style_dark sc_title_default\" ><span class=\"sc_item_subtitle sc_title_subtitle sc_align_center sc_item_subtitle_above sc_item_title_style_default\">l\u00fcks otel deneyimi<\/span><h1 class=\"sc_item_title sc_title_title sc_align_center sc_item_title_style_default sc_item_title_tag\"\n\t\t\t><span class=\"sc_item_title_text\">En mutlu anlar\u0131n\u0131z bizlerle an\u0131ya d\u00f6n\u00fc\u015fs\u00fcn<\/span><\/h1><div\tclass=\"sc_item_button sc_button_wrap sc_align_center sc_item_button sc_item_button_bordered sc_item_button_size_normal sc_title_button\"><a href=\"https:\/\/webseldonusum.net\/tema\/otel-konsept\/about\/\" class=\"sc_button sc_button_bordered sc_button_size_normal sc_button_icon_left\"><span class=\"sc_button_text\"><span class=\"sc_button_title\">REZERVASYON DETAYLARI<\/span><\/span><\/a><\/div><\/div>\t\t\t\t<\/div>\n\t\t\t\t<\/div>\n\t\t\t\t<div class=\"elementor-element elementor-element-b3431a3 sc_height_huge sc_fly_static elementor-widget elementor-widget-spacer\" data-id=\"b3431a3\" data-element_type=\"widget\" data-widget_type=\"spacer.default\">\n\t\t\t\t<div class=\"elementor-widget-container\">\n\t\t\t\t\t\t\t<div class=\"elementor-spacer\">\n\t\t\t<div class=\"elementor-spacer-inner\"><\/div>\n\t\t<\/div>\n\t\t\t\t\t\t<\/div>\n\t\t\t\t<\/div>\n\t\t\t\t<div class=\"elementor-element elementor-element-0124f14 sc_height_large sc_layouts_hide_on_tablet sc_layouts_hide_on_mobile sc_fly_static elementor-widget elementor-widget-spacer\" data-id=\"0124f14\" data-element_type=\"widget\" data-widget_type=\"spacer.default\">\n\t\t\t\t<div class=\"elementor-widget-container\">\n\t\t\t\t\t\t\t<div class=\"elementor-spacer\">\n\t\t\t<div class=\"elementor-spacer-inner\"><\/div>\n\t\t<\/div>\n\t\t\t\t\t\t<\/div>\n\t\t\t\t<\/div>\n\t\t\t\t\t<\/div>\n\t\t<\/div>\n\t\t\t\t\t<\/div>\n\t\t<\/section>\n\t\t\t\t<section class=\"elementor-section elementor-top-section elementor-element elementor-element-22b715b scheme_default elementor-section-boxed elementor-section-height-default elementor-section-height-default sc_fly_static\" data-id=\"22b715b\" data-element_type=\"section\" data-settings=\"{&quot;background_background&quot;:&quot;classic&quot;}\">\n\t\t\t\t\t\t<div class=\"elementor-container elementor-column-gap-extended\">\n\t\t\t\t\t<div class=\"elementor-column elementor-col-100 elementor-top-column elementor-element elementor-element-32458fd sc_content_align_inherit sc_layouts_column_icons_position_left sc_fly_static\" data-id=\"32458fd\" data-element_type=\"column\">\n\t\t\t<div class=\"elementor-widget-wrap elementor-element-populated\">\n\t\t\t\t\t\t<div class=\"elementor-element elementor-element-da17642 sc_height_huge sc_fly_static elementor-widget elementor-widget-spacer\" data-id=\"da17642\" data-element_type=\"widget\" data-widget_type=\"spacer.default\">\n\t\t\t\t<div class=\"elementor-widget-container\">\n\t\t\t\t\t\t\t<div class=\"elementor-spacer\">\n\t\t\t<div class=\"elementor-spacer-inner\"><\/div>\n\t\t<\/div>\n\t\t\t\t\t\t<\/div>\n\t\t\t\t<\/div>\n\t\t\t\t<section data-animation-type=\"block\" class=\"elementor-section elementor-inner-section elementor-element elementor-element-f6c725d elementor-section-boxed elementor-section-height-default elementor-section-height-default animation_type_block sc_fly_static elementor-invisible\" data-id=\"f6c725d\" data-element_type=\"section\" data-settings=\"{&quot;animation&quot;:&quot;belicia-fadeinup&quot;}\">\n\t\t\t\t\t\t<div class=\"elementor-container elementor-column-gap-no\">\n\t\t\t\t\t<div class=\"elementor-column elementor-col-100 elementor-inner-column elementor-element elementor-element-f0be654 sc_content_align_inherit sc_layouts_column_icons_position_left sc_fly_static\" data-id=\"f0be654\" data-element_type=\"column\">\n\t\t\t<div class=\"elementor-widget-wrap elementor-element-populated\">\n\t\t\t\t\t\t<div class=\"elementor-element elementor-element-0962eee sc_fly_static elementor-widget elementor-widget-trx_sc_skills\" data-id=\"0962eee\" data-element_type=\"widget\" data-widget_type=\"trx_sc_skills.default\">\n\t\t\t\t<div class=\"elementor-widget-container\">\n\t\t\t\t\t<div\t\tclass=\"sc_skills sc_skills_counter_modern sc_skills_counter_style_counter\"\n\t\t\t\tdata-type=\"counter\" ><div class=\"sc_skills_columns sc_item_columns trx_addons_columns_wrap columns_padding_bottom columns_in_single_row\"><div class=\"sc_skills_column trx_addons_column-1_2 trx_addons_column-1_2-mobile\"><div class=\"sc_skills_item_wrap sc_skills_item_icon_position_top\"><div class=\"sc_skills_item\"><div class=\"sc_skills_total\" data-start=\"0\" data-stop=\"30\" data-step=\"0.3\" data-max=\"10000\" data-speed=\"15\" data-duration=\"1500\" data-ed=\"\" data-style=\"counter\">0<\/div><\/div><div class=\"sc_skills_item_title\">Y\u0131ll\u0131k tecr\u00fcbe<\/div><\/div><\/div><div class=\"sc_skills_column trx_addons_column-1_2 trx_addons_column-1_2-mobile\"><div class=\"sc_skills_item_wrap sc_skills_item_icon_position_top\"><div class=\"sc_skills_item\"><div class=\"sc_skills_total\" data-start=\"0\" data-stop=\"10000\" data-step=\"100\" data-max=\"10000\" data-speed=\"15\" data-duration=\"1500\" data-ed=\"+\" data-style=\"counter\">0+<\/div><\/div><div class=\"sc_skills_item_title\">Misafir<\/div><\/div><\/div><\/div><\/div>\t\t\t\t<\/div>\n\t\t\t\t<\/div>\n\t\t\t\t\t<\/div>\n\t\t<\/div>\n\t\t\t\t\t<\/div>\n\t\t<\/section>\n\t\t\t\t<div class=\"elementor-element elementor-element-6f43737 sc_height_huge sc_fly_static elementor-widget elementor-widget-spacer\" data-id=\"6f43737\" data-element_type=\"widget\" data-widget_type=\"spacer.default\">\n\t\t\t\t<div class=\"elementor-widget-container\">\n\t\t\t\t\t\t\t<div class=\"elementor-spacer\">\n\t\t\t<div class=\"elementor-spacer-inner\"><\/div>\n\t\t<\/div>\n\t\t\t\t\t\t<\/div>\n\t\t\t\t<\/div>\n\t\t\t\t\t<\/div>\n\t\t<\/div>\n\t\t\t\t\t<\/div>\n\t\t<\/section>\n\t\t\t\t<\/div>\n\t\t","protected":false},"excerpt":{"rendered":"<p>Ben Carter Customer relations Adipiscing elit, sed do tempor incididunt ut labore. facebook-1twitterdribbble-1instagram James Martins Private chauffeur Adipiscing elit, sed do tempor incidunt ut labore. facebook-1twitterdribbble-1instagram Karen Wallace Housekeeping Adipiscing&hellip;<\/p>\n","protected":false},"author":1,"featured_media":0,"parent":0,"menu_order":0,"comment_status":"closed","ping_status":"closed","template":"","meta":{"footnotes":""},"class_list":["post-18939","page","type-page","status-publish","hentry"],"_links":{"self":[{"href":"https:\/\/webseldonusum.net\/tema\/otel-konsept\/wp-json\/wp\/v2\/pages\/18939","targetHints":{"allow":["GET"]}}],"collection":[{"href":"https:\/\/webseldonusum.net\/tema\/otel-konsept\/wp-json\/wp\/v2\/pages"}],"about":[{"href":"https:\/\/webseldonusum.net\/tema\/otel-konsept\/wp-json\/wp\/v2\/types\/page"}],"author":[{"embeddable":true,"href":"https:\/\/webseldonusum.net\/tema\/otel-konsept\/wp-json\/wp\/v2\/users\/1"}],"replies":[{"embeddable":true,"href":"https:\/\/webseldonusum.net\/tema\/otel-konsept\/wp-json\/wp\/v2\/comments?post=18939"}],"version-history":[{"count":4,"href":"https:\/\/webseldonusum.net\/tema\/otel-konsept\/wp-json\/wp\/v2\/pages\/18939\/revisions"}],"predecessor-version":[{"id":35195,"href":"https:\/\/webseldonusum.net\/tema\/otel-konsept\/wp-json\/wp\/v2\/pages\/18939\/revisions\/35195"}],"wp:attachment":[{"href":"https:\/\/webseldonusum.net\/tema\/otel-konsept\/wp-json\/wp\/v2\/media?parent=18939"}],"curies":[{"name":"wp","href":"https:\/\/api.w.org\/{rel}","templated":true}]}}