{"id":44889,"date":"2024-08-26T19:48:23","date_gmt":"2024-08-26T19:48:23","guid":{"rendered":"http:\/\/itech.dv.ancorathemes.com\/?page_id=44889"},"modified":"2025-04-26T14:43:45","modified_gmt":"2025-04-26T11:43:45","slug":"newsletter-popups","status":"publish","type":"page","link":"https:\/\/webseldonusum.net\/tema\/psikoloji\/newsletter-popups\/","title":{"rendered":"Reklam Pop-Up"},"content":{"rendered":"\t\t<div data-elementor-type=\"wp-page\" data-elementor-id=\"44889\" class=\"elementor elementor-44889\">\n\t\t\t\t\t\t<section class=\"elementor-section elementor-top-section elementor-element elementor-element-39736c5 elementor-section-boxed elementor-section-height-default elementor-section-height-default sc_fly_static\" data-id=\"39736c5\" data-element_type=\"section\">\n\t\t\t\t\t\t<div class=\"elementor-container elementor-column-gap-extended\">\n\t\t\t\t\t<div class=\"elementor-column elementor-col-100 elementor-top-column elementor-element elementor-element-e2db149 sc_content_align_inherit sc_layouts_column_icons_position_left sc_fly_static\" data-id=\"e2db149\" data-element_type=\"column\">\n\t\t\t<div class=\"elementor-widget-wrap elementor-element-populated\">\n\t\t\t\t\t\t<div class=\"elementor-element elementor-element-50ff3ea8 sc_height_huge sc_fly_static elementor-widget elementor-widget-spacer\" data-id=\"50ff3ea8\" data-element_type=\"widget\" data-widget_type=\"spacer.default\">\n\t\t\t\t<div class=\"elementor-widget-container\">\n\t\t\t\t\t\t\t<div class=\"elementor-spacer\">\n\t\t\t<div class=\"elementor-spacer-inner\"><\/div>\n\t\t<\/div>\n\t\t\t\t\t\t<\/div>\n\t\t\t\t<\/div>\n\t\t\t\t<div class=\"elementor-element elementor-element-c7b716f sc_fly_static elementor-widget elementor-widget-spacer\" data-id=\"c7b716f\" data-element_type=\"widget\" data-widget_type=\"spacer.default\">\n\t\t\t\t<div class=\"elementor-widget-container\">\n\t\t\t\t\t\t\t<div class=\"elementor-spacer\">\n\t\t\t<div class=\"elementor-spacer-inner\"><\/div>\n\t\t<\/div>\n\t\t\t\t\t\t<\/div>\n\t\t\t\t<\/div>\n\t\t\t\t<div class=\"elementor-element elementor-element-1891295 sc_fly_static elementor-widget elementor-widget-trx_sc_title\" data-id=\"1891295\" data-element_type=\"widget\" data-widget_type=\"trx_sc_title.default\">\n\t\t\t\t<div class=\"elementor-widget-container\">\n\t\t\t\t\t<div\t\tclass=\"sc_title sc_title_default\" ><h1 class=\"sc_item_title sc_title_title sc_align_center sc_item_title_style_default sc_item_title_tag\"\n\t\t\t><span class=\"sc_item_title_text\">Ekran Ortas\u0131 Pop-Up<\/span><\/h1><\/div>\t\t\t\t<\/div>\n\t\t\t\t<\/div>\n\t\t\t\t<div class=\"elementor-element elementor-element-605d412f sc_height_small sc_fly_static elementor-widget elementor-widget-spacer\" data-id=\"605d412f\" data-element_type=\"widget\" data-widget_type=\"spacer.default\">\n\t\t\t\t<div class=\"elementor-widget-container\">\n\t\t\t\t\t\t\t<div class=\"elementor-spacer\">\n\t\t\t<div class=\"elementor-spacer-inner\"><\/div>\n\t\t<\/div>\n\t\t\t\t\t\t<\/div>\n\t\t\t\t<\/div>\n\t\t\t\t<div class=\"elementor-element elementor-element-361f0ec2 sc_fly_static elementor-widget elementor-widget-trx_sc_button\" data-id=\"361f0ec2\" data-element_type=\"widget\" data-widget_type=\"trx_sc_button.default\">\n\t\t\t\t<div class=\"elementor-widget-container\">\n\t\t\t\t\t<div\tclass=\"sc_item_button sc_button_wrap sc_align_center\" ><a href=\"#\" id=\"manual-launch-3\" class=\"sc_button sc_button_default sc_button_size_normal sc_button_icon_left\" ><span class=\"sc_button_text\"><span class=\"sc_button_title\">\u00d6rne\u011fi G\u00f6rmek \u0130\u00e7in T\u0131klay\u0131n\u0131z<\/span><\/span><\/a><\/div>\t\t\t\t<\/div>\n\t\t\t\t<\/div>\n\t\t\t\t<div class=\"elementor-element elementor-element-2eba201 sc_fly_static elementor-widget elementor-widget-spacer\" data-id=\"2eba201\" data-element_type=\"widget\" data-widget_type=\"spacer.default\">\n\t\t\t\t<div class=\"elementor-widget-container\">\n\t\t\t\t\t\t\t<div class=\"elementor-spacer\">\n\t\t\t<div class=\"elementor-spacer-inner\"><\/div>\n\t\t<\/div>\n\t\t\t\t\t\t<\/div>\n\t\t\t\t<\/div>\n\t\t\t\t<div class=\"elementor-element elementor-element-358bffd sc_height_huge sc_fly_static elementor-widget elementor-widget-spacer\" data-id=\"358bffd\" data-element_type=\"widget\" data-widget_type=\"spacer.default\">\n\t\t\t\t<div class=\"elementor-widget-container\">\n\t\t\t\t\t\t\t<div class=\"elementor-spacer\">\n\t\t\t<div class=\"elementor-spacer-inner\"><\/div>\n\t\t<\/div>\n\t\t\t\t\t\t<\/div>\n\t\t\t\t<\/div>\n\t\t\t\t\t<\/div>\n\t\t<\/div>\n\t\t\t\t\t<\/div>\n\t\t<\/section>\n\t\t\t\t<section class=\"elementor-section elementor-top-section elementor-element elementor-element-2f6e6bf scheme_default elementor-section-boxed elementor-section-height-default elementor-section-height-default sc_fly_static\" data-id=\"2f6e6bf\" data-element_type=\"section\" data-settings=\"{&quot;background_background&quot;:&quot;classic&quot;}\">\n\t\t\t\t\t\t<div class=\"elementor-container elementor-column-gap-extended\">\n\t\t\t\t\t<div class=\"elementor-column elementor-col-100 elementor-top-column elementor-element elementor-element-18e2fdf sc_content_align_inherit sc_layouts_column_icons_position_left sc_fly_static\" data-id=\"18e2fdf\" data-element_type=\"column\">\n\t\t\t<div class=\"elementor-widget-wrap elementor-element-populated\">\n\t\t\t\t\t\t<div class=\"elementor-element elementor-element-b47812c sc_height_huge sc_fly_static elementor-widget elementor-widget-spacer\" data-id=\"b47812c\" data-element_type=\"widget\" data-widget_type=\"spacer.default\">\n\t\t\t\t<div class=\"elementor-widget-container\">\n\t\t\t\t\t\t\t<div class=\"elementor-spacer\">\n\t\t\t<div class=\"elementor-spacer-inner\"><\/div>\n\t\t<\/div>\n\t\t\t\t\t\t<\/div>\n\t\t\t\t<\/div>\n\t\t\t\t<div class=\"elementor-element elementor-element-0c46dd0 sc_fly_static elementor-widget elementor-widget-spacer\" data-id=\"0c46dd0\" data-element_type=\"widget\" data-widget_type=\"spacer.default\">\n\t\t\t\t<div class=\"elementor-widget-container\">\n\t\t\t\t\t\t\t<div class=\"elementor-spacer\">\n\t\t\t<div class=\"elementor-spacer-inner\"><\/div>\n\t\t<\/div>\n\t\t\t\t\t\t<\/div>\n\t\t\t\t<\/div>\n\t\t\t\t<div class=\"elementor-element elementor-element-e9b8712 sc_fly_static elementor-widget elementor-widget-trx_sc_title\" data-id=\"e9b8712\" data-element_type=\"widget\" data-widget_type=\"trx_sc_title.default\">\n\t\t\t\t<div class=\"elementor-widget-container\">\n\t\t\t\t\t<div\t\tclass=\"sc_title sc_title_default\" ><h1 class=\"sc_item_title sc_title_title sc_align_center sc_item_title_style_default sc_item_title_tag\"\n\t\t\t><span class=\"sc_item_title_text\">Sa\u011f Alt K\u00f6\u015fe Pop-Up<\/span><\/h1><\/div>\t\t\t\t<\/div>\n\t\t\t\t<\/div>\n\t\t\t\t<div class=\"elementor-element elementor-element-8f2697a sc_height_small sc_fly_static elementor-widget elementor-widget-spacer\" data-id=\"8f2697a\" data-element_type=\"widget\" data-widget_type=\"spacer.default\">\n\t\t\t\t<div class=\"elementor-widget-container\">\n\t\t\t\t\t\t\t<div class=\"elementor-spacer\">\n\t\t\t<div class=\"elementor-spacer-inner\"><\/div>\n\t\t<\/div>\n\t\t\t\t\t\t<\/div>\n\t\t\t\t<\/div>\n\t\t\t\t<div class=\"elementor-element elementor-element-f8b49d3 sc_fly_static elementor-widget elementor-widget-trx_sc_button\" data-id=\"f8b49d3\" data-element_type=\"widget\" data-widget_type=\"trx_sc_button.default\">\n\t\t\t\t<div class=\"elementor-widget-container\">\n\t\t\t\t\t<div\tclass=\"sc_item_button sc_button_wrap sc_align_center\" ><a href=\"#\" id=\"manual-launch-4\" class=\"sc_button sc_button_default sc_button_size_normal sc_button_icon_left\" ><span class=\"sc_button_text\"><span class=\"sc_button_title\">\u00d6rne\u011fi G\u00f6rmek \u0130\u00e7in T\u0131klay\u0131n\u0131z<\/span><\/span><\/a><\/div>\t\t\t\t<\/div>\n\t\t\t\t<\/div>\n\t\t\t\t<div class=\"elementor-element elementor-element-92f2f72 sc_fly_static elementor-widget elementor-widget-spacer\" data-id=\"92f2f72\" data-element_type=\"widget\" data-widget_type=\"spacer.default\">\n\t\t\t\t<div class=\"elementor-widget-container\">\n\t\t\t\t\t\t\t<div class=\"elementor-spacer\">\n\t\t\t<div class=\"elementor-spacer-inner\"><\/div>\n\t\t<\/div>\n\t\t\t\t\t\t<\/div>\n\t\t\t\t<\/div>\n\t\t\t\t<div class=\"elementor-element elementor-element-664311f sc_height_huge sc_fly_static elementor-widget elementor-widget-spacer\" data-id=\"664311f\" data-element_type=\"widget\" data-widget_type=\"spacer.default\">\n\t\t\t\t<div class=\"elementor-widget-container\">\n\t\t\t\t\t\t\t<div class=\"elementor-spacer\">\n\t\t\t<div class=\"elementor-spacer-inner\"><\/div>\n\t\t<\/div>\n\t\t\t\t\t\t<\/div>\n\t\t\t\t<\/div>\n\t\t\t\t\t<\/div>\n\t\t<\/div>\n\t\t\t\t\t<\/div>\n\t\t<\/section>\n\t\t\t\t<\/div>\n\t\t","protected":false},"excerpt":{"rendered":"<p>Ekran Ortas\u0131 Pop-Up \u00d6rne\u011fi G\u00f6rmek \u0130\u00e7in T\u0131klay\u0131n\u0131z Sa\u011f Alt K\u00f6\u015fe Pop-Up \u00d6rne\u011fi G\u00f6rmek \u0130\u00e7in T\u0131klay\u0131n\u0131z<\/p>\n","protected":false},"author":1,"featured_media":0,"parent":0,"menu_order":0,"comment_status":"closed","ping_status":"closed","template":"","meta":{"footnotes":""},"class_list":["post-44889","page","type-page","status-publish","hentry"],"_links":{"self":[{"href":"https:\/\/webseldonusum.net\/tema\/psikoloji\/wp-json\/wp\/v2\/pages\/44889","targetHints":{"allow":["GET"]}}],"collection":[{"href":"https:\/\/webseldonusum.net\/tema\/psikoloji\/wp-json\/wp\/v2\/pages"}],"about":[{"href":"https:\/\/webseldonusum.net\/tema\/psikoloji\/wp-json\/wp\/v2\/types\/page"}],"author":[{"embeddable":true,"href":"https:\/\/webseldonusum.net\/tema\/psikoloji\/wp-json\/wp\/v2\/users\/1"}],"replies":[{"embeddable":true,"href":"https:\/\/webseldonusum.net\/tema\/psikoloji\/wp-json\/wp\/v2\/comments?post=44889"}],"version-history":[{"count":4,"href":"https:\/\/webseldonusum.net\/tema\/psikoloji\/wp-json\/wp\/v2\/pages\/44889\/revisions"}],"predecessor-version":[{"id":66807,"href":"https:\/\/webseldonusum.net\/tema\/psikoloji\/wp-json\/wp\/v2\/pages\/44889\/revisions\/66807"}],"wp:attachment":[{"href":"https:\/\/webseldonusum.net\/tema\/psikoloji\/wp-json\/wp\/v2\/media?parent=44889"}],"curies":[{"name":"wp","href":"https:\/\/api.w.org\/{rel}","templated":true}]}}