{"id":61366,"date":"2024-09-13T19:27:56","date_gmt":"2024-09-13T19:27:56","guid":{"rendered":"https:\/\/webseldonusum.net\/tema\/psikoloji\/?page_id=61366"},"modified":"2025-04-26T14:30:52","modified_gmt":"2025-04-26T11:30:52","slug":"testimonials","status":"publish","type":"page","link":"https:\/\/webseldonusum.net\/tema\/psikoloji\/testimonials\/","title":{"rendered":"M\u00fc\u015fteri G\u00f6r\u00fc\u015fleri"},"content":{"rendered":"\t\t<div data-elementor-type=\"wp-page\" data-elementor-id=\"61366\" class=\"elementor elementor-61366\">\n\t\t\t\t\t\t<section class=\"elementor-section elementor-top-section elementor-element elementor-element-1acc6a58 elementor-section-boxed elementor-section-height-default elementor-section-height-default sc_fly_static\" data-id=\"1acc6a58\" data-element_type=\"section\">\n\t\t\t\t\t\t<div class=\"elementor-container elementor-column-gap-extended\">\n\t\t\t\t\t<div data-animation-type=\"block\" class=\"elementor-column elementor-col-100 elementor-top-column elementor-element elementor-element-5a9cbeda sc_layouts_column_align_center sc_layouts_column sc_content_align_inherit sc_layouts_column_icons_position_left animation_type_block sc_fly_static elementor-invisible\" data-id=\"5a9cbeda\" data-element_type=\"column\" data-settings=\"{&quot;animation&quot;:&quot;agora-fadeinup&quot;}\">\n\t\t\t<div class=\"elementor-widget-wrap elementor-element-populated\">\n\t\t\t\t\t\t<div class=\"elementor-element elementor-element-74c26cc sc_height_huge sc_fly_static elementor-widget elementor-widget-spacer\" data-id=\"74c26cc\" data-element_type=\"widget\" data-widget_type=\"spacer.default\">\n\t\t\t\t<div class=\"elementor-widget-container\">\n\t\t\t\t\t\t\t<div class=\"elementor-spacer\">\n\t\t\t<div class=\"elementor-spacer-inner\"><\/div>\n\t\t<\/div>\n\t\t\t\t\t\t<\/div>\n\t\t\t\t<\/div>\n\t\t\t\t<div class=\"elementor-element elementor-element-c787481 sc_fly_static elementor-widget elementor-widget-spacer\" data-id=\"c787481\" data-element_type=\"widget\" data-widget_type=\"spacer.default\">\n\t\t\t\t<div class=\"elementor-widget-container\">\n\t\t\t\t\t\t\t<div class=\"elementor-spacer\">\n\t\t\t<div class=\"elementor-spacer-inner\"><\/div>\n\t\t<\/div>\n\t\t\t\t\t\t<\/div>\n\t\t\t\t<\/div>\n\t\t\t\t<div data-animation-type=\"block\" class=\"elementor-element elementor-element-ee2e148 elementor-widget__width-initial animation_type_block sc_fly_static elementor-invisible elementor-widget elementor-widget-trx_sc_title\" data-id=\"ee2e148\" data-element_type=\"widget\" data-settings=\"{&quot;_animation&quot;:&quot;shrink-fadeinup&quot;}\" data-widget_type=\"trx_sc_title.default\">\n\t\t\t\t<div class=\"elementor-widget-container\">\n\t\t\t\t\t<div\t\tclass=\"sc_title sc_title_default\" ><span class=\"sc_item_subtitle sc_title_subtitle sc_align_center sc_item_subtitle_above sc_item_title_style_default\">Discover psychology<\/span><h1 class=\"sc_item_title sc_title_title sc_align_center sc_item_title_style_default sc_item_title_tag\"\n\t\t\t><span class=\"sc_item_title_text\">Sosyal dinamiklerin <img decoding=\"async\" src=\"https:\/\/webseldonusum.net\/tema\/psikoloji\/wp-content\/uploads\/2025\/01\/text-icon-1.svg\" style=\"vertical-align:middle;max-height:0.9em;margin: 0 0.04em 0.1em;\"> ruh sa\u011fl\u0131\u011f\u0131 <img decoding=\"async\" src=\"https:\/\/webseldonusum.net\/tema\/psikoloji\/wp-content\/uploads\/2025\/01\/text-icon-2.svg\" style=\"vertical-align:middle;max-height:0.9em;margin: 0 0.04em 0.1em;\"> ve ki\u015fisel kimlik <img decoding=\"async\" src=\"https:\/\/webseldonusum.net\/tema\/psikoloji\/wp-content\/uploads\/2025\/01\/text-icon-3.svg\" style=\"vertical-align:middle;max-height:0.9em;margin: 0 0.04em 0.1em;\"> \u00fczerindeki etkisi<\/span><\/h1><\/div>\t\t\t\t<\/div>\n\t\t\t\t<\/div>\n\t\t\t\t<div class=\"elementor-element elementor-element-2a03e32 sc_height_huge sc_fly_static elementor-widget elementor-widget-spacer\" data-id=\"2a03e32\" data-element_type=\"widget\" data-widget_type=\"spacer.default\">\n\t\t\t\t<div class=\"elementor-widget-container\">\n\t\t\t\t\t\t\t<div class=\"elementor-spacer\">\n\t\t\t<div class=\"elementor-spacer-inner\"><\/div>\n\t\t<\/div>\n\t\t\t\t\t\t<\/div>\n\t\t\t\t<\/div>\n\t\t\t\t<div class=\"elementor-element elementor-element-3e817987 sc_fly_static elementor-widget elementor-widget-spacer\" data-id=\"3e817987\" data-element_type=\"widget\" data-widget_type=\"spacer.default\">\n\t\t\t\t<div class=\"elementor-widget-container\">\n\t\t\t\t\t\t\t<div class=\"elementor-spacer\">\n\t\t\t<div class=\"elementor-spacer-inner\"><\/div>\n\t\t<\/div>\n\t\t\t\t\t\t<\/div>\n\t\t\t\t<\/div>\n\t\t\t\t\t<\/div>\n\t\t<\/div>\n\t\t\t\t\t<\/div>\n\t\t<\/section>\n\t\t\t\t<section class=\"elementor-section elementor-top-section elementor-element elementor-element-8a791d1 elementor-section-boxed elementor-section-height-default elementor-section-height-default sc_gradient_animation_none sc_fly_static\" data-id=\"8a791d1\" data-element_type=\"section\" data-settings=\"{&quot;background_background&quot;:&quot;gradient&quot;}\">\n\t\t\t\t\t\t<div class=\"elementor-container elementor-column-gap-extended\">\n\t\t\t\t\t<div class=\"elementor-column elementor-col-100 elementor-top-column elementor-element elementor-element-22ce1ec sc_content_align_inherit sc_layouts_column_icons_position_left sc_fly_static\" data-id=\"22ce1ec\" data-element_type=\"column\">\n\t\t\t<div class=\"elementor-widget-wrap elementor-element-populated\">\n\t\t\t\t\t\t<div class=\"elementor-element elementor-element-015bd1d sc_fly_static elementor-widget elementor-widget-trx_sc_icompare\" data-id=\"015bd1d\" data-element_type=\"widget\" data-widget_type=\"trx_sc_icompare.default\">\n\t\t\t\t<div class=\"elementor-widget-container\">\n\t\t\t\t\t<div  \n\t\t\tclass=\"sc_icompare sc_icompare_default sc_icompare_direction_vertical sc_icompare_event_drag\" ><div class=\"sc_icompare_content sc_item_content\" ><img fetchpriority=\"high\" decoding=\"async\" src=\"\/\/webseldonusum.net\/tema\/psikoloji\/wp-content\/uploads\/2025\/04\/uzgun-kadin.webp\" class=\"sc_icompare_image sc_icompare_image0\" alt=\"Before\" width=\"1290\" height=\"660\" \/><img decoding=\"async\" src=\"\/\/webseldonusum.net\/tema\/psikoloji\/wp-content\/uploads\/2025\/04\/uzgun-kadin.webp\" class=\"sc_icompare_image sc_icompare_image1\" alt=\"Before\" width=\"1290\" height=\"660\" \/><img decoding=\"async\" src=\"\/\/webseldonusum.net\/tema\/psikoloji\/wp-content\/uploads\/2025\/04\/neseli-kadin.webp\" class=\"sc_icompare_image sc_icompare_image2\" alt=\"After\" width=\"1290\" height=\"660\" \/><div class=\"sc_icompare_handler sc_icompare_handler_style_round\"\n\t\t\t\t\tdata-handler-pos=\"50\"\n\t\t\t\t><span class=\"sc_icompare_handler_icon sc_icon_type_icon icon-new-nav-group\"><\/span><\/div><\/div><\/div>\t\t\t\t<\/div>\n\t\t\t\t<\/div>\n\t\t\t\t\t<\/div>\n\t\t<\/div>\n\t\t\t\t\t<\/div>\n\t\t<\/section>\n\t\t\t\t<section class=\"elementor-section elementor-top-section elementor-element elementor-element-ddd76af elementor-section-full_width scheme_default elementor-section-height-default elementor-section-height-default sc_fly_static\" data-id=\"ddd76af\" data-element_type=\"section\" data-settings=\"{&quot;background_background&quot;:&quot;classic&quot;}\">\n\t\t\t\t\t\t<div class=\"elementor-container elementor-column-gap-no\">\n\t\t\t\t\t<div class=\"elementor-column elementor-col-100 elementor-top-column elementor-element elementor-element-01e83b6 sc_content_align_inherit sc_layouts_column_icons_position_left sc_fly_static\" data-id=\"01e83b6\" data-element_type=\"column\">\n\t\t\t<div class=\"elementor-widget-wrap elementor-element-populated\">\n\t\t\t\t\t\t<div class=\"elementor-element elementor-element-094683a sc_height_huge sc_fly_static elementor-widget elementor-widget-spacer\" data-id=\"094683a\" data-element_type=\"widget\" data-widget_type=\"spacer.default\">\n\t\t\t\t<div class=\"elementor-widget-container\">\n\t\t\t\t\t\t\t<div class=\"elementor-spacer\">\n\t\t\t<div class=\"elementor-spacer-inner\"><\/div>\n\t\t<\/div>\n\t\t\t\t\t\t<\/div>\n\t\t\t\t<\/div>\n\t\t\t\t<div class=\"elementor-element elementor-element-fd81209 sc_fly_static elementor-widget elementor-widget-spacer\" data-id=\"fd81209\" data-element_type=\"widget\" data-widget_type=\"spacer.default\">\n\t\t\t\t<div class=\"elementor-widget-container\">\n\t\t\t\t\t\t\t<div class=\"elementor-spacer\">\n\t\t\t<div class=\"elementor-spacer-inner\"><\/div>\n\t\t<\/div>\n\t\t\t\t\t\t<\/div>\n\t\t\t\t<\/div>\n\t\t\t\t<section class=\"elementor-section elementor-inner-section elementor-element elementor-element-c375927 elementor-section-boxed elementor-section-height-default elementor-section-height-default sc_fly_static\" data-id=\"c375927\" data-element_type=\"section\">\n\t\t\t\t\t\t<div class=\"elementor-container elementor-column-gap-extended\">\n\t\t\t\t\t<div class=\"elementor-column elementor-col-100 elementor-inner-column elementor-element elementor-element-2de6d3c sc_layouts_column_align_center sc_layouts_column sc_content_align_inherit sc_layouts_column_icons_position_left sc_fly_static\" data-id=\"2de6d3c\" data-element_type=\"column\">\n\t\t\t<div class=\"elementor-widget-wrap elementor-element-populated\">\n\t\t\t\t\t\t<div class=\"elementor-element elementor-element-4144766 sc_fly_static elementor-widget elementor-widget-trx_sc_title\" data-id=\"4144766\" data-element_type=\"widget\" data-widget_type=\"trx_sc_title.default\">\n\t\t\t\t<div class=\"elementor-widget-container\">\n\t\t\t\t\t<div\t\tclass=\"sc_title sc_title_default\" ><span class=\"sc_item_subtitle sc_title_subtitle sc_item_subtitle_above sc_item_title_style_default\">g\u00f6r\u00fc\u015f ve yorumlar<\/span><h1 class=\"sc_item_title sc_title_title sc_item_title_style_default sc_item_title_tag\"\n\t\t\t><span class=\"sc_item_title_text\">Dan\u0131\u015fanlar\u0131m\u0131z ne dedi?<\/span><\/h1><\/div>\t\t\t\t<\/div>\n\t\t\t\t<\/div>\n\t\t\t\t<div class=\"elementor-element elementor-element-0a3a9a1 sc_height_small sc_fly_static elementor-widget elementor-widget-spacer\" data-id=\"0a3a9a1\" data-element_type=\"widget\" data-widget_type=\"spacer.default\">\n\t\t\t\t<div class=\"elementor-widget-container\">\n\t\t\t\t\t\t\t<div class=\"elementor-spacer\">\n\t\t\t<div class=\"elementor-spacer-inner\"><\/div>\n\t\t<\/div>\n\t\t\t\t\t\t<\/div>\n\t\t\t\t<\/div>\n\t\t\t\t\t<\/div>\n\t\t<\/div>\n\t\t\t\t\t<\/div>\n\t\t<\/section>\n\t\t\t\t<div class=\"elementor-element elementor-element-060e121 sc_fly_static elementor-widget elementor-widget-trx_sc_testimonials\" data-id=\"060e121\" data-element_type=\"widget\" data-widget_type=\"trx_sc_testimonials.default\">\n\t\t\t\t<div class=\"elementor-widget-container\">\n\t\t\t\t\t<div \t\tclass=\"sc_testimonials sc_testimonials_default\"><div class=\"sc_testimonials_columns_wrap sc_item_columns trx_addons_columns_wrap columns_padding_bottom columns_in_single_row\"><div class=\"trx_addons_column-1_3\"><div data-post-id=\"498\" class=\"sc_testimonials_item sc_item_container post_container\">\n\t<div class=\"sc_testimonials_item_content\"><p>\u0130\u015f hayat\u0131n\u0131n getirdi\u011fi yo\u011fun bask\u0131 ve t\u00fckenmi\u015flik hissiyle m\u00fccadele ediyordum. Bireysel terapiye ba\u015flama karar\u0131 ald\u0131m ve bu s\u00fcre\u00e7te terapistimle \u00e7al\u0131\u015fmak hayat\u0131mda \u00f6nemli bir fark yaratt\u0131. Stres y\u00f6netimi teknikleri \u00f6\u011frendim, i\u015f ve \u00f6zel hayat dengesini kurma konusunda de\u011ferli i\u00e7g\u00f6r\u00fcler kazand\u0131m. Art\u0131k sorunlarla daha sa\u011fl\u0131kl\u0131 ba\u015fa \u00e7\u0131kabiliyor ve kendimi daha enerjik hissediyorum. Profesyonel destek alman\u0131n \u00f6nemini anlad\u0131m.<\/p>\n<\/div>\n\t<div class=\"sc_testimonials_item_author\">\n\t\t\t\t\t<div class=\"sc_testimonials_item_author_avatar\"><img loading=\"lazy\" decoding=\"async\" width=\"120\" height=\"120\" src=\"https:\/\/webseldonusum.net\/tema\/psikoloji\/wp-content\/uploads\/2024\/04\/ttmn1-copyright-120x120.jpg\" class=\"attachment-shrink-thumb-tiny size-shrink-thumb-tiny wp-post-image\" alt=\"Mehmet Kaya\" srcset=\"https:\/\/webseldonusum.net\/tema\/psikoloji\/wp-content\/uploads\/2024\/04\/ttmn1-copyright-120x120.jpg 120w, https:\/\/webseldonusum.net\/tema\/psikoloji\/wp-content\/uploads\/2024\/04\/ttmn1-copyright-300x300.jpg 300w, https:\/\/webseldonusum.net\/tema\/psikoloji\/wp-content\/uploads\/2024\/04\/ttmn1-copyright-1024x1024.jpg 1024w, https:\/\/webseldonusum.net\/tema\/psikoloji\/wp-content\/uploads\/2024\/04\/ttmn1-copyright-150x150.jpg 150w, https:\/\/webseldonusum.net\/tema\/psikoloji\/wp-content\/uploads\/2024\/04\/ttmn1-copyright-768x768.jpg 768w, https:\/\/webseldonusum.net\/tema\/psikoloji\/wp-content\/uploads\/2024\/04\/ttmn1-copyright-370x370.jpg 370w, https:\/\/webseldonusum.net\/tema\/psikoloji\/wp-content\/uploads\/2024\/04\/ttmn1-copyright-840x840.jpg 840w, https:\/\/webseldonusum.net\/tema\/psikoloji\/wp-content\/uploads\/2024\/04\/ttmn1-copyright-410x410.jpg 410w, https:\/\/webseldonusum.net\/tema\/psikoloji\/wp-content\/uploads\/2024\/04\/ttmn1-copyright-630x630.jpg 630w, https:\/\/webseldonusum.net\/tema\/psikoloji\/wp-content\/uploads\/2024\/04\/ttmn1-copyright-600x600.jpg 600w, https:\/\/webseldonusum.net\/tema\/psikoloji\/wp-content\/uploads\/2024\/04\/ttmn1-copyright.jpg 1200w\" sizes=\"(max-width: 120px) 100vw, 120px\" \/><\/div>\n\t\t\t\t<div class=\"sc_testimonials_item_author_data\">\n\t\t\t<h4 class=\"sc_testimonials_item_author_title\">Mehmet Kaya<\/h4>\n\t\t\t<div class=\"sc_testimonials_item_author_subtitle\">M\u00fchendis<\/div>\t\t<\/div>\n\t<\/div>\n<\/div>\n<\/div><div class=\"trx_addons_column-1_3\"><div data-post-id=\"497\" class=\"sc_testimonials_item sc_item_container post_container\">\n\t<div class=\"sc_testimonials_item_content\"><p>E\u015fimle aram\u0131zdaki ileti\u015fim sorunlar\u0131 ve s\u00fcrekli tekrarlayan tart\u0131\u015fmalar ili\u015fkimizi y\u0131pratmaya ba\u015flam\u0131\u015ft\u0131. \u00c7ift terapisi almaya karar vermek bizim i\u00e7in zor bir ad\u0131md\u0131 ama iyi ki yapm\u0131\u015f\u0131z. Terapistimiz, ikimizin de bak\u0131\u015f a\u00e7\u0131s\u0131n\u0131 anlamam\u0131za, birbirimizi su\u00e7lamak yerine duygular\u0131m\u0131z\u0131 ifade etmemize yard\u0131mc\u0131 oldu. Tart\u0131\u015fmalar\u0131 yap\u0131c\u0131 bir \u015fekilde y\u00f6netmeyi \u00f6\u011frendik. \u0130li\u015fkimiz eskisinden \u00e7ok daha g\u00fc\u00e7l\u00fc ve anlay\u0131\u015fl\u0131 bir temele oturdu. Minnettar\u0131z.<\/p>\n<\/div>\n\t<div class=\"sc_testimonials_item_author\">\n\t\t\t\t\t<div class=\"sc_testimonials_item_author_avatar\"><img loading=\"lazy\" decoding=\"async\" width=\"120\" height=\"120\" src=\"https:\/\/webseldonusum.net\/tema\/psikoloji\/wp-content\/uploads\/2024\/04\/ttmn2-copyright-120x120.jpg\" class=\"attachment-shrink-thumb-tiny size-shrink-thumb-tiny wp-post-image\" alt=\"Elif Demir\" srcset=\"https:\/\/webseldonusum.net\/tema\/psikoloji\/wp-content\/uploads\/2024\/04\/ttmn2-copyright-120x120.jpg 120w, https:\/\/webseldonusum.net\/tema\/psikoloji\/wp-content\/uploads\/2024\/04\/ttmn2-copyright-300x300.jpg 300w, https:\/\/webseldonusum.net\/tema\/psikoloji\/wp-content\/uploads\/2024\/04\/ttmn2-copyright-1024x1024.jpg 1024w, https:\/\/webseldonusum.net\/tema\/psikoloji\/wp-content\/uploads\/2024\/04\/ttmn2-copyright-150x150.jpg 150w, https:\/\/webseldonusum.net\/tema\/psikoloji\/wp-content\/uploads\/2024\/04\/ttmn2-copyright-768x768.jpg 768w, https:\/\/webseldonusum.net\/tema\/psikoloji\/wp-content\/uploads\/2024\/04\/ttmn2-copyright-370x370.jpg 370w, https:\/\/webseldonusum.net\/tema\/psikoloji\/wp-content\/uploads\/2024\/04\/ttmn2-copyright-840x840.jpg 840w, https:\/\/webseldonusum.net\/tema\/psikoloji\/wp-content\/uploads\/2024\/04\/ttmn2-copyright-410x410.jpg 410w, https:\/\/webseldonusum.net\/tema\/psikoloji\/wp-content\/uploads\/2024\/04\/ttmn2-copyright-630x630.jpg 630w, https:\/\/webseldonusum.net\/tema\/psikoloji\/wp-content\/uploads\/2024\/04\/ttmn2-copyright-600x600.jpg 600w, https:\/\/webseldonusum.net\/tema\/psikoloji\/wp-content\/uploads\/2024\/04\/ttmn2-copyright.jpg 1200w\" sizes=\"(max-width: 120px) 100vw, 120px\" \/><\/div>\n\t\t\t\t<div class=\"sc_testimonials_item_author_data\">\n\t\t\t<h4 class=\"sc_testimonials_item_author_title\">Elif Demir<\/h4>\n\t\t\t<div class=\"sc_testimonials_item_author_subtitle\">Pazarlama M\u00fcd\u00fcr\u00fc<\/div>\t\t<\/div>\n\t<\/div>\n<\/div>\n<\/div><div class=\"trx_addons_column-1_3\"><div data-post-id=\"488\" class=\"sc_testimonials_item sc_item_container post_container\">\n\t<div class=\"sc_testimonials_item_content\"><p>Uzun s\u00fcredir ba\u015fa \u00e7\u0131kmakta zorland\u0131\u011f\u0131m yo\u011fun kayg\u0131 ve i\u015fle ilgili stres nedeniyle buraya ba\u015fvurmu\u015ftum. Terapistimin anlay\u0131\u015fl\u0131 ve profesyonel yakla\u015f\u0131m\u0131 sayesinde, beni bunaltan d\u00fc\u015f\u00fcnce kal\u0131plar\u0131n\u0131 fark ettim ve bunlarla nas\u0131l ba\u015fa \u00e7\u0131kabilece\u011fimi \u00f6\u011frendim. Seanslar sayesinde hem kendimi daha iyi tan\u0131d\u0131m hem de g\u00fcnl\u00fck hayat\u0131mda daha sakin ve dengeli hissediyorum. Kendime yapt\u0131\u011f\u0131m en iyi yat\u0131r\u0131mlardan biriydi. T\u00fcm ekibe te\u015fekk\u00fcr ederim.<\/p>\n<\/div>\n\t<div class=\"sc_testimonials_item_author\">\n\t\t\t\t\t<div class=\"sc_testimonials_item_author_avatar\"><img loading=\"lazy\" decoding=\"async\" width=\"120\" height=\"120\" src=\"https:\/\/webseldonusum.net\/tema\/psikoloji\/wp-content\/uploads\/2024\/04\/ttmn3-copyright-120x120.jpg\" class=\"attachment-shrink-thumb-tiny size-shrink-thumb-tiny wp-post-image\" alt=\"Ay\u015fe Y\u0131lmaz\" srcset=\"https:\/\/webseldonusum.net\/tema\/psikoloji\/wp-content\/uploads\/2024\/04\/ttmn3-copyright-120x120.jpg 120w, https:\/\/webseldonusum.net\/tema\/psikoloji\/wp-content\/uploads\/2024\/04\/ttmn3-copyright-300x300.jpg 300w, https:\/\/webseldonusum.net\/tema\/psikoloji\/wp-content\/uploads\/2024\/04\/ttmn3-copyright-1024x1024.jpg 1024w, https:\/\/webseldonusum.net\/tema\/psikoloji\/wp-content\/uploads\/2024\/04\/ttmn3-copyright-150x150.jpg 150w, https:\/\/webseldonusum.net\/tema\/psikoloji\/wp-content\/uploads\/2024\/04\/ttmn3-copyright-768x768.jpg 768w, https:\/\/webseldonusum.net\/tema\/psikoloji\/wp-content\/uploads\/2024\/04\/ttmn3-copyright-370x370.jpg 370w, https:\/\/webseldonusum.net\/tema\/psikoloji\/wp-content\/uploads\/2024\/04\/ttmn3-copyright-840x840.jpg 840w, https:\/\/webseldonusum.net\/tema\/psikoloji\/wp-content\/uploads\/2024\/04\/ttmn3-copyright-410x410.jpg 410w, https:\/\/webseldonusum.net\/tema\/psikoloji\/wp-content\/uploads\/2024\/04\/ttmn3-copyright-630x630.jpg 630w, https:\/\/webseldonusum.net\/tema\/psikoloji\/wp-content\/uploads\/2024\/04\/ttmn3-copyright-600x600.jpg 600w, https:\/\/webseldonusum.net\/tema\/psikoloji\/wp-content\/uploads\/2024\/04\/ttmn3-copyright.jpg 1200w\" sizes=\"(max-width: 120px) 100vw, 120px\" \/><\/div>\n\t\t\t\t<div class=\"sc_testimonials_item_author_data\">\n\t\t\t<h4 class=\"sc_testimonials_item_author_title\">Ay\u015fe Y\u0131lmaz<\/h4>\n\t\t\t<div class=\"sc_testimonials_item_author_subtitle\">\u00d6\u011fretmen<\/div>\t\t<\/div>\n\t<\/div>\n<\/div>\n<\/div><\/div><\/div><!-- \/.sc_testimonials -->\t\t\t\t<\/div>\n\t\t\t\t<\/div>\n\t\t\t\t<div class=\"elementor-element elementor-element-387c826 sc_height_huge sc_fly_static elementor-widget elementor-widget-spacer\" data-id=\"387c826\" data-element_type=\"widget\" data-widget_type=\"spacer.default\">\n\t\t\t\t<div class=\"elementor-widget-container\">\n\t\t\t\t\t\t\t<div class=\"elementor-spacer\">\n\t\t\t<div class=\"elementor-spacer-inner\"><\/div>\n\t\t<\/div>\n\t\t\t\t\t\t<\/div>\n\t\t\t\t<\/div>\n\t\t\t\t<div class=\"elementor-element elementor-element-766ad25 sc_fly_static elementor-widget elementor-widget-spacer\" data-id=\"766ad25\" data-element_type=\"widget\" data-widget_type=\"spacer.default\">\n\t\t\t\t<div class=\"elementor-widget-container\">\n\t\t\t\t\t\t\t<div class=\"elementor-spacer\">\n\t\t\t<div class=\"elementor-spacer-inner\"><\/div>\n\t\t<\/div>\n\t\t\t\t\t\t<\/div>\n\t\t\t\t<\/div>\n\t\t\t\t<div class=\"elementor-element elementor-element-4ae6b4e elementor-widget__width-auto elementor-widget-tablet__width-auto elementor-absolute sc_fly_static elementor-widget elementor-widget-image\" data-id=\"4ae6b4e\" data-element_type=\"widget\" data-settings=\"{&quot;_position&quot;:&quot;absolute&quot;}\" data-widget_type=\"image.default\">\n\t\t\t\t<div class=\"elementor-widget-container\">\n\t\t\t\t\t\t\t\t\t\t\t\t\t\t\t<img decoding=\"async\" src=\"https:\/\/webseldonusum.net\/tema\/psikoloji\/wp-content\/uploads\/2024\/09\/new-ellipse-small.svg\" title=\"\" alt=\"\" loading=\"lazy\" \/>\t\t\t\t\t\t\t\t\t\t\t\t\t\t\t<\/div>\n\t\t\t\t<\/div>\n\t\t\t\t\t<\/div>\n\t\t<\/div>\n\t\t\t\t\t<\/div>\n\t\t<\/section>\n\t\t\t\t<\/div>\n\t\t","protected":false},"excerpt":{"rendered":"<p>Discover psychology Sosyal dinamiklerin ruh sa\u011fl\u0131\u011f\u0131 ve ki\u015fisel kimlik \u00fczerindeki etkisi g\u00f6r\u00fc\u015f ve yorumlar Dan\u0131\u015fanlar\u0131m\u0131z ne dedi? \u0130\u015f hayat\u0131n\u0131n getirdi\u011fi yo\u011fun bask\u0131 ve t\u00fckenmi\u015flik hissiyle m\u00fccadele ediyordum. Bireysel terapiye ba\u015flama&hellip;<\/p>\n","protected":false},"author":1,"featured_media":0,"parent":0,"menu_order":0,"comment_status":"closed","ping_status":"closed","template":"","meta":{"footnotes":""},"class_list":["post-61366","page","type-page","status-publish","hentry"],"_links":{"self":[{"href":"https:\/\/webseldonusum.net\/tema\/psikoloji\/wp-json\/wp\/v2\/pages\/61366","targetHints":{"allow":["GET"]}}],"collection":[{"href":"https:\/\/webseldonusum.net\/tema\/psikoloji\/wp-json\/wp\/v2\/pages"}],"about":[{"href":"https:\/\/webseldonusum.net\/tema\/psikoloji\/wp-json\/wp\/v2\/types\/page"}],"author":[{"embeddable":true,"href":"https:\/\/webseldonusum.net\/tema\/psikoloji\/wp-json\/wp\/v2\/users\/1"}],"replies":[{"embeddable":true,"href":"https:\/\/webseldonusum.net\/tema\/psikoloji\/wp-json\/wp\/v2\/comments?post=61366"}],"version-history":[{"count":10,"href":"https:\/\/webseldonusum.net\/tema\/psikoloji\/wp-json\/wp\/v2\/pages\/61366\/revisions"}],"predecessor-version":[{"id":66794,"href":"https:\/\/webseldonusum.net\/tema\/psikoloji\/wp-json\/wp\/v2\/pages\/61366\/revisions\/66794"}],"wp:attachment":[{"href":"https:\/\/webseldonusum.net\/tema\/psikoloji\/wp-json\/wp\/v2\/media?parent=61366"}],"curies":[{"name":"wp","href":"https:\/\/api.w.org\/{rel}","templated":true}]}}